{"id":10413,"date":"2023-12-15T15:46:23","date_gmt":"2023-12-15T14:46:23","guid":{"rendered":"https:\/\/passione500.it\/?post_type=product&#038;p=10413"},"modified":"2025-07-25T14:44:55","modified_gmt":"2025-07-25T12:44:55","slug":"schaltknauf-schwarz-metall-fiat-500-anpassungsfahig","status":"publish","type":"product","link":"https:\/\/passione500.it\/de\/fiat-500-de\/fiat-autobianchi-500-giardiniera-de\/innere-teile-giard-de\/schaltknauf-schwarz-metall-fiat-500-anpassungsfahig\/","title":{"rendered":"Schaltknauf Schwarz Metall Fiat 500 (Anpassungsf\u00e4hig)"},"content":{"rendered":"<h4>F\u00fcr ein komplettes Auto muss 1 St\u00fcck gekauft werden<\/h4>\n<h4>\u2013 Kompatibles Ersatzteil, das jedoch nicht in der Originalkonfiguration des Fahrzeugs verwendet wird (Zubeh\u00f6r)<\/h4>\n","protected":false},"excerpt":{"rendered":"<p>Prodotto in offerta fino a maggio.<\/p>\n","protected":false},"featured_media":10423,"template":"","meta":{"_et_pb_use_builder":"","_et_pb_old_content":"","_et_gb_content_width":""},"product_brand":[],"product_cat":[2108,2547,2109,786,2110,2111,2112,2041,2042,2484,1573,2038,2039,2040,2167,2580,912,2163,2164,2165,2166],"product_tag":[],"class_list":{"0":"post-10413","1":"product","2":"type-product","3":"status-publish","4":"has-post-thumbnail","6":"product_cat-getriebe-d-de","7":"product_cat-getriebe-tt-de","8":"product_cat-getriebe-f-de","9":"product_cat-getriebe-n-de","10":"product_cat-getriebe-l-de","11":"product_cat-getriebe-r-de","12":"product_cat-getriebe-giard-de","13":"product_cat-innere-teile-r-de","14":"product_cat-innere-teile-giard-de","15":"product_cat-innere-teile-tt-de","16":"product_cat-innere-teile-n-de","17":"product_cat-innere-teile-d-de","18":"product_cat-innere-teile-f-de","19":"product_cat-innere-teile-l-de","20":"product_cat-sport-ersatzteile-giard-de","21":"product_cat-sport-ersatzteile-tt-de","22":"product_cat-sport-ersatzteile-n-de","23":"product_cat-sport-ersatzteile-d-de","24":"product_cat-sport-ersatzteile-f-de","25":"product_cat-sport-ersatzteile-l-de","26":"product_cat-sport-ersatzteile-r-de","27":"product_shipping_class-versand-1","29":"first","30":"instock","31":"taxable","32":"shipping-taxable","33":"purchasable","34":"product-type-simple"},"yoast_head":"<!-- This site is optimized with the Yoast SEO plugin v27.2 - https:\/\/yoast.com\/product\/yoast-seo-wordpress\/ -->\n<title>Schaltknauf Fiat 500 | Passione 500<\/title>\n<meta name=\"description\" content=\"Finden Sie die Schaltknauf f\u00fcr Fiat 500 auf unserer Website. \u00dcber 3.000 Ersatzteile auf Lager.PROFITIEREN SIE VON UNSEREN ANGEBOTEN ! %\" \/>\n<meta name=\"robots\" content=\"index, follow, max-snippet:-1, max-image-preview:large, max-video-preview:-1\" \/>\n<link rel=\"canonical\" href=\"https:\/\/passione500.it\/de\/fiat-500-de\/fiat-autobianchi-500-giardiniera-de\/innere-teile-giard-de\/schaltknauf-schwarz-metall-fiat-500-anpassungsfahig\/\" \/>\n<meta property=\"og:locale\" content=\"de_DE\" \/>\n<meta property=\"og:type\" content=\"article\" \/>\n<meta property=\"og:title\" content=\"Schaltknauf Fiat 500 | Passione 500\" \/>\n<meta property=\"og:description\" content=\"Finden Sie die Schaltknauf f\u00fcr Fiat 500 auf unserer Website. \u00dcber 3.000 Ersatzteile auf Lager.PROFITIEREN SIE VON UNSEREN ANGEBOTEN ! %\" \/>\n<meta property=\"og:url\" content=\"https:\/\/passione500.it\/de\/fiat-500-de\/fiat-autobianchi-500-giardiniera-de\/innere-teile-giard-de\/schaltknauf-schwarz-metall-fiat-500-anpassungsfahig\/\" \/>\n<meta property=\"og:site_name\" content=\"Passione 500\" \/>\n<meta property=\"article:modified_time\" content=\"2025-07-25T12:44:55+00:00\" \/>\n<meta property=\"og:image\" content=\"https:\/\/passione500.it\/wp-content\/uploads\/2023\/12\/IMG_7176.jpg\" \/>\n\t<meta property=\"og:image:width\" content=\"2048\" \/>\n\t<meta property=\"og:image:height\" content=\"1536\" \/>\n\t<meta property=\"og:image:type\" content=\"image\/jpeg\" \/>\n<meta name=\"twitter:card\" content=\"summary_large_image\" \/>\n<meta name=\"twitter:label1\" content=\"Gesch\u00e4tzte Lesezeit\" \/>\n\t<meta name=\"twitter:data1\" content=\"1\u00a0Minute\" \/>\n<script type=\"application\/ld+json\" class=\"yoast-schema-graph\">{\"@context\":\"https:\/\/schema.org\",\"@graph\":[{\"@type\":\"WebPage\",\"@id\":\"https:\/\/passione500.it\/de\/fiat-500-de\/fiat-autobianchi-500-giardiniera-de\/innere-teile-giard-de\/schaltknauf-schwarz-metall-fiat-500-anpassungsfahig\/\",\"url\":\"https:\/\/passione500.it\/de\/fiat-500-de\/fiat-autobianchi-500-giardiniera-de\/innere-teile-giard-de\/schaltknauf-schwarz-metall-fiat-500-anpassungsfahig\/\",\"name\":\"Schaltknauf Fiat 500 | Passione 500\",\"isPartOf\":{\"@id\":\"https:\/\/passione500.it\/de\/#website\"},\"primaryImageOfPage\":{\"@id\":\"https:\/\/passione500.it\/de\/fiat-500-de\/fiat-autobianchi-500-giardiniera-de\/innere-teile-giard-de\/schaltknauf-schwarz-metall-fiat-500-anpassungsfahig\/#primaryimage\"},\"image\":{\"@id\":\"https:\/\/passione500.it\/de\/fiat-500-de\/fiat-autobianchi-500-giardiniera-de\/innere-teile-giard-de\/schaltknauf-schwarz-metall-fiat-500-anpassungsfahig\/#primaryimage\"},\"thumbnailUrl\":\"https:\/\/passione500.it\/wp-content\/uploads\/2023\/12\/IMG_7176.jpg\",\"datePublished\":\"2023-12-15T14:46:23+00:00\",\"dateModified\":\"2025-07-25T12:44:55+00:00\",\"description\":\"Finden Sie die Schaltknauf f\u00fcr Fiat 500 auf unserer Website. \u00dcber 3.000 Ersatzteile auf Lager.PROFITIEREN SIE VON UNSEREN ANGEBOTEN ! %\",\"breadcrumb\":{\"@id\":\"https:\/\/passione500.it\/de\/fiat-500-de\/fiat-autobianchi-500-giardiniera-de\/innere-teile-giard-de\/schaltknauf-schwarz-metall-fiat-500-anpassungsfahig\/#breadcrumb\"},\"inLanguage\":\"de\",\"potentialAction\":[{\"@type\":\"ReadAction\",\"target\":[\"https:\/\/passione500.it\/de\/fiat-500-de\/fiat-autobianchi-500-giardiniera-de\/innere-teile-giard-de\/schaltknauf-schwarz-metall-fiat-500-anpassungsfahig\/\"]}]},{\"@type\":\"ImageObject\",\"inLanguage\":\"de\",\"@id\":\"https:\/\/passione500.it\/de\/fiat-500-de\/fiat-autobianchi-500-giardiniera-de\/innere-teile-giard-de\/schaltknauf-schwarz-metall-fiat-500-anpassungsfahig\/#primaryimage\",\"url\":\"https:\/\/passione500.it\/wp-content\/uploads\/2023\/12\/IMG_7176.jpg\",\"contentUrl\":\"https:\/\/passione500.it\/wp-content\/uploads\/2023\/12\/IMG_7176.jpg\",\"width\":2048,\"height\":1536,\"caption\":\"pomello cambio nero metallo Fiat 500 F L\"},{\"@type\":\"BreadcrumbList\",\"@id\":\"https:\/\/passione500.it\/de\/fiat-500-de\/fiat-autobianchi-500-giardiniera-de\/innere-teile-giard-de\/schaltknauf-schwarz-metall-fiat-500-anpassungsfahig\/#breadcrumb\",\"itemListElement\":[{\"@type\":\"ListItem\",\"position\":1,\"name\":\"Home\",\"item\":\"https:\/\/passione500.it\/de\/\"},{\"@type\":\"ListItem\",\"position\":2,\"name\":\"Fiat 500\",\"item\":\"https:\/\/passione500.it\/de\/fiat-500-de\/\"},{\"@type\":\"ListItem\",\"position\":3,\"name\":\"Fiat und Autobianchi 500 Giardiniera\",\"item\":\"https:\/\/passione500.it\/de\/fiat-500-de\/fiat-autobianchi-500-giardiniera-de\/\"},{\"@type\":\"ListItem\",\"position\":4,\"name\":\"Innere Teile\",\"item\":\"https:\/\/passione500.it\/de\/fiat-500-de\/fiat-autobianchi-500-giardiniera-de\/innere-teile-giard-de\/\"},{\"@type\":\"ListItem\",\"position\":5,\"name\":\"Schaltknauf Schwarz Metall Fiat 500 (Anpassungsf\u00e4hig)\"}]},{\"@type\":\"WebSite\",\"@id\":\"https:\/\/passione500.it\/de\/#website\",\"url\":\"https:\/\/passione500.it\/de\/\",\"name\":\"Passione 500\",\"description\":\"Ricambi Fiat 500 d&#039;Epoca\",\"publisher\":{\"@id\":\"https:\/\/passione500.it\/de\/#organization\"},\"potentialAction\":[{\"@type\":\"SearchAction\",\"target\":{\"@type\":\"EntryPoint\",\"urlTemplate\":\"https:\/\/passione500.it\/de\/?s={search_term_string}\"},\"query-input\":{\"@type\":\"PropertyValueSpecification\",\"valueRequired\":true,\"valueName\":\"search_term_string\"}}],\"inLanguage\":\"de\"},{\"@type\":\"Organization\",\"@id\":\"https:\/\/passione500.it\/de\/#organization\",\"name\":\"Passione 500\",\"url\":\"https:\/\/passione500.it\/de\/\",\"logo\":{\"@type\":\"ImageObject\",\"inLanguage\":\"de\",\"@id\":\"https:\/\/passione500.it\/de\/#\/schema\/logo\/image\/\",\"url\":\"https:\/\/passione500.it\/wp-content\/uploads\/2025\/12\/PASSIONE-LOGO-APPROVATO.png\",\"contentUrl\":\"https:\/\/passione500.it\/wp-content\/uploads\/2025\/12\/PASSIONE-LOGO-APPROVATO.png\",\"width\":348,\"height\":125,\"caption\":\"Passione 500\"},\"image\":{\"@id\":\"https:\/\/passione500.it\/de\/#\/schema\/logo\/image\/\"}}]}<\/script>\n<!-- \/ Yoast SEO plugin. -->","yoast_head_json":{"title":"Schaltknauf Fiat 500 | Passione 500","description":"Finden Sie die Schaltknauf f\u00fcr Fiat 500 auf unserer Website. \u00dcber 3.000 Ersatzteile auf Lager.PROFITIEREN SIE VON UNSEREN ANGEBOTEN ! %","robots":{"index":"index","follow":"follow","max-snippet":"max-snippet:-1","max-image-preview":"max-image-preview:large","max-video-preview":"max-video-preview:-1"},"canonical":"https:\/\/passione500.it\/de\/fiat-500-de\/fiat-autobianchi-500-giardiniera-de\/innere-teile-giard-de\/schaltknauf-schwarz-metall-fiat-500-anpassungsfahig\/","og_locale":"de_DE","og_type":"article","og_title":"Schaltknauf Fiat 500 | Passione 500","og_description":"Finden Sie die Schaltknauf f\u00fcr Fiat 500 auf unserer Website. \u00dcber 3.000 Ersatzteile auf Lager.PROFITIEREN SIE VON UNSEREN ANGEBOTEN ! %","og_url":"https:\/\/passione500.it\/de\/fiat-500-de\/fiat-autobianchi-500-giardiniera-de\/innere-teile-giard-de\/schaltknauf-schwarz-metall-fiat-500-anpassungsfahig\/","og_site_name":"Passione 500","article_modified_time":"2025-07-25T12:44:55+00:00","og_image":[{"width":2048,"height":1536,"url":"https:\/\/passione500.it\/wp-content\/uploads\/2023\/12\/IMG_7176.jpg","type":"image\/jpeg"}],"twitter_card":"summary_large_image","twitter_misc":{"Gesch\u00e4tzte Lesezeit":"1\u00a0Minute"},"schema":{"@context":"https:\/\/schema.org","@graph":[{"@type":"WebPage","@id":"https:\/\/passione500.it\/de\/fiat-500-de\/fiat-autobianchi-500-giardiniera-de\/innere-teile-giard-de\/schaltknauf-schwarz-metall-fiat-500-anpassungsfahig\/","url":"https:\/\/passione500.it\/de\/fiat-500-de\/fiat-autobianchi-500-giardiniera-de\/innere-teile-giard-de\/schaltknauf-schwarz-metall-fiat-500-anpassungsfahig\/","name":"Schaltknauf Fiat 500 | Passione 500","isPartOf":{"@id":"https:\/\/passione500.it\/de\/#website"},"primaryImageOfPage":{"@id":"https:\/\/passione500.it\/de\/fiat-500-de\/fiat-autobianchi-500-giardiniera-de\/innere-teile-giard-de\/schaltknauf-schwarz-metall-fiat-500-anpassungsfahig\/#primaryimage"},"image":{"@id":"https:\/\/passione500.it\/de\/fiat-500-de\/fiat-autobianchi-500-giardiniera-de\/innere-teile-giard-de\/schaltknauf-schwarz-metall-fiat-500-anpassungsfahig\/#primaryimage"},"thumbnailUrl":"https:\/\/passione500.it\/wp-content\/uploads\/2023\/12\/IMG_7176.jpg","datePublished":"2023-12-15T14:46:23+00:00","dateModified":"2025-07-25T12:44:55+00:00","description":"Finden Sie die Schaltknauf f\u00fcr Fiat 500 auf unserer Website. \u00dcber 3.000 Ersatzteile auf Lager.PROFITIEREN SIE VON UNSEREN ANGEBOTEN ! %","breadcrumb":{"@id":"https:\/\/passione500.it\/de\/fiat-500-de\/fiat-autobianchi-500-giardiniera-de\/innere-teile-giard-de\/schaltknauf-schwarz-metall-fiat-500-anpassungsfahig\/#breadcrumb"},"inLanguage":"de","potentialAction":[{"@type":"ReadAction","target":["https:\/\/passione500.it\/de\/fiat-500-de\/fiat-autobianchi-500-giardiniera-de\/innere-teile-giard-de\/schaltknauf-schwarz-metall-fiat-500-anpassungsfahig\/"]}]},{"@type":"ImageObject","inLanguage":"de","@id":"https:\/\/passione500.it\/de\/fiat-500-de\/fiat-autobianchi-500-giardiniera-de\/innere-teile-giard-de\/schaltknauf-schwarz-metall-fiat-500-anpassungsfahig\/#primaryimage","url":"https:\/\/passione500.it\/wp-content\/uploads\/2023\/12\/IMG_7176.jpg","contentUrl":"https:\/\/passione500.it\/wp-content\/uploads\/2023\/12\/IMG_7176.jpg","width":2048,"height":1536,"caption":"pomello cambio nero metallo Fiat 500 F L"},{"@type":"BreadcrumbList","@id":"https:\/\/passione500.it\/de\/fiat-500-de\/fiat-autobianchi-500-giardiniera-de\/innere-teile-giard-de\/schaltknauf-schwarz-metall-fiat-500-anpassungsfahig\/#breadcrumb","itemListElement":[{"@type":"ListItem","position":1,"name":"Home","item":"https:\/\/passione500.it\/de\/"},{"@type":"ListItem","position":2,"name":"Fiat 500","item":"https:\/\/passione500.it\/de\/fiat-500-de\/"},{"@type":"ListItem","position":3,"name":"Fiat und Autobianchi 500 Giardiniera","item":"https:\/\/passione500.it\/de\/fiat-500-de\/fiat-autobianchi-500-giardiniera-de\/"},{"@type":"ListItem","position":4,"name":"Innere Teile","item":"https:\/\/passione500.it\/de\/fiat-500-de\/fiat-autobianchi-500-giardiniera-de\/innere-teile-giard-de\/"},{"@type":"ListItem","position":5,"name":"Schaltknauf Schwarz Metall Fiat 500 (Anpassungsf\u00e4hig)"}]},{"@type":"WebSite","@id":"https:\/\/passione500.it\/de\/#website","url":"https:\/\/passione500.it\/de\/","name":"Passione 500","description":"Ricambi Fiat 500 d&#039;Epoca","publisher":{"@id":"https:\/\/passione500.it\/de\/#organization"},"potentialAction":[{"@type":"SearchAction","target":{"@type":"EntryPoint","urlTemplate":"https:\/\/passione500.it\/de\/?s={search_term_string}"},"query-input":{"@type":"PropertyValueSpecification","valueRequired":true,"valueName":"search_term_string"}}],"inLanguage":"de"},{"@type":"Organization","@id":"https:\/\/passione500.it\/de\/#organization","name":"Passione 500","url":"https:\/\/passione500.it\/de\/","logo":{"@type":"ImageObject","inLanguage":"de","@id":"https:\/\/passione500.it\/de\/#\/schema\/logo\/image\/","url":"https:\/\/passione500.it\/wp-content\/uploads\/2025\/12\/PASSIONE-LOGO-APPROVATO.png","contentUrl":"https:\/\/passione500.it\/wp-content\/uploads\/2025\/12\/PASSIONE-LOGO-APPROVATO.png","width":348,"height":125,"caption":"Passione 500"},"image":{"@id":"https:\/\/passione500.it\/de\/#\/schema\/logo\/image\/"}}]}},"_links":{"self":[{"href":"https:\/\/passione500.it\/de\/wp-json\/wp\/v2\/product\/10413","targetHints":{"allow":["GET"]}}],"collection":[{"href":"https:\/\/passione500.it\/de\/wp-json\/wp\/v2\/product"}],"about":[{"href":"https:\/\/passione500.it\/de\/wp-json\/wp\/v2\/types\/product"}],"wp:featuredmedia":[{"embeddable":true,"href":"https:\/\/passione500.it\/de\/wp-json\/wp\/v2\/media\/10423"}],"wp:attachment":[{"href":"https:\/\/passione500.it\/de\/wp-json\/wp\/v2\/media?parent=10413"}],"wp:term":[{"taxonomy":"product_brand","embeddable":true,"href":"https:\/\/passione500.it\/de\/wp-json\/wp\/v2\/product_brand?post=10413"},{"taxonomy":"product_cat","embeddable":true,"href":"https:\/\/passione500.it\/de\/wp-json\/wp\/v2\/product_cat?post=10413"},{"taxonomy":"product_tag","embeddable":true,"href":"https:\/\/passione500.it\/de\/wp-json\/wp\/v2\/product_tag?post=10413"}],"curies":[{"name":"wp","href":"https:\/\/api.w.org\/{rel}","templated":true}]}}