{"id":19344,"date":"2024-06-27T11:44:24","date_gmt":"2024-06-27T09:45:56","guid":{"rendered":"https:\/\/passione500.it\/?post_type=product&#038;p=19344"},"modified":"2024-06-27T16:36:24","modified_gmt":"2024-06-27T14:36:24","slug":"gummidurchfuehrung-mit-dichtlippe-oe-19-21-mm-bohrung-fiat-500","status":"publish","type":"product","link":"https:\/\/passione500.it\/de\/fiat-500-de\/fiat-500-n-de\/blechteile-n-de\/vorderer-abschnitt-blechteile-n-de\/gummidurchfuehrung-mit-dichtlippe-oe-19-21-mm-bohrung-fiat-500\/","title":{"rendered":"Gummidurchf\u00fchrung mit Dichtlippe &#8211; \u00d8 19\/21 mm Bohrung &#8211; Fiat 500"},"content":{"rendered":"<h4>F\u00fcr ein komplettes Auto muss 4\/6 St\u00fccks gekauft werden<\/h4>\n","protected":false},"excerpt":{"rendered":"<p>Prodotto in offerta fino a maggio.<\/p>\n","protected":false},"featured_media":19333,"template":"","meta":{"_et_pb_use_builder":"","_et_pb_old_content":"","_et_gb_content_width":""},"product_brand":[],"product_cat":[837,2143,639,840,2144,843,2145,2146,2147,2568,888,831,1490,833,2403,1493,2406,2508,1361,643,1364,698,855,1367,715,857,1370,860,1373,2148,863,1481,2149,866,2571,1484,2150,1487,2151,903,2152,2153,2154,2155,2156,2157,2574,906,2048,2514,2049,2050,721,2051,2052,2538,2088,2089,774,2090,2091,2092,2057,2517,726,2053,2054,2055,2056,2058,2059,2060,2061,2520,2062,750,909,2158,2159,2160,2161,2162,2577],"product_tag":[],"class_list":{"0":"post-19344","1":"product","2":"type-product","3":"status-publish","4":"has-post-thumbnail","6":"product_cat-vorderer-abschnitt-blechteile-l-de","7":"product_cat-hydraulische-bremsteile-d-de","8":"product_cat-vorderer-abschnitt-blechteile-n-de","9":"product_cat-vorderer-abschnitt-blechteile-r-de","10":"product_cat-hydraulische-bremsteile-f-de","11":"product_cat-vorderer-abschnitt-blechteile-giardiniera-de","12":"product_cat-hydraulische-bremsteile-l-de","13":"product_cat-hydraulische-bremsteile-r-de","14":"product_cat-hydraulische-bremsteile-giard-de","15":"product_cat-hydraulische-bremsteile-tt-de","16":"product_cat-hydraulische-bremsteile-n-de","17":"product_cat-vorderer-abschnitt-blechteile-d-de","18":"product_cat-anlasser-und-sostiges-elektrische-system-r-de","19":"product_cat-vorderer-abschnitt-blechteile-f-de","20":"product_cat-vorderer-abschnitt-tt-de","21":"product_cat-anlasser-und-sostiges-elektrische-system-giardiniera-de","22":"product_cat-rueckseite-abschnitt-tt-de","23":"product_cat-anlasser-und-sonstiges-tt-de","24":"product_cat-ruckbeleuchtung-beleuchtung-und-leuchtmittel-d-de","25":"product_cat-rueckseite-abschnitt-blechteile-n-de","26":"product_cat-ruckbeleuchtung-beleuchtung-und-leuchtmittel-f-de","27":"product_cat-ruckbeleuchtung-beleuchtung-und-leuchtmittel-n-de","28":"product_cat-rueckseite-abschnitt-blechteile-d-de","29":"product_cat-ruckbeleuchtung-beleuchtung-und-leuchtmittel-l-de","30":"product_cat-anlasser-und-sostiges-elektrische-system-n-de","31":"product_cat-rueckseite-abschnitt-blechteile-f-de","32":"product_cat-ruckbeleuchtung-beleuchtung-und-leuchtmittel-r-de","33":"product_cat-rueckseite-abschnitt-blechteile-l-de","34":"product_cat-ruckbeleuchtung-beleuchtung-und-leuchtmittel-giardiniera-de","35":"product_cat-bremsanlage-vorne-d-de","36":"product_cat-rueckseite-abschnitt-blechteile-r-de","37":"product_cat-anlasser-und-sostiges-elektrische-system-d-de","38":"product_cat-bremsanlage-vorne-f-de","39":"product_cat-rueckseite-abschnitt-blechteile-giardiniera-de","40":"product_cat-bremsanlage-vorne-tt-de","41":"product_cat-anlasser-und-sostiges-elektrische-system-f-de","42":"product_cat-bremsanlage-vorne-l-de","43":"product_cat-anlasser-und-sostiges-elektrische-system-l-de","44":"product_cat-bremsanlage-vorne-r-de","45":"product_cat-bremsanlage-vorne-n-de","46":"product_cat-bremsanlage-vorne-giard-de","47":"product_cat-bremsanlage-hinten-d-de","48":"product_cat-bremsanlage-hinten-f-de","49":"product_cat-bremsanlage-hinten-l-de","50":"product_cat-bremsanlage-hinten-r-de","51":"product_cat-bremsanlage-hinten-giard-de","52":"product_cat-bremsanlage-hinten-tt-de","53":"product_cat-bremsanlage-hinten-n-de","54":"product_cat-elektrische-system-sonstiges-d-de","55":"product_cat-elektrische-system-sonstiges-tt-de","56":"product_cat-elektrische-system-sonstiges-f-de","57":"product_cat-elektrische-system-sonstiges-l-de","58":"product_cat-elektrische-system-sonstiges-n-de","59":"product_cat-elektrische-system-sonstiges-r-de","60":"product_cat-elektrische-system-sonstiges-giard-de","61":"product_cat-benzinanlage-und-vergaser-tt-de","62":"product_cat-benzinanlage-und-vergaser-d-de","63":"product_cat-benzinanlage-und-vergaser-f-de","64":"product_cat-benzinanlage-und-vergaser-n-de","65":"product_cat-benzinanlage-und-vergaser-l-de","66":"product_cat-benzinanlage-und-vergaser-r-de","67":"product_cat-benzinanlage-und-vergaser-giard-de","68":"product_cat-scheibenwaschanlage-giard-de","69":"product_cat-scheibenwaschanlage-tt-de","70":"product_cat-scheibenwaschanlage-n-de","71":"product_cat-scheibenwaschanlage-d-de","72":"product_cat-scheibenwaschanlage-f-de","73":"product_cat-scheibenwaschanlage-l-de","74":"product_cat-scheibenwaschanlage-r-de","75":"product_cat-gummiteile-d-de","76":"product_cat-gummiteile-f-de","77":"product_cat-gummiteile-l-de","78":"product_cat-gummiteile-r-de","79":"product_cat-gummiteile-tt-de","80":"product_cat-gummiteile-giard-de","81":"product_cat-gummiteile-n-de","82":"product_cat-seilzuege-n-de","83":"product_cat-seilzuege-d-de","84":"product_cat-seilzuege-f-de","85":"product_cat-seilzuege-l-de","86":"product_cat-seilzuege-r-de","87":"product_cat-seilzuege-giard-de","88":"product_cat-seilzuege-tt-de","89":"product_shipping_class-versand-1","91":"first","92":"instock","93":"taxable","94":"shipping-taxable","95":"purchasable","96":"product-type-simple"},"yoast_head":"<!-- This site is optimized with the Yoast SEO plugin v27.2 - https:\/\/yoast.com\/product\/yoast-seo-wordpress\/ -->\n<title>Gummidurchf\u00fchrung Dichtlippe Fiat 500 | Passione 500<\/title>\n<meta name=\"description\" content=\"Finden Sie die Gummidurchf\u00fchrung Dichtlippe f\u00fcr Fiat 500 auf unserer Website. \u00dcber 3.000 Ersatzteile auf Lager.PROFITIEREN SIE VON UNSEREN ANGEBOTEN ! %\" \/>\n<meta name=\"robots\" content=\"index, follow, max-snippet:-1, max-image-preview:large, max-video-preview:-1\" \/>\n<link rel=\"canonical\" href=\"https:\/\/passione500.it\/de\/fiat-500-de\/fiat-500-n-de\/blechteile-n-de\/vorderer-abschnitt-blechteile-n-de\/gummidurchfuehrung-mit-dichtlippe-oe-19-21-mm-bohrung-fiat-500\/\" \/>\n<meta property=\"og:locale\" content=\"de_DE\" \/>\n<meta property=\"og:type\" content=\"article\" \/>\n<meta property=\"og:title\" content=\"Gummidurchf\u00fchrung Dichtlippe Fiat 500 | Passione 500\" \/>\n<meta property=\"og:description\" content=\"Finden Sie die Gummidurchf\u00fchrung Dichtlippe f\u00fcr Fiat 500 auf unserer Website. \u00dcber 3.000 Ersatzteile auf Lager.PROFITIEREN SIE VON UNSEREN ANGEBOTEN ! %\" \/>\n<meta property=\"og:url\" content=\"https:\/\/passione500.it\/de\/fiat-500-de\/fiat-500-n-de\/blechteile-n-de\/vorderer-abschnitt-blechteile-n-de\/gummidurchfuehrung-mit-dichtlippe-oe-19-21-mm-bohrung-fiat-500\/\" \/>\n<meta property=\"og:site_name\" content=\"Passione 500\" \/>\n<meta property=\"article:modified_time\" content=\"2024-06-27T14:36:24+00:00\" \/>\n<meta property=\"og:image\" content=\"https:\/\/passione500.it\/wp-content\/uploads\/2024\/06\/passacavo-tipo-2-1.jpg\" \/>\n\t<meta property=\"og:image:width\" content=\"2048\" \/>\n\t<meta property=\"og:image:height\" content=\"1536\" \/>\n\t<meta property=\"og:image:type\" content=\"image\/jpeg\" \/>\n<meta name=\"twitter:card\" content=\"summary_large_image\" \/>\n<meta name=\"twitter:label1\" content=\"Gesch\u00e4tzte Lesezeit\" \/>\n\t<meta name=\"twitter:data1\" content=\"1\u00a0Minute\" \/>\n<script type=\"application\/ld+json\" class=\"yoast-schema-graph\">{\"@context\":\"https:\/\/schema.org\",\"@graph\":[{\"@type\":\"WebPage\",\"@id\":\"https:\/\/passione500.it\/de\/fiat-500-de\/fiat-500-n-de\/blechteile-n-de\/vorderer-abschnitt-blechteile-n-de\/gummidurchfuehrung-mit-dichtlippe-oe-19-21-mm-bohrung-fiat-500\/\",\"url\":\"https:\/\/passione500.it\/de\/fiat-500-de\/fiat-500-n-de\/blechteile-n-de\/vorderer-abschnitt-blechteile-n-de\/gummidurchfuehrung-mit-dichtlippe-oe-19-21-mm-bohrung-fiat-500\/\",\"name\":\"Gummidurchf\u00fchrung Dichtlippe Fiat 500 | Passione 500\",\"isPartOf\":{\"@id\":\"https:\/\/passione500.it\/de\/#website\"},\"primaryImageOfPage\":{\"@id\":\"https:\/\/passione500.it\/de\/fiat-500-de\/fiat-500-n-de\/blechteile-n-de\/vorderer-abschnitt-blechteile-n-de\/gummidurchfuehrung-mit-dichtlippe-oe-19-21-mm-bohrung-fiat-500\/#primaryimage\"},\"image\":{\"@id\":\"https:\/\/passione500.it\/de\/fiat-500-de\/fiat-500-n-de\/blechteile-n-de\/vorderer-abschnitt-blechteile-n-de\/gummidurchfuehrung-mit-dichtlippe-oe-19-21-mm-bohrung-fiat-500\/#primaryimage\"},\"thumbnailUrl\":\"https:\/\/passione500.it\/wp-content\/uploads\/2024\/06\/passacavo-tipo-2-1.jpg\",\"datePublished\":\"2024-06-27T09:45:56+00:00\",\"dateModified\":\"2024-06-27T14:36:24+00:00\",\"description\":\"Finden Sie die Gummidurchf\u00fchrung Dichtlippe f\u00fcr Fiat 500 auf unserer Website. \u00dcber 3.000 Ersatzteile auf Lager.PROFITIEREN SIE VON UNSEREN ANGEBOTEN ! %\",\"breadcrumb\":{\"@id\":\"https:\/\/passione500.it\/de\/fiat-500-de\/fiat-500-n-de\/blechteile-n-de\/vorderer-abschnitt-blechteile-n-de\/gummidurchfuehrung-mit-dichtlippe-oe-19-21-mm-bohrung-fiat-500\/#breadcrumb\"},\"inLanguage\":\"de\",\"potentialAction\":[{\"@type\":\"ReadAction\",\"target\":[\"https:\/\/passione500.it\/de\/fiat-500-de\/fiat-500-n-de\/blechteile-n-de\/vorderer-abschnitt-blechteile-n-de\/gummidurchfuehrung-mit-dichtlippe-oe-19-21-mm-bohrung-fiat-500\/\"]}]},{\"@type\":\"ImageObject\",\"inLanguage\":\"de\",\"@id\":\"https:\/\/passione500.it\/de\/fiat-500-de\/fiat-500-n-de\/blechteile-n-de\/vorderer-abschnitt-blechteile-n-de\/gummidurchfuehrung-mit-dichtlippe-oe-19-21-mm-bohrung-fiat-500\/#primaryimage\",\"url\":\"https:\/\/passione500.it\/wp-content\/uploads\/2024\/06\/passacavo-tipo-2-1.jpg\",\"contentUrl\":\"https:\/\/passione500.it\/wp-content\/uploads\/2024\/06\/passacavo-tipo-2-1.jpg\",\"width\":2048,\"height\":1536,\"caption\":\"gommino passacavo 20 mm Fiat 500\"},{\"@type\":\"BreadcrumbList\",\"@id\":\"https:\/\/passione500.it\/de\/fiat-500-de\/fiat-500-n-de\/blechteile-n-de\/vorderer-abschnitt-blechteile-n-de\/gummidurchfuehrung-mit-dichtlippe-oe-19-21-mm-bohrung-fiat-500\/#breadcrumb\",\"itemListElement\":[{\"@type\":\"ListItem\",\"position\":1,\"name\":\"Home\",\"item\":\"https:\/\/passione500.it\/de\/\"},{\"@type\":\"ListItem\",\"position\":2,\"name\":\"Fiat 500\",\"item\":\"https:\/\/passione500.it\/de\/fiat-500-de\/\"},{\"@type\":\"ListItem\",\"position\":3,\"name\":\"Fiat 500 N\",\"item\":\"https:\/\/passione500.it\/de\/fiat-500-de\/fiat-500-n-de\/\"},{\"@type\":\"ListItem\",\"position\":4,\"name\":\"Blechteile\",\"item\":\"https:\/\/passione500.it\/de\/fiat-500-de\/fiat-500-n-de\/blechteile-n-de\/\"},{\"@type\":\"ListItem\",\"position\":5,\"name\":\"Vorderer abschnitt\",\"item\":\"https:\/\/passione500.it\/de\/fiat-500-de\/fiat-500-n-de\/blechteile-n-de\/vorderer-abschnitt-blechteile-n-de\/\"},{\"@type\":\"ListItem\",\"position\":6,\"name\":\"Gummidurchf\u00fchrung mit Dichtlippe &#8211; \u00d8 19\/21 mm Bohrung &#8211; Fiat 500\"}]},{\"@type\":\"WebSite\",\"@id\":\"https:\/\/passione500.it\/de\/#website\",\"url\":\"https:\/\/passione500.it\/de\/\",\"name\":\"Passione 500\",\"description\":\"Ricambi Fiat 500 d&#039;Epoca\",\"publisher\":{\"@id\":\"https:\/\/passione500.it\/de\/#organization\"},\"potentialAction\":[{\"@type\":\"SearchAction\",\"target\":{\"@type\":\"EntryPoint\",\"urlTemplate\":\"https:\/\/passione500.it\/de\/?s={search_term_string}\"},\"query-input\":{\"@type\":\"PropertyValueSpecification\",\"valueRequired\":true,\"valueName\":\"search_term_string\"}}],\"inLanguage\":\"de\"},{\"@type\":\"Organization\",\"@id\":\"https:\/\/passione500.it\/de\/#organization\",\"name\":\"Passione 500\",\"url\":\"https:\/\/passione500.it\/de\/\",\"logo\":{\"@type\":\"ImageObject\",\"inLanguage\":\"de\",\"@id\":\"https:\/\/passione500.it\/de\/#\/schema\/logo\/image\/\",\"url\":\"https:\/\/passione500.it\/wp-content\/uploads\/2025\/12\/PASSIONE-LOGO-APPROVATO.png\",\"contentUrl\":\"https:\/\/passione500.it\/wp-content\/uploads\/2025\/12\/PASSIONE-LOGO-APPROVATO.png\",\"width\":348,\"height\":125,\"caption\":\"Passione 500\"},\"image\":{\"@id\":\"https:\/\/passione500.it\/de\/#\/schema\/logo\/image\/\"}}]}<\/script>\n<!-- \/ Yoast SEO plugin. -->","yoast_head_json":{"title":"Gummidurchf\u00fchrung Dichtlippe Fiat 500 | Passione 500","description":"Finden Sie die Gummidurchf\u00fchrung Dichtlippe f\u00fcr Fiat 500 auf unserer Website. \u00dcber 3.000 Ersatzteile auf Lager.PROFITIEREN SIE VON UNSEREN ANGEBOTEN ! %","robots":{"index":"index","follow":"follow","max-snippet":"max-snippet:-1","max-image-preview":"max-image-preview:large","max-video-preview":"max-video-preview:-1"},"canonical":"https:\/\/passione500.it\/de\/fiat-500-de\/fiat-500-n-de\/blechteile-n-de\/vorderer-abschnitt-blechteile-n-de\/gummidurchfuehrung-mit-dichtlippe-oe-19-21-mm-bohrung-fiat-500\/","og_locale":"de_DE","og_type":"article","og_title":"Gummidurchf\u00fchrung Dichtlippe Fiat 500 | Passione 500","og_description":"Finden Sie die Gummidurchf\u00fchrung Dichtlippe f\u00fcr Fiat 500 auf unserer Website. \u00dcber 3.000 Ersatzteile auf Lager.PROFITIEREN SIE VON UNSEREN ANGEBOTEN ! %","og_url":"https:\/\/passione500.it\/de\/fiat-500-de\/fiat-500-n-de\/blechteile-n-de\/vorderer-abschnitt-blechteile-n-de\/gummidurchfuehrung-mit-dichtlippe-oe-19-21-mm-bohrung-fiat-500\/","og_site_name":"Passione 500","article_modified_time":"2024-06-27T14:36:24+00:00","og_image":[{"width":2048,"height":1536,"url":"https:\/\/passione500.it\/wp-content\/uploads\/2024\/06\/passacavo-tipo-2-1.jpg","type":"image\/jpeg"}],"twitter_card":"summary_large_image","twitter_misc":{"Gesch\u00e4tzte Lesezeit":"1\u00a0Minute"},"schema":{"@context":"https:\/\/schema.org","@graph":[{"@type":"WebPage","@id":"https:\/\/passione500.it\/de\/fiat-500-de\/fiat-500-n-de\/blechteile-n-de\/vorderer-abschnitt-blechteile-n-de\/gummidurchfuehrung-mit-dichtlippe-oe-19-21-mm-bohrung-fiat-500\/","url":"https:\/\/passione500.it\/de\/fiat-500-de\/fiat-500-n-de\/blechteile-n-de\/vorderer-abschnitt-blechteile-n-de\/gummidurchfuehrung-mit-dichtlippe-oe-19-21-mm-bohrung-fiat-500\/","name":"Gummidurchf\u00fchrung Dichtlippe Fiat 500 | Passione 500","isPartOf":{"@id":"https:\/\/passione500.it\/de\/#website"},"primaryImageOfPage":{"@id":"https:\/\/passione500.it\/de\/fiat-500-de\/fiat-500-n-de\/blechteile-n-de\/vorderer-abschnitt-blechteile-n-de\/gummidurchfuehrung-mit-dichtlippe-oe-19-21-mm-bohrung-fiat-500\/#primaryimage"},"image":{"@id":"https:\/\/passione500.it\/de\/fiat-500-de\/fiat-500-n-de\/blechteile-n-de\/vorderer-abschnitt-blechteile-n-de\/gummidurchfuehrung-mit-dichtlippe-oe-19-21-mm-bohrung-fiat-500\/#primaryimage"},"thumbnailUrl":"https:\/\/passione500.it\/wp-content\/uploads\/2024\/06\/passacavo-tipo-2-1.jpg","datePublished":"2024-06-27T09:45:56+00:00","dateModified":"2024-06-27T14:36:24+00:00","description":"Finden Sie die Gummidurchf\u00fchrung Dichtlippe f\u00fcr Fiat 500 auf unserer Website. \u00dcber 3.000 Ersatzteile auf Lager.PROFITIEREN SIE VON UNSEREN ANGEBOTEN ! %","breadcrumb":{"@id":"https:\/\/passione500.it\/de\/fiat-500-de\/fiat-500-n-de\/blechteile-n-de\/vorderer-abschnitt-blechteile-n-de\/gummidurchfuehrung-mit-dichtlippe-oe-19-21-mm-bohrung-fiat-500\/#breadcrumb"},"inLanguage":"de","potentialAction":[{"@type":"ReadAction","target":["https:\/\/passione500.it\/de\/fiat-500-de\/fiat-500-n-de\/blechteile-n-de\/vorderer-abschnitt-blechteile-n-de\/gummidurchfuehrung-mit-dichtlippe-oe-19-21-mm-bohrung-fiat-500\/"]}]},{"@type":"ImageObject","inLanguage":"de","@id":"https:\/\/passione500.it\/de\/fiat-500-de\/fiat-500-n-de\/blechteile-n-de\/vorderer-abschnitt-blechteile-n-de\/gummidurchfuehrung-mit-dichtlippe-oe-19-21-mm-bohrung-fiat-500\/#primaryimage","url":"https:\/\/passione500.it\/wp-content\/uploads\/2024\/06\/passacavo-tipo-2-1.jpg","contentUrl":"https:\/\/passione500.it\/wp-content\/uploads\/2024\/06\/passacavo-tipo-2-1.jpg","width":2048,"height":1536,"caption":"gommino passacavo 20 mm Fiat 500"},{"@type":"BreadcrumbList","@id":"https:\/\/passione500.it\/de\/fiat-500-de\/fiat-500-n-de\/blechteile-n-de\/vorderer-abschnitt-blechteile-n-de\/gummidurchfuehrung-mit-dichtlippe-oe-19-21-mm-bohrung-fiat-500\/#breadcrumb","itemListElement":[{"@type":"ListItem","position":1,"name":"Home","item":"https:\/\/passione500.it\/de\/"},{"@type":"ListItem","position":2,"name":"Fiat 500","item":"https:\/\/passione500.it\/de\/fiat-500-de\/"},{"@type":"ListItem","position":3,"name":"Fiat 500 N","item":"https:\/\/passione500.it\/de\/fiat-500-de\/fiat-500-n-de\/"},{"@type":"ListItem","position":4,"name":"Blechteile","item":"https:\/\/passione500.it\/de\/fiat-500-de\/fiat-500-n-de\/blechteile-n-de\/"},{"@type":"ListItem","position":5,"name":"Vorderer abschnitt","item":"https:\/\/passione500.it\/de\/fiat-500-de\/fiat-500-n-de\/blechteile-n-de\/vorderer-abschnitt-blechteile-n-de\/"},{"@type":"ListItem","position":6,"name":"Gummidurchf\u00fchrung mit Dichtlippe &#8211; \u00d8 19\/21 mm Bohrung &#8211; Fiat 500"}]},{"@type":"WebSite","@id":"https:\/\/passione500.it\/de\/#website","url":"https:\/\/passione500.it\/de\/","name":"Passione 500","description":"Ricambi Fiat 500 d&#039;Epoca","publisher":{"@id":"https:\/\/passione500.it\/de\/#organization"},"potentialAction":[{"@type":"SearchAction","target":{"@type":"EntryPoint","urlTemplate":"https:\/\/passione500.it\/de\/?s={search_term_string}"},"query-input":{"@type":"PropertyValueSpecification","valueRequired":true,"valueName":"search_term_string"}}],"inLanguage":"de"},{"@type":"Organization","@id":"https:\/\/passione500.it\/de\/#organization","name":"Passione 500","url":"https:\/\/passione500.it\/de\/","logo":{"@type":"ImageObject","inLanguage":"de","@id":"https:\/\/passione500.it\/de\/#\/schema\/logo\/image\/","url":"https:\/\/passione500.it\/wp-content\/uploads\/2025\/12\/PASSIONE-LOGO-APPROVATO.png","contentUrl":"https:\/\/passione500.it\/wp-content\/uploads\/2025\/12\/PASSIONE-LOGO-APPROVATO.png","width":348,"height":125,"caption":"Passione 500"},"image":{"@id":"https:\/\/passione500.it\/de\/#\/schema\/logo\/image\/"}}]}},"_links":{"self":[{"href":"https:\/\/passione500.it\/de\/wp-json\/wp\/v2\/product\/19344","targetHints":{"allow":["GET"]}}],"collection":[{"href":"https:\/\/passione500.it\/de\/wp-json\/wp\/v2\/product"}],"about":[{"href":"https:\/\/passione500.it\/de\/wp-json\/wp\/v2\/types\/product"}],"wp:featuredmedia":[{"embeddable":true,"href":"https:\/\/passione500.it\/de\/wp-json\/wp\/v2\/media\/19333"}],"wp:attachment":[{"href":"https:\/\/passione500.it\/de\/wp-json\/wp\/v2\/media?parent=19344"}],"wp:term":[{"taxonomy":"product_brand","embeddable":true,"href":"https:\/\/passione500.it\/de\/wp-json\/wp\/v2\/product_brand?post=19344"},{"taxonomy":"product_cat","embeddable":true,"href":"https:\/\/passione500.it\/de\/wp-json\/wp\/v2\/product_cat?post=19344"},{"taxonomy":"product_tag","embeddable":true,"href":"https:\/\/passione500.it\/de\/wp-json\/wp\/v2\/product_tag?post=19344"}],"curies":[{"name":"wp","href":"https:\/\/api.w.org\/{rel}","templated":true}]}}