{"id":21948,"date":"2024-08-30T17:20:37","date_gmt":"2024-08-30T15:20:38","guid":{"rendered":"https:\/\/passione500.it\/?post_type=product&#038;p=21948"},"modified":"2024-08-30T17:40:57","modified_gmt":"2024-08-30T15:40:57","slug":"kappe-auf-motorblock-fuer-elektrische-benzinpumpe-fiat-500-d-von-motor-n-332432-f-l-r-giardiniera-anpassungsfaehig","status":"publish","type":"product","link":"https:\/\/passione500.it\/de\/fiat-500-de\/fiat-autobianchi-500-giardiniera-de\/motorteile-giard-de\/benzinanlage-und-vergaser-giard-de\/kappe-auf-motorblock-fuer-elektrische-benzinpumpe-fiat-500-d-von-motor-n-332432-f-l-r-giardiniera-anpassungsfaehig\/","title":{"rendered":"Kappe auf Motorblock f\u00fcr Elektrische Benzinpumpe Fiat 500 D (von motor n.\u00b0 332432 ) &#8211; F &#8211; L &#8211; R &#8211; Giardiniera \/ (Anpassungsf\u00e4hig)"},"content":{"rendered":"<h4>F\u00fcr ein komplettes Auto muss 1 St\u00fcck gekauft werden<\/h4>\n<h4>\u2013 Kompatibles Ersatzteil, das jedoch nicht in der Originalkonfiguration des Fahrzeugs verwendet wird (Zubeh\u00f6r)<\/h4>\n<p>&nbsp;<\/p>\n","protected":false},"excerpt":{"rendered":"<p>Prodotto in offerta fino a maggio.<\/p>\n","protected":false},"featured_media":21942,"template":"","meta":{"_et_pb_use_builder":"","_et_pb_old_content":"","_et_gb_content_width":""},"product_brand":[],"product_cat":[2088,2089,2090,2091,2092,2538,2163,2164,2165,2166,2167,2580],"product_tag":[],"class_list":{"0":"post-21948","1":"product","2":"type-product","3":"status-publish","4":"has-post-thumbnail","6":"product_cat-benzinanlage-und-vergaser-d-de","7":"product_cat-benzinanlage-und-vergaser-f-de","8":"product_cat-benzinanlage-und-vergaser-l-de","9":"product_cat-benzinanlage-und-vergaser-r-de","10":"product_cat-benzinanlage-und-vergaser-giard-de","11":"product_cat-benzinanlage-und-vergaser-tt-de","12":"product_cat-sport-ersatzteile-d-de","13":"product_cat-sport-ersatzteile-f-de","14":"product_cat-sport-ersatzteile-l-de","15":"product_cat-sport-ersatzteile-r-de","16":"product_cat-sport-ersatzteile-giard-de","17":"product_cat-sport-ersatzteile-tt-de","18":"product_shipping_class-versand-1","20":"first","21":"instock","22":"taxable","23":"shipping-taxable","24":"purchasable","25":"product-type-simple"},"yoast_head":"<!-- This site is optimized with the Yoast SEO plugin v27.2 - https:\/\/yoast.com\/product\/yoast-seo-wordpress\/ -->\n<title>Kappe Elektrische Benzinpumpe Fiat 500 | Passione 500<\/title>\n<meta name=\"description\" content=\"Finden Sie die Kappe Elektrische Benzinpumpe f\u00fcr Fiat 500 auf unserer Website. \u00dcber 3.000 Ersatzteile auf Lager.PROFITIEREN SIE VON UNSEREN ANGEBOTEN ! %\" \/>\n<meta name=\"robots\" content=\"index, follow, max-snippet:-1, max-image-preview:large, max-video-preview:-1\" \/>\n<link rel=\"canonical\" href=\"https:\/\/passione500.it\/de\/fiat-500-de\/fiat-autobianchi-500-giardiniera-de\/motorteile-giard-de\/benzinanlage-und-vergaser-giard-de\/kappe-auf-motorblock-fuer-elektrische-benzinpumpe-fiat-500-d-von-motor-n-332432-f-l-r-giardiniera-anpassungsfaehig\/\" \/>\n<meta property=\"og:locale\" content=\"de_DE\" \/>\n<meta property=\"og:type\" content=\"article\" \/>\n<meta property=\"og:title\" content=\"Kappe Elektrische Benzinpumpe Fiat 500 | Passione 500\" \/>\n<meta property=\"og:description\" content=\"Finden Sie die Kappe Elektrische Benzinpumpe f\u00fcr Fiat 500 auf unserer Website. \u00dcber 3.000 Ersatzteile auf Lager.PROFITIEREN SIE VON UNSEREN ANGEBOTEN ! %\" \/>\n<meta property=\"og:url\" content=\"https:\/\/passione500.it\/de\/fiat-500-de\/fiat-autobianchi-500-giardiniera-de\/motorteile-giard-de\/benzinanlage-und-vergaser-giard-de\/kappe-auf-motorblock-fuer-elektrische-benzinpumpe-fiat-500-d-von-motor-n-332432-f-l-r-giardiniera-anpassungsfaehig\/\" \/>\n<meta property=\"og:site_name\" content=\"Passione 500\" \/>\n<meta property=\"article:modified_time\" content=\"2024-08-30T15:40:57+00:00\" \/>\n<meta property=\"og:image\" content=\"https:\/\/passione500.it\/wp-content\/uploads\/2024\/08\/image0-2.jpg\" \/>\n\t<meta property=\"og:image:width\" content=\"2048\" \/>\n\t<meta property=\"og:image:height\" content=\"1536\" \/>\n\t<meta property=\"og:image:type\" content=\"image\/jpeg\" \/>\n<meta name=\"twitter:card\" content=\"summary_large_image\" \/>\n<meta name=\"twitter:label1\" content=\"Gesch\u00e4tzte Lesezeit\" \/>\n\t<meta name=\"twitter:data1\" content=\"1\u00a0Minute\" \/>\n<script type=\"application\/ld+json\" class=\"yoast-schema-graph\">{\"@context\":\"https:\/\/schema.org\",\"@graph\":[{\"@type\":\"WebPage\",\"@id\":\"https:\/\/passione500.it\/de\/fiat-500-de\/fiat-autobianchi-500-giardiniera-de\/motorteile-giard-de\/benzinanlage-und-vergaser-giard-de\/kappe-auf-motorblock-fuer-elektrische-benzinpumpe-fiat-500-d-von-motor-n-332432-f-l-r-giardiniera-anpassungsfaehig\/\",\"url\":\"https:\/\/passione500.it\/de\/fiat-500-de\/fiat-autobianchi-500-giardiniera-de\/motorteile-giard-de\/benzinanlage-und-vergaser-giard-de\/kappe-auf-motorblock-fuer-elektrische-benzinpumpe-fiat-500-d-von-motor-n-332432-f-l-r-giardiniera-anpassungsfaehig\/\",\"name\":\"Kappe Elektrische Benzinpumpe Fiat 500 | Passione 500\",\"isPartOf\":{\"@id\":\"https:\/\/passione500.it\/de\/#website\"},\"primaryImageOfPage\":{\"@id\":\"https:\/\/passione500.it\/de\/fiat-500-de\/fiat-autobianchi-500-giardiniera-de\/motorteile-giard-de\/benzinanlage-und-vergaser-giard-de\/kappe-auf-motorblock-fuer-elektrische-benzinpumpe-fiat-500-d-von-motor-n-332432-f-l-r-giardiniera-anpassungsfaehig\/#primaryimage\"},\"image\":{\"@id\":\"https:\/\/passione500.it\/de\/fiat-500-de\/fiat-autobianchi-500-giardiniera-de\/motorteile-giard-de\/benzinanlage-und-vergaser-giard-de\/kappe-auf-motorblock-fuer-elektrische-benzinpumpe-fiat-500-d-von-motor-n-332432-f-l-r-giardiniera-anpassungsfaehig\/#primaryimage\"},\"thumbnailUrl\":\"https:\/\/passione500.it\/wp-content\/uploads\/2024\/08\/image0-2.jpg\",\"datePublished\":\"2024-08-30T15:20:38+00:00\",\"dateModified\":\"2024-08-30T15:40:57+00:00\",\"description\":\"Finden Sie die Kappe Elektrische Benzinpumpe f\u00fcr Fiat 500 auf unserer Website. \u00dcber 3.000 Ersatzteile auf Lager.PROFITIEREN SIE VON UNSEREN ANGEBOTEN ! %\",\"breadcrumb\":{\"@id\":\"https:\/\/passione500.it\/de\/fiat-500-de\/fiat-autobianchi-500-giardiniera-de\/motorteile-giard-de\/benzinanlage-und-vergaser-giard-de\/kappe-auf-motorblock-fuer-elektrische-benzinpumpe-fiat-500-d-von-motor-n-332432-f-l-r-giardiniera-anpassungsfaehig\/#breadcrumb\"},\"inLanguage\":\"de\",\"potentialAction\":[{\"@type\":\"ReadAction\",\"target\":[\"https:\/\/passione500.it\/de\/fiat-500-de\/fiat-autobianchi-500-giardiniera-de\/motorteile-giard-de\/benzinanlage-und-vergaser-giard-de\/kappe-auf-motorblock-fuer-elektrische-benzinpumpe-fiat-500-d-von-motor-n-332432-f-l-r-giardiniera-anpassungsfaehig\/\"]}]},{\"@type\":\"ImageObject\",\"inLanguage\":\"de\",\"@id\":\"https:\/\/passione500.it\/de\/fiat-500-de\/fiat-autobianchi-500-giardiniera-de\/motorteile-giard-de\/benzinanlage-und-vergaser-giard-de\/kappe-auf-motorblock-fuer-elektrische-benzinpumpe-fiat-500-d-von-motor-n-332432-f-l-r-giardiniera-anpassungsfaehig\/#primaryimage\",\"url\":\"https:\/\/passione500.it\/wp-content\/uploads\/2024\/08\/image0-2.jpg\",\"contentUrl\":\"https:\/\/passione500.it\/wp-content\/uploads\/2024\/08\/image0-2.jpg\",\"width\":2048,\"height\":1536,\"caption\":\"tappo pompa benzina Fiat 500\"},{\"@type\":\"BreadcrumbList\",\"@id\":\"https:\/\/passione500.it\/de\/fiat-500-de\/fiat-autobianchi-500-giardiniera-de\/motorteile-giard-de\/benzinanlage-und-vergaser-giard-de\/kappe-auf-motorblock-fuer-elektrische-benzinpumpe-fiat-500-d-von-motor-n-332432-f-l-r-giardiniera-anpassungsfaehig\/#breadcrumb\",\"itemListElement\":[{\"@type\":\"ListItem\",\"position\":1,\"name\":\"Home\",\"item\":\"https:\/\/passione500.it\/de\/\"},{\"@type\":\"ListItem\",\"position\":2,\"name\":\"Fiat 500\",\"item\":\"https:\/\/passione500.it\/de\/fiat-500-de\/\"},{\"@type\":\"ListItem\",\"position\":3,\"name\":\"Fiat und Autobianchi 500 Giardiniera\",\"item\":\"https:\/\/passione500.it\/de\/fiat-500-de\/fiat-autobianchi-500-giardiniera-de\/\"},{\"@type\":\"ListItem\",\"position\":4,\"name\":\"Motorteile\",\"item\":\"https:\/\/passione500.it\/de\/fiat-500-de\/fiat-autobianchi-500-giardiniera-de\/motorteile-giard-de\/\"},{\"@type\":\"ListItem\",\"position\":5,\"name\":\"Benzinanlage und Vergaser\",\"item\":\"https:\/\/passione500.it\/de\/fiat-500-de\/fiat-autobianchi-500-giardiniera-de\/motorteile-giard-de\/benzinanlage-und-vergaser-giard-de\/\"},{\"@type\":\"ListItem\",\"position\":6,\"name\":\"Kappe auf Motorblock f\u00fcr Elektrische Benzinpumpe Fiat 500 D (von motor n.\u00b0 332432 ) &#8211; F &#8211; L &#8211; R &#8211; Giardiniera \/ (Anpassungsf\u00e4hig)\"}]},{\"@type\":\"WebSite\",\"@id\":\"https:\/\/passione500.it\/de\/#website\",\"url\":\"https:\/\/passione500.it\/de\/\",\"name\":\"Passione 500\",\"description\":\"Ricambi Fiat 500 d&#039;Epoca\",\"publisher\":{\"@id\":\"https:\/\/passione500.it\/de\/#organization\"},\"potentialAction\":[{\"@type\":\"SearchAction\",\"target\":{\"@type\":\"EntryPoint\",\"urlTemplate\":\"https:\/\/passione500.it\/de\/?s={search_term_string}\"},\"query-input\":{\"@type\":\"PropertyValueSpecification\",\"valueRequired\":true,\"valueName\":\"search_term_string\"}}],\"inLanguage\":\"de\"},{\"@type\":\"Organization\",\"@id\":\"https:\/\/passione500.it\/de\/#organization\",\"name\":\"Passione 500\",\"url\":\"https:\/\/passione500.it\/de\/\",\"logo\":{\"@type\":\"ImageObject\",\"inLanguage\":\"de\",\"@id\":\"https:\/\/passione500.it\/de\/#\/schema\/logo\/image\/\",\"url\":\"https:\/\/passione500.it\/wp-content\/uploads\/2025\/12\/PASSIONE-LOGO-APPROVATO.png\",\"contentUrl\":\"https:\/\/passione500.it\/wp-content\/uploads\/2025\/12\/PASSIONE-LOGO-APPROVATO.png\",\"width\":348,\"height\":125,\"caption\":\"Passione 500\"},\"image\":{\"@id\":\"https:\/\/passione500.it\/de\/#\/schema\/logo\/image\/\"}}]}<\/script>\n<!-- \/ Yoast SEO plugin. -->","yoast_head_json":{"title":"Kappe Elektrische Benzinpumpe Fiat 500 | Passione 500","description":"Finden Sie die Kappe Elektrische Benzinpumpe f\u00fcr Fiat 500 auf unserer Website. \u00dcber 3.000 Ersatzteile auf Lager.PROFITIEREN SIE VON UNSEREN ANGEBOTEN ! %","robots":{"index":"index","follow":"follow","max-snippet":"max-snippet:-1","max-image-preview":"max-image-preview:large","max-video-preview":"max-video-preview:-1"},"canonical":"https:\/\/passione500.it\/de\/fiat-500-de\/fiat-autobianchi-500-giardiniera-de\/motorteile-giard-de\/benzinanlage-und-vergaser-giard-de\/kappe-auf-motorblock-fuer-elektrische-benzinpumpe-fiat-500-d-von-motor-n-332432-f-l-r-giardiniera-anpassungsfaehig\/","og_locale":"de_DE","og_type":"article","og_title":"Kappe Elektrische Benzinpumpe Fiat 500 | Passione 500","og_description":"Finden Sie die Kappe Elektrische Benzinpumpe f\u00fcr Fiat 500 auf unserer Website. \u00dcber 3.000 Ersatzteile auf Lager.PROFITIEREN SIE VON UNSEREN ANGEBOTEN ! %","og_url":"https:\/\/passione500.it\/de\/fiat-500-de\/fiat-autobianchi-500-giardiniera-de\/motorteile-giard-de\/benzinanlage-und-vergaser-giard-de\/kappe-auf-motorblock-fuer-elektrische-benzinpumpe-fiat-500-d-von-motor-n-332432-f-l-r-giardiniera-anpassungsfaehig\/","og_site_name":"Passione 500","article_modified_time":"2024-08-30T15:40:57+00:00","og_image":[{"width":2048,"height":1536,"url":"https:\/\/passione500.it\/wp-content\/uploads\/2024\/08\/image0-2.jpg","type":"image\/jpeg"}],"twitter_card":"summary_large_image","twitter_misc":{"Gesch\u00e4tzte Lesezeit":"1\u00a0Minute"},"schema":{"@context":"https:\/\/schema.org","@graph":[{"@type":"WebPage","@id":"https:\/\/passione500.it\/de\/fiat-500-de\/fiat-autobianchi-500-giardiniera-de\/motorteile-giard-de\/benzinanlage-und-vergaser-giard-de\/kappe-auf-motorblock-fuer-elektrische-benzinpumpe-fiat-500-d-von-motor-n-332432-f-l-r-giardiniera-anpassungsfaehig\/","url":"https:\/\/passione500.it\/de\/fiat-500-de\/fiat-autobianchi-500-giardiniera-de\/motorteile-giard-de\/benzinanlage-und-vergaser-giard-de\/kappe-auf-motorblock-fuer-elektrische-benzinpumpe-fiat-500-d-von-motor-n-332432-f-l-r-giardiniera-anpassungsfaehig\/","name":"Kappe Elektrische Benzinpumpe Fiat 500 | Passione 500","isPartOf":{"@id":"https:\/\/passione500.it\/de\/#website"},"primaryImageOfPage":{"@id":"https:\/\/passione500.it\/de\/fiat-500-de\/fiat-autobianchi-500-giardiniera-de\/motorteile-giard-de\/benzinanlage-und-vergaser-giard-de\/kappe-auf-motorblock-fuer-elektrische-benzinpumpe-fiat-500-d-von-motor-n-332432-f-l-r-giardiniera-anpassungsfaehig\/#primaryimage"},"image":{"@id":"https:\/\/passione500.it\/de\/fiat-500-de\/fiat-autobianchi-500-giardiniera-de\/motorteile-giard-de\/benzinanlage-und-vergaser-giard-de\/kappe-auf-motorblock-fuer-elektrische-benzinpumpe-fiat-500-d-von-motor-n-332432-f-l-r-giardiniera-anpassungsfaehig\/#primaryimage"},"thumbnailUrl":"https:\/\/passione500.it\/wp-content\/uploads\/2024\/08\/image0-2.jpg","datePublished":"2024-08-30T15:20:38+00:00","dateModified":"2024-08-30T15:40:57+00:00","description":"Finden Sie die Kappe Elektrische Benzinpumpe f\u00fcr Fiat 500 auf unserer Website. \u00dcber 3.000 Ersatzteile auf Lager.PROFITIEREN SIE VON UNSEREN ANGEBOTEN ! %","breadcrumb":{"@id":"https:\/\/passione500.it\/de\/fiat-500-de\/fiat-autobianchi-500-giardiniera-de\/motorteile-giard-de\/benzinanlage-und-vergaser-giard-de\/kappe-auf-motorblock-fuer-elektrische-benzinpumpe-fiat-500-d-von-motor-n-332432-f-l-r-giardiniera-anpassungsfaehig\/#breadcrumb"},"inLanguage":"de","potentialAction":[{"@type":"ReadAction","target":["https:\/\/passione500.it\/de\/fiat-500-de\/fiat-autobianchi-500-giardiniera-de\/motorteile-giard-de\/benzinanlage-und-vergaser-giard-de\/kappe-auf-motorblock-fuer-elektrische-benzinpumpe-fiat-500-d-von-motor-n-332432-f-l-r-giardiniera-anpassungsfaehig\/"]}]},{"@type":"ImageObject","inLanguage":"de","@id":"https:\/\/passione500.it\/de\/fiat-500-de\/fiat-autobianchi-500-giardiniera-de\/motorteile-giard-de\/benzinanlage-und-vergaser-giard-de\/kappe-auf-motorblock-fuer-elektrische-benzinpumpe-fiat-500-d-von-motor-n-332432-f-l-r-giardiniera-anpassungsfaehig\/#primaryimage","url":"https:\/\/passione500.it\/wp-content\/uploads\/2024\/08\/image0-2.jpg","contentUrl":"https:\/\/passione500.it\/wp-content\/uploads\/2024\/08\/image0-2.jpg","width":2048,"height":1536,"caption":"tappo pompa benzina Fiat 500"},{"@type":"BreadcrumbList","@id":"https:\/\/passione500.it\/de\/fiat-500-de\/fiat-autobianchi-500-giardiniera-de\/motorteile-giard-de\/benzinanlage-und-vergaser-giard-de\/kappe-auf-motorblock-fuer-elektrische-benzinpumpe-fiat-500-d-von-motor-n-332432-f-l-r-giardiniera-anpassungsfaehig\/#breadcrumb","itemListElement":[{"@type":"ListItem","position":1,"name":"Home","item":"https:\/\/passione500.it\/de\/"},{"@type":"ListItem","position":2,"name":"Fiat 500","item":"https:\/\/passione500.it\/de\/fiat-500-de\/"},{"@type":"ListItem","position":3,"name":"Fiat und Autobianchi 500 Giardiniera","item":"https:\/\/passione500.it\/de\/fiat-500-de\/fiat-autobianchi-500-giardiniera-de\/"},{"@type":"ListItem","position":4,"name":"Motorteile","item":"https:\/\/passione500.it\/de\/fiat-500-de\/fiat-autobianchi-500-giardiniera-de\/motorteile-giard-de\/"},{"@type":"ListItem","position":5,"name":"Benzinanlage und Vergaser","item":"https:\/\/passione500.it\/de\/fiat-500-de\/fiat-autobianchi-500-giardiniera-de\/motorteile-giard-de\/benzinanlage-und-vergaser-giard-de\/"},{"@type":"ListItem","position":6,"name":"Kappe auf Motorblock f\u00fcr Elektrische Benzinpumpe Fiat 500 D (von motor n.\u00b0 332432 ) &#8211; F &#8211; L &#8211; R &#8211; Giardiniera \/ (Anpassungsf\u00e4hig)"}]},{"@type":"WebSite","@id":"https:\/\/passione500.it\/de\/#website","url":"https:\/\/passione500.it\/de\/","name":"Passione 500","description":"Ricambi Fiat 500 d&#039;Epoca","publisher":{"@id":"https:\/\/passione500.it\/de\/#organization"},"potentialAction":[{"@type":"SearchAction","target":{"@type":"EntryPoint","urlTemplate":"https:\/\/passione500.it\/de\/?s={search_term_string}"},"query-input":{"@type":"PropertyValueSpecification","valueRequired":true,"valueName":"search_term_string"}}],"inLanguage":"de"},{"@type":"Organization","@id":"https:\/\/passione500.it\/de\/#organization","name":"Passione 500","url":"https:\/\/passione500.it\/de\/","logo":{"@type":"ImageObject","inLanguage":"de","@id":"https:\/\/passione500.it\/de\/#\/schema\/logo\/image\/","url":"https:\/\/passione500.it\/wp-content\/uploads\/2025\/12\/PASSIONE-LOGO-APPROVATO.png","contentUrl":"https:\/\/passione500.it\/wp-content\/uploads\/2025\/12\/PASSIONE-LOGO-APPROVATO.png","width":348,"height":125,"caption":"Passione 500"},"image":{"@id":"https:\/\/passione500.it\/de\/#\/schema\/logo\/image\/"}}]}},"_links":{"self":[{"href":"https:\/\/passione500.it\/de\/wp-json\/wp\/v2\/product\/21948","targetHints":{"allow":["GET"]}}],"collection":[{"href":"https:\/\/passione500.it\/de\/wp-json\/wp\/v2\/product"}],"about":[{"href":"https:\/\/passione500.it\/de\/wp-json\/wp\/v2\/types\/product"}],"wp:featuredmedia":[{"embeddable":true,"href":"https:\/\/passione500.it\/de\/wp-json\/wp\/v2\/media\/21942"}],"wp:attachment":[{"href":"https:\/\/passione500.it\/de\/wp-json\/wp\/v2\/media?parent=21948"}],"wp:term":[{"taxonomy":"product_brand","embeddable":true,"href":"https:\/\/passione500.it\/de\/wp-json\/wp\/v2\/product_brand?post=21948"},{"taxonomy":"product_cat","embeddable":true,"href":"https:\/\/passione500.it\/de\/wp-json\/wp\/v2\/product_cat?post=21948"},{"taxonomy":"product_tag","embeddable":true,"href":"https:\/\/passione500.it\/de\/wp-json\/wp\/v2\/product_tag?post=21948"}],"curies":[{"name":"wp","href":"https:\/\/api.w.org\/{rel}","templated":true}]}}