{"id":23840,"date":"2024-10-07T17:06:58","date_gmt":"2024-10-07T15:06:59","guid":{"rendered":"https:\/\/passione500.it\/?post_type=product&#038;p=23840"},"modified":"2024-10-07T17:13:37","modified_gmt":"2024-10-07T15:13:37","slug":"kunststoffbuechse-unten-motoraufhaengung-fiat-500-r","status":"publish","type":"product","link":"https:\/\/passione500.it\/de\/fiat-500-de\/fiat-500-tt-de\/motorteile-tt-de\/hauptteile-und-motor-aufhaengung-tt-de\/kunststoffbuechse-unten-motoraufhaengung-fiat-500-r\/","title":{"rendered":"Kunststoffb\u00fcchse unten Motoraufh\u00e4ngung Fiat 500 R"},"content":{"rendered":"<h4>F\u00fcr ein komplettes Auto muss 1 St\u00fcck gekauft werden<\/h4>\n<p>&nbsp;<\/p>\n","protected":false},"excerpt":{"rendered":"<p>Prodotto in offerta fino a maggio.<\/p>\n","protected":false},"featured_media":23823,"template":"","meta":{"_et_pb_use_builder":"","_et_pb_old_content":"","_et_gb_content_width":""},"product_brand":[],"product_cat":[2086,2535,2061,2520],"product_tag":[],"class_list":{"0":"post-23840","1":"product","2":"type-product","3":"status-publish","4":"has-post-thumbnail","6":"product_cat-hauptteile-und-motor-aufhaengung-r-de","7":"product_cat-hauptteile-und-motor-aufhaengung-tt-de","8":"product_cat-gummiteile-r-de","9":"product_cat-gummiteile-tt-de","10":"product_shipping_class-versand-1","12":"first","13":"instock","14":"taxable","15":"shipping-taxable","16":"purchasable","17":"product-type-simple"},"yoast_head":"<!-- This site is optimized with the Yoast SEO plugin v27.2 - https:\/\/yoast.com\/product\/yoast-seo-wordpress\/ -->\n<title>Gummib\u00fcchse Motoraufh\u00e4ngung Fiat 500 | Passione 500<\/title>\n<meta name=\"description\" content=\"Finden Sie die Gummib\u00fcchse Motoraufh\u00e4ngung f\u00fcr Fiat 500 auf unserer Website. \u00dcber 3.000 Ersatzteile auf Lager.PROFITIEREN SIE VON UNSEREN ANGEBOTEN ! %\" \/>\n<meta name=\"robots\" content=\"index, follow, max-snippet:-1, max-image-preview:large, max-video-preview:-1\" \/>\n<link rel=\"canonical\" href=\"https:\/\/passione500.it\/de\/fiat-500-de\/fiat-500-tt-de\/motorteile-tt-de\/hauptteile-und-motor-aufhaengung-tt-de\/kunststoffbuechse-unten-motoraufhaengung-fiat-500-r\/\" \/>\n<meta property=\"og:locale\" content=\"de_DE\" \/>\n<meta property=\"og:type\" content=\"article\" \/>\n<meta property=\"og:title\" content=\"Gummib\u00fcchse Motoraufh\u00e4ngung Fiat 500 | Passione 500\" \/>\n<meta property=\"og:description\" content=\"Finden Sie die Gummib\u00fcchse Motoraufh\u00e4ngung f\u00fcr Fiat 500 auf unserer Website. \u00dcber 3.000 Ersatzteile auf Lager.PROFITIEREN SIE VON UNSEREN ANGEBOTEN ! %\" \/>\n<meta property=\"og:url\" content=\"https:\/\/passione500.it\/de\/fiat-500-de\/fiat-500-tt-de\/motorteile-tt-de\/hauptteile-und-motor-aufhaengung-tt-de\/kunststoffbuechse-unten-motoraufhaengung-fiat-500-r\/\" \/>\n<meta property=\"og:site_name\" content=\"Passione 500\" \/>\n<meta property=\"article:modified_time\" content=\"2024-10-07T15:13:37+00:00\" \/>\n<meta property=\"og:image\" content=\"https:\/\/passione500.it\/wp-content\/uploads\/2024\/10\/4304959.jpg\" \/>\n\t<meta property=\"og:image:width\" content=\"2048\" \/>\n\t<meta property=\"og:image:height\" content=\"1536\" \/>\n\t<meta property=\"og:image:type\" content=\"image\/jpeg\" \/>\n<meta name=\"twitter:card\" content=\"summary_large_image\" \/>\n<meta name=\"twitter:label1\" content=\"Gesch\u00e4tzte Lesezeit\" \/>\n\t<meta name=\"twitter:data1\" content=\"1\u00a0Minute\" \/>\n<script type=\"application\/ld+json\" class=\"yoast-schema-graph\">{\"@context\":\"https:\/\/schema.org\",\"@graph\":[{\"@type\":\"WebPage\",\"@id\":\"https:\/\/passione500.it\/de\/fiat-500-de\/fiat-500-tt-de\/motorteile-tt-de\/hauptteile-und-motor-aufhaengung-tt-de\/kunststoffbuechse-unten-motoraufhaengung-fiat-500-r\/\",\"url\":\"https:\/\/passione500.it\/de\/fiat-500-de\/fiat-500-tt-de\/motorteile-tt-de\/hauptteile-und-motor-aufhaengung-tt-de\/kunststoffbuechse-unten-motoraufhaengung-fiat-500-r\/\",\"name\":\"Gummib\u00fcchse Motoraufh\u00e4ngung Fiat 500 | Passione 500\",\"isPartOf\":{\"@id\":\"https:\/\/passione500.it\/de\/#website\"},\"primaryImageOfPage\":{\"@id\":\"https:\/\/passione500.it\/de\/fiat-500-de\/fiat-500-tt-de\/motorteile-tt-de\/hauptteile-und-motor-aufhaengung-tt-de\/kunststoffbuechse-unten-motoraufhaengung-fiat-500-r\/#primaryimage\"},\"image\":{\"@id\":\"https:\/\/passione500.it\/de\/fiat-500-de\/fiat-500-tt-de\/motorteile-tt-de\/hauptteile-und-motor-aufhaengung-tt-de\/kunststoffbuechse-unten-motoraufhaengung-fiat-500-r\/#primaryimage\"},\"thumbnailUrl\":\"https:\/\/passione500.it\/wp-content\/uploads\/2024\/10\/4304959.jpg\",\"datePublished\":\"2024-10-07T15:06:59+00:00\",\"dateModified\":\"2024-10-07T15:13:37+00:00\",\"description\":\"Finden Sie die Gummib\u00fcchse Motoraufh\u00e4ngung f\u00fcr Fiat 500 auf unserer Website. \u00dcber 3.000 Ersatzteile auf Lager.PROFITIEREN SIE VON UNSEREN ANGEBOTEN ! %\",\"breadcrumb\":{\"@id\":\"https:\/\/passione500.it\/de\/fiat-500-de\/fiat-500-tt-de\/motorteile-tt-de\/hauptteile-und-motor-aufhaengung-tt-de\/kunststoffbuechse-unten-motoraufhaengung-fiat-500-r\/#breadcrumb\"},\"inLanguage\":\"de\",\"potentialAction\":[{\"@type\":\"ReadAction\",\"target\":[\"https:\/\/passione500.it\/de\/fiat-500-de\/fiat-500-tt-de\/motorteile-tt-de\/hauptteile-und-motor-aufhaengung-tt-de\/kunststoffbuechse-unten-motoraufhaengung-fiat-500-r\/\"]}]},{\"@type\":\"ImageObject\",\"inLanguage\":\"de\",\"@id\":\"https:\/\/passione500.it\/de\/fiat-500-de\/fiat-500-tt-de\/motorteile-tt-de\/hauptteile-und-motor-aufhaengung-tt-de\/kunststoffbuechse-unten-motoraufhaengung-fiat-500-r\/#primaryimage\",\"url\":\"https:\/\/passione500.it\/wp-content\/uploads\/2024\/10\/4304959.jpg\",\"contentUrl\":\"https:\/\/passione500.it\/wp-content\/uploads\/2024\/10\/4304959.jpg\",\"width\":2048,\"height\":1536,\"caption\":\"boccola inferiore sospensione motore Fiat 500 R\"},{\"@type\":\"BreadcrumbList\",\"@id\":\"https:\/\/passione500.it\/de\/fiat-500-de\/fiat-500-tt-de\/motorteile-tt-de\/hauptteile-und-motor-aufhaengung-tt-de\/kunststoffbuechse-unten-motoraufhaengung-fiat-500-r\/#breadcrumb\",\"itemListElement\":[{\"@type\":\"ListItem\",\"position\":1,\"name\":\"Home\",\"item\":\"https:\/\/passione500.it\/de\/\"},{\"@type\":\"ListItem\",\"position\":2,\"name\":\"Fiat 500\",\"item\":\"https:\/\/passione500.it\/de\/fiat-500-de\/\"},{\"@type\":\"ListItem\",\"position\":3,\"name\":\"Fiat 500 Alle Modelle\",\"item\":\"https:\/\/passione500.it\/de\/fiat-500-de\/fiat-500-tt-de\/\"},{\"@type\":\"ListItem\",\"position\":4,\"name\":\"Motorteile\",\"item\":\"https:\/\/passione500.it\/de\/fiat-500-de\/fiat-500-tt-de\/motorteile-tt-de\/\"},{\"@type\":\"ListItem\",\"position\":5,\"name\":\"Hauptteile und Motor Aufh\u00e4ngung\",\"item\":\"https:\/\/passione500.it\/de\/fiat-500-de\/fiat-500-tt-de\/motorteile-tt-de\/hauptteile-und-motor-aufhaengung-tt-de\/\"},{\"@type\":\"ListItem\",\"position\":6,\"name\":\"Kunststoffb\u00fcchse unten Motoraufh\u00e4ngung Fiat 500 R\"}]},{\"@type\":\"WebSite\",\"@id\":\"https:\/\/passione500.it\/de\/#website\",\"url\":\"https:\/\/passione500.it\/de\/\",\"name\":\"Passione 500\",\"description\":\"Ricambi Fiat 500 d&#039;Epoca\",\"publisher\":{\"@id\":\"https:\/\/passione500.it\/de\/#organization\"},\"potentialAction\":[{\"@type\":\"SearchAction\",\"target\":{\"@type\":\"EntryPoint\",\"urlTemplate\":\"https:\/\/passione500.it\/de\/?s={search_term_string}\"},\"query-input\":{\"@type\":\"PropertyValueSpecification\",\"valueRequired\":true,\"valueName\":\"search_term_string\"}}],\"inLanguage\":\"de\"},{\"@type\":\"Organization\",\"@id\":\"https:\/\/passione500.it\/de\/#organization\",\"name\":\"Passione 500\",\"url\":\"https:\/\/passione500.it\/de\/\",\"logo\":{\"@type\":\"ImageObject\",\"inLanguage\":\"de\",\"@id\":\"https:\/\/passione500.it\/de\/#\/schema\/logo\/image\/\",\"url\":\"https:\/\/passione500.it\/wp-content\/uploads\/2025\/12\/PASSIONE-LOGO-APPROVATO.png\",\"contentUrl\":\"https:\/\/passione500.it\/wp-content\/uploads\/2025\/12\/PASSIONE-LOGO-APPROVATO.png\",\"width\":348,\"height\":125,\"caption\":\"Passione 500\"},\"image\":{\"@id\":\"https:\/\/passione500.it\/de\/#\/schema\/logo\/image\/\"}}]}<\/script>\n<!-- \/ Yoast SEO plugin. -->","yoast_head_json":{"title":"Gummib\u00fcchse Motoraufh\u00e4ngung Fiat 500 | Passione 500","description":"Finden Sie die Gummib\u00fcchse Motoraufh\u00e4ngung f\u00fcr Fiat 500 auf unserer Website. \u00dcber 3.000 Ersatzteile auf Lager.PROFITIEREN SIE VON UNSEREN ANGEBOTEN ! %","robots":{"index":"index","follow":"follow","max-snippet":"max-snippet:-1","max-image-preview":"max-image-preview:large","max-video-preview":"max-video-preview:-1"},"canonical":"https:\/\/passione500.it\/de\/fiat-500-de\/fiat-500-tt-de\/motorteile-tt-de\/hauptteile-und-motor-aufhaengung-tt-de\/kunststoffbuechse-unten-motoraufhaengung-fiat-500-r\/","og_locale":"de_DE","og_type":"article","og_title":"Gummib\u00fcchse Motoraufh\u00e4ngung Fiat 500 | Passione 500","og_description":"Finden Sie die Gummib\u00fcchse Motoraufh\u00e4ngung f\u00fcr Fiat 500 auf unserer Website. \u00dcber 3.000 Ersatzteile auf Lager.PROFITIEREN SIE VON UNSEREN ANGEBOTEN ! %","og_url":"https:\/\/passione500.it\/de\/fiat-500-de\/fiat-500-tt-de\/motorteile-tt-de\/hauptteile-und-motor-aufhaengung-tt-de\/kunststoffbuechse-unten-motoraufhaengung-fiat-500-r\/","og_site_name":"Passione 500","article_modified_time":"2024-10-07T15:13:37+00:00","og_image":[{"width":2048,"height":1536,"url":"https:\/\/passione500.it\/wp-content\/uploads\/2024\/10\/4304959.jpg","type":"image\/jpeg"}],"twitter_card":"summary_large_image","twitter_misc":{"Gesch\u00e4tzte Lesezeit":"1\u00a0Minute"},"schema":{"@context":"https:\/\/schema.org","@graph":[{"@type":"WebPage","@id":"https:\/\/passione500.it\/de\/fiat-500-de\/fiat-500-tt-de\/motorteile-tt-de\/hauptteile-und-motor-aufhaengung-tt-de\/kunststoffbuechse-unten-motoraufhaengung-fiat-500-r\/","url":"https:\/\/passione500.it\/de\/fiat-500-de\/fiat-500-tt-de\/motorteile-tt-de\/hauptteile-und-motor-aufhaengung-tt-de\/kunststoffbuechse-unten-motoraufhaengung-fiat-500-r\/","name":"Gummib\u00fcchse Motoraufh\u00e4ngung Fiat 500 | Passione 500","isPartOf":{"@id":"https:\/\/passione500.it\/de\/#website"},"primaryImageOfPage":{"@id":"https:\/\/passione500.it\/de\/fiat-500-de\/fiat-500-tt-de\/motorteile-tt-de\/hauptteile-und-motor-aufhaengung-tt-de\/kunststoffbuechse-unten-motoraufhaengung-fiat-500-r\/#primaryimage"},"image":{"@id":"https:\/\/passione500.it\/de\/fiat-500-de\/fiat-500-tt-de\/motorteile-tt-de\/hauptteile-und-motor-aufhaengung-tt-de\/kunststoffbuechse-unten-motoraufhaengung-fiat-500-r\/#primaryimage"},"thumbnailUrl":"https:\/\/passione500.it\/wp-content\/uploads\/2024\/10\/4304959.jpg","datePublished":"2024-10-07T15:06:59+00:00","dateModified":"2024-10-07T15:13:37+00:00","description":"Finden Sie die Gummib\u00fcchse Motoraufh\u00e4ngung f\u00fcr Fiat 500 auf unserer Website. \u00dcber 3.000 Ersatzteile auf Lager.PROFITIEREN SIE VON UNSEREN ANGEBOTEN ! %","breadcrumb":{"@id":"https:\/\/passione500.it\/de\/fiat-500-de\/fiat-500-tt-de\/motorteile-tt-de\/hauptteile-und-motor-aufhaengung-tt-de\/kunststoffbuechse-unten-motoraufhaengung-fiat-500-r\/#breadcrumb"},"inLanguage":"de","potentialAction":[{"@type":"ReadAction","target":["https:\/\/passione500.it\/de\/fiat-500-de\/fiat-500-tt-de\/motorteile-tt-de\/hauptteile-und-motor-aufhaengung-tt-de\/kunststoffbuechse-unten-motoraufhaengung-fiat-500-r\/"]}]},{"@type":"ImageObject","inLanguage":"de","@id":"https:\/\/passione500.it\/de\/fiat-500-de\/fiat-500-tt-de\/motorteile-tt-de\/hauptteile-und-motor-aufhaengung-tt-de\/kunststoffbuechse-unten-motoraufhaengung-fiat-500-r\/#primaryimage","url":"https:\/\/passione500.it\/wp-content\/uploads\/2024\/10\/4304959.jpg","contentUrl":"https:\/\/passione500.it\/wp-content\/uploads\/2024\/10\/4304959.jpg","width":2048,"height":1536,"caption":"boccola inferiore sospensione motore Fiat 500 R"},{"@type":"BreadcrumbList","@id":"https:\/\/passione500.it\/de\/fiat-500-de\/fiat-500-tt-de\/motorteile-tt-de\/hauptteile-und-motor-aufhaengung-tt-de\/kunststoffbuechse-unten-motoraufhaengung-fiat-500-r\/#breadcrumb","itemListElement":[{"@type":"ListItem","position":1,"name":"Home","item":"https:\/\/passione500.it\/de\/"},{"@type":"ListItem","position":2,"name":"Fiat 500","item":"https:\/\/passione500.it\/de\/fiat-500-de\/"},{"@type":"ListItem","position":3,"name":"Fiat 500 Alle Modelle","item":"https:\/\/passione500.it\/de\/fiat-500-de\/fiat-500-tt-de\/"},{"@type":"ListItem","position":4,"name":"Motorteile","item":"https:\/\/passione500.it\/de\/fiat-500-de\/fiat-500-tt-de\/motorteile-tt-de\/"},{"@type":"ListItem","position":5,"name":"Hauptteile und Motor Aufh\u00e4ngung","item":"https:\/\/passione500.it\/de\/fiat-500-de\/fiat-500-tt-de\/motorteile-tt-de\/hauptteile-und-motor-aufhaengung-tt-de\/"},{"@type":"ListItem","position":6,"name":"Kunststoffb\u00fcchse unten Motoraufh\u00e4ngung Fiat 500 R"}]},{"@type":"WebSite","@id":"https:\/\/passione500.it\/de\/#website","url":"https:\/\/passione500.it\/de\/","name":"Passione 500","description":"Ricambi Fiat 500 d&#039;Epoca","publisher":{"@id":"https:\/\/passione500.it\/de\/#organization"},"potentialAction":[{"@type":"SearchAction","target":{"@type":"EntryPoint","urlTemplate":"https:\/\/passione500.it\/de\/?s={search_term_string}"},"query-input":{"@type":"PropertyValueSpecification","valueRequired":true,"valueName":"search_term_string"}}],"inLanguage":"de"},{"@type":"Organization","@id":"https:\/\/passione500.it\/de\/#organization","name":"Passione 500","url":"https:\/\/passione500.it\/de\/","logo":{"@type":"ImageObject","inLanguage":"de","@id":"https:\/\/passione500.it\/de\/#\/schema\/logo\/image\/","url":"https:\/\/passione500.it\/wp-content\/uploads\/2025\/12\/PASSIONE-LOGO-APPROVATO.png","contentUrl":"https:\/\/passione500.it\/wp-content\/uploads\/2025\/12\/PASSIONE-LOGO-APPROVATO.png","width":348,"height":125,"caption":"Passione 500"},"image":{"@id":"https:\/\/passione500.it\/de\/#\/schema\/logo\/image\/"}}]}},"_links":{"self":[{"href":"https:\/\/passione500.it\/de\/wp-json\/wp\/v2\/product\/23840","targetHints":{"allow":["GET"]}}],"collection":[{"href":"https:\/\/passione500.it\/de\/wp-json\/wp\/v2\/product"}],"about":[{"href":"https:\/\/passione500.it\/de\/wp-json\/wp\/v2\/types\/product"}],"wp:featuredmedia":[{"embeddable":true,"href":"https:\/\/passione500.it\/de\/wp-json\/wp\/v2\/media\/23823"}],"wp:attachment":[{"href":"https:\/\/passione500.it\/de\/wp-json\/wp\/v2\/media?parent=23840"}],"wp:term":[{"taxonomy":"product_brand","embeddable":true,"href":"https:\/\/passione500.it\/de\/wp-json\/wp\/v2\/product_brand?post=23840"},{"taxonomy":"product_cat","embeddable":true,"href":"https:\/\/passione500.it\/de\/wp-json\/wp\/v2\/product_cat?post=23840"},{"taxonomy":"product_tag","embeddable":true,"href":"https:\/\/passione500.it\/de\/wp-json\/wp\/v2\/product_tag?post=23840"}],"curies":[{"name":"wp","href":"https:\/\/api.w.org\/{rel}","templated":true}]}}