{"id":26897,"date":"2024-11-27T17:36:18","date_gmt":"2024-11-27T16:36:19","guid":{"rendered":"https:\/\/passione500.it\/?post_type=product&#038;p=26897"},"modified":"2024-11-27T18:04:27","modified_gmt":"2024-11-27T17:04:27","slug":"getriebeoeleinfuellschraube-fiat-500","status":"publish","type":"product","link":"https:\/\/passione500.it\/de\/fiat-500-de\/fiat-500-tt-de\/getriebe-und-antriebswellen-tt-de\/getriebe-tt-de\/getriebeoeleinfuellschraube-fiat-500\/","title":{"rendered":"Getriebe\u00f6leinf\u00fcllschraube Fiat 500"},"content":{"rendered":"<h4>F\u00fcr ein komplettes Auto muss 1 St\u00fcck gekauft werden<\/h4>\n<p>&nbsp;<\/p>\n","protected":false},"excerpt":{"rendered":"<p>Prodotto in offerta fino a maggio.<\/p>\n","protected":false},"featured_media":26903,"template":"","meta":{"_et_pb_use_builder":"","_et_pb_old_content":"","_et_gb_content_width":""},"product_brand":[],"product_cat":[786,2547,2108,2109,2110,2111,2112,2114,2115,2116,2117,789,2550,2113,2183,2187,1265,2184,2185,2186,2592],"product_tag":[],"class_list":{"0":"post-26897","1":"product","2":"type-product","3":"status-publish","4":"has-post-thumbnail","6":"product_cat-getriebe-n-de","7":"product_cat-getriebe-tt-de","8":"product_cat-getriebe-d-de","9":"product_cat-getriebe-f-de","10":"product_cat-getriebe-l-de","11":"product_cat-getriebe-r-de","12":"product_cat-getriebe-giard-de","13":"product_cat-antriebswellen-und-differential-f-de","14":"product_cat-antriebswellen-und-differential-l-de","15":"product_cat-antriebswellen-und-differential-r-de","16":"product_cat-antriebswellen-und-differential-giard-de","17":"product_cat-antriebswellen-und-differential-n-de","18":"product_cat-antriebswellen-und-differential-tt-de","19":"product_cat-antriebswellen-und-differential-d-de","20":"product_cat-schrauben-und-befestigungsteile-d-de","21":"product_cat-schrauben-und-befestigungsteile-giard-de","22":"product_cat-schrauben-und-befestigungsteile-n-de","23":"product_cat-schrauben-und-befestigungsteile-f-de","24":"product_cat-schrauben-und-befestigungsteile-l-de","25":"product_cat-schrauben-und-befestigungsteile-r-de","26":"product_cat-schrauben-und-befestigungsteile-tt-de","27":"product_shipping_class-versand-1","29":"first","30":"instock","31":"taxable","32":"shipping-taxable","33":"purchasable","34":"product-type-simple"},"yoast_head":"<!-- This site is optimized with the Yoast SEO plugin v27.2 - https:\/\/yoast.com\/product\/yoast-seo-wordpress\/ -->\n<title>\u00d6lablassschraube Getriebe Fiat 500 - Passione 500<\/title>\n<meta name=\"description\" content=\"Finden Sie die \u00d6lablassschraube Getriebe f\u00fcr Fiat 500 auf unserer Website. \u00dcber 3.000 Ersatzteile auf Lager. PROFITIEREN SIE VON UNSEREN ANGEBOTEN!\" \/>\n<meta name=\"robots\" content=\"index, follow, max-snippet:-1, max-image-preview:large, max-video-preview:-1\" \/>\n<link rel=\"canonical\" href=\"https:\/\/passione500.it\/de\/fiat-500-de\/fiat-500-tt-de\/getriebe-und-antriebswellen-tt-de\/getriebe-tt-de\/getriebeoeleinfuellschraube-fiat-500\/\" \/>\n<meta property=\"og:locale\" content=\"de_DE\" \/>\n<meta property=\"og:type\" content=\"article\" \/>\n<meta property=\"og:title\" content=\"\u00d6lablassschraube Getriebe Fiat 500 - Passione 500\" \/>\n<meta property=\"og:description\" content=\"Finden Sie die \u00d6lablassschraube Getriebe f\u00fcr Fiat 500 auf unserer Website. \u00dcber 3.000 Ersatzteile auf Lager. PROFITIEREN SIE VON UNSEREN ANGEBOTEN!\" \/>\n<meta property=\"og:url\" content=\"https:\/\/passione500.it\/de\/fiat-500-de\/fiat-500-tt-de\/getriebe-und-antriebswellen-tt-de\/getriebe-tt-de\/getriebeoeleinfuellschraube-fiat-500\/\" \/>\n<meta property=\"og:site_name\" content=\"Passione 500\" \/>\n<meta property=\"article:modified_time\" content=\"2024-11-27T17:04:27+00:00\" \/>\n<meta property=\"og:image\" content=\"https:\/\/passione500.it\/wp-content\/uploads\/2024\/11\/Dado-carico-cambio.jpg\" \/>\n\t<meta property=\"og:image:width\" content=\"2048\" \/>\n\t<meta property=\"og:image:height\" content=\"1536\" \/>\n\t<meta property=\"og:image:type\" content=\"image\/jpeg\" \/>\n<meta name=\"twitter:card\" content=\"summary_large_image\" \/>\n<meta name=\"twitter:label1\" content=\"Gesch\u00e4tzte Lesezeit\" \/>\n\t<meta name=\"twitter:data1\" content=\"1\u00a0Minute\" \/>\n<script type=\"application\/ld+json\" class=\"yoast-schema-graph\">{\"@context\":\"https:\/\/schema.org\",\"@graph\":[{\"@type\":\"WebPage\",\"@id\":\"https:\/\/passione500.it\/de\/fiat-500-de\/fiat-500-tt-de\/getriebe-und-antriebswellen-tt-de\/getriebe-tt-de\/getriebeoeleinfuellschraube-fiat-500\/\",\"url\":\"https:\/\/passione500.it\/de\/fiat-500-de\/fiat-500-tt-de\/getriebe-und-antriebswellen-tt-de\/getriebe-tt-de\/getriebeoeleinfuellschraube-fiat-500\/\",\"name\":\"\u00d6lablassschraube Getriebe Fiat 500 - Passione 500\",\"isPartOf\":{\"@id\":\"https:\/\/passione500.it\/de\/#website\"},\"primaryImageOfPage\":{\"@id\":\"https:\/\/passione500.it\/de\/fiat-500-de\/fiat-500-tt-de\/getriebe-und-antriebswellen-tt-de\/getriebe-tt-de\/getriebeoeleinfuellschraube-fiat-500\/#primaryimage\"},\"image\":{\"@id\":\"https:\/\/passione500.it\/de\/fiat-500-de\/fiat-500-tt-de\/getriebe-und-antriebswellen-tt-de\/getriebe-tt-de\/getriebeoeleinfuellschraube-fiat-500\/#primaryimage\"},\"thumbnailUrl\":\"https:\/\/passione500.it\/wp-content\/uploads\/2024\/11\/Dado-carico-cambio.jpg\",\"datePublished\":\"2024-11-27T16:36:19+00:00\",\"dateModified\":\"2024-11-27T17:04:27+00:00\",\"description\":\"Finden Sie die \u00d6lablassschraube Getriebe f\u00fcr Fiat 500 auf unserer Website. \u00dcber 3.000 Ersatzteile auf Lager. PROFITIEREN SIE VON UNSEREN ANGEBOTEN!\",\"breadcrumb\":{\"@id\":\"https:\/\/passione500.it\/de\/fiat-500-de\/fiat-500-tt-de\/getriebe-und-antriebswellen-tt-de\/getriebe-tt-de\/getriebeoeleinfuellschraube-fiat-500\/#breadcrumb\"},\"inLanguage\":\"de\",\"potentialAction\":[{\"@type\":\"ReadAction\",\"target\":[\"https:\/\/passione500.it\/de\/fiat-500-de\/fiat-500-tt-de\/getriebe-und-antriebswellen-tt-de\/getriebe-tt-de\/getriebeoeleinfuellschraube-fiat-500\/\"]}]},{\"@type\":\"ImageObject\",\"inLanguage\":\"de\",\"@id\":\"https:\/\/passione500.it\/de\/fiat-500-de\/fiat-500-tt-de\/getriebe-und-antriebswellen-tt-de\/getriebe-tt-de\/getriebeoeleinfuellschraube-fiat-500\/#primaryimage\",\"url\":\"https:\/\/passione500.it\/wp-content\/uploads\/2024\/11\/Dado-carico-cambio.jpg\",\"contentUrl\":\"https:\/\/passione500.it\/wp-content\/uploads\/2024\/11\/Dado-carico-cambio.jpg\",\"width\":2048,\"height\":1536,\"caption\":\"tappo scarico olio cambio Fiat 500\"},{\"@type\":\"BreadcrumbList\",\"@id\":\"https:\/\/passione500.it\/de\/fiat-500-de\/fiat-500-tt-de\/getriebe-und-antriebswellen-tt-de\/getriebe-tt-de\/getriebeoeleinfuellschraube-fiat-500\/#breadcrumb\",\"itemListElement\":[{\"@type\":\"ListItem\",\"position\":1,\"name\":\"Home\",\"item\":\"https:\/\/passione500.it\/de\/\"},{\"@type\":\"ListItem\",\"position\":2,\"name\":\"Fiat 500\",\"item\":\"https:\/\/passione500.it\/de\/fiat-500-de\/\"},{\"@type\":\"ListItem\",\"position\":3,\"name\":\"Fiat 500 Alle Modelle\",\"item\":\"https:\/\/passione500.it\/de\/fiat-500-de\/fiat-500-tt-de\/\"},{\"@type\":\"ListItem\",\"position\":4,\"name\":\"Getriebe und Antriebswellen\",\"item\":\"https:\/\/passione500.it\/de\/fiat-500-de\/fiat-500-tt-de\/getriebe-und-antriebswellen-tt-de\/\"},{\"@type\":\"ListItem\",\"position\":5,\"name\":\"Getriebe\",\"item\":\"https:\/\/passione500.it\/de\/fiat-500-de\/fiat-500-tt-de\/getriebe-und-antriebswellen-tt-de\/getriebe-tt-de\/\"},{\"@type\":\"ListItem\",\"position\":6,\"name\":\"Getriebe\u00f6leinf\u00fcllschraube Fiat 500\"}]},{\"@type\":\"WebSite\",\"@id\":\"https:\/\/passione500.it\/de\/#website\",\"url\":\"https:\/\/passione500.it\/de\/\",\"name\":\"Passione 500\",\"description\":\"Ricambi Fiat 500 d&#039;Epoca\",\"publisher\":{\"@id\":\"https:\/\/passione500.it\/de\/#organization\"},\"potentialAction\":[{\"@type\":\"SearchAction\",\"target\":{\"@type\":\"EntryPoint\",\"urlTemplate\":\"https:\/\/passione500.it\/de\/?s={search_term_string}\"},\"query-input\":{\"@type\":\"PropertyValueSpecification\",\"valueRequired\":true,\"valueName\":\"search_term_string\"}}],\"inLanguage\":\"de\"},{\"@type\":\"Organization\",\"@id\":\"https:\/\/passione500.it\/de\/#organization\",\"name\":\"Passione 500\",\"url\":\"https:\/\/passione500.it\/de\/\",\"logo\":{\"@type\":\"ImageObject\",\"inLanguage\":\"de\",\"@id\":\"https:\/\/passione500.it\/de\/#\/schema\/logo\/image\/\",\"url\":\"https:\/\/passione500.it\/wp-content\/uploads\/2025\/12\/PASSIONE-LOGO-APPROVATO.png\",\"contentUrl\":\"https:\/\/passione500.it\/wp-content\/uploads\/2025\/12\/PASSIONE-LOGO-APPROVATO.png\",\"width\":348,\"height\":125,\"caption\":\"Passione 500\"},\"image\":{\"@id\":\"https:\/\/passione500.it\/de\/#\/schema\/logo\/image\/\"}}]}<\/script>\n<!-- \/ Yoast SEO plugin. -->","yoast_head_json":{"title":"\u00d6lablassschraube Getriebe Fiat 500 - Passione 500","description":"Finden Sie die \u00d6lablassschraube Getriebe f\u00fcr Fiat 500 auf unserer Website. \u00dcber 3.000 Ersatzteile auf Lager. PROFITIEREN SIE VON UNSEREN ANGEBOTEN!","robots":{"index":"index","follow":"follow","max-snippet":"max-snippet:-1","max-image-preview":"max-image-preview:large","max-video-preview":"max-video-preview:-1"},"canonical":"https:\/\/passione500.it\/de\/fiat-500-de\/fiat-500-tt-de\/getriebe-und-antriebswellen-tt-de\/getriebe-tt-de\/getriebeoeleinfuellschraube-fiat-500\/","og_locale":"de_DE","og_type":"article","og_title":"\u00d6lablassschraube Getriebe Fiat 500 - Passione 500","og_description":"Finden Sie die \u00d6lablassschraube Getriebe f\u00fcr Fiat 500 auf unserer Website. \u00dcber 3.000 Ersatzteile auf Lager. PROFITIEREN SIE VON UNSEREN ANGEBOTEN!","og_url":"https:\/\/passione500.it\/de\/fiat-500-de\/fiat-500-tt-de\/getriebe-und-antriebswellen-tt-de\/getriebe-tt-de\/getriebeoeleinfuellschraube-fiat-500\/","og_site_name":"Passione 500","article_modified_time":"2024-11-27T17:04:27+00:00","og_image":[{"width":2048,"height":1536,"url":"https:\/\/passione500.it\/wp-content\/uploads\/2024\/11\/Dado-carico-cambio.jpg","type":"image\/jpeg"}],"twitter_card":"summary_large_image","twitter_misc":{"Gesch\u00e4tzte Lesezeit":"1\u00a0Minute"},"schema":{"@context":"https:\/\/schema.org","@graph":[{"@type":"WebPage","@id":"https:\/\/passione500.it\/de\/fiat-500-de\/fiat-500-tt-de\/getriebe-und-antriebswellen-tt-de\/getriebe-tt-de\/getriebeoeleinfuellschraube-fiat-500\/","url":"https:\/\/passione500.it\/de\/fiat-500-de\/fiat-500-tt-de\/getriebe-und-antriebswellen-tt-de\/getriebe-tt-de\/getriebeoeleinfuellschraube-fiat-500\/","name":"\u00d6lablassschraube Getriebe Fiat 500 - Passione 500","isPartOf":{"@id":"https:\/\/passione500.it\/de\/#website"},"primaryImageOfPage":{"@id":"https:\/\/passione500.it\/de\/fiat-500-de\/fiat-500-tt-de\/getriebe-und-antriebswellen-tt-de\/getriebe-tt-de\/getriebeoeleinfuellschraube-fiat-500\/#primaryimage"},"image":{"@id":"https:\/\/passione500.it\/de\/fiat-500-de\/fiat-500-tt-de\/getriebe-und-antriebswellen-tt-de\/getriebe-tt-de\/getriebeoeleinfuellschraube-fiat-500\/#primaryimage"},"thumbnailUrl":"https:\/\/passione500.it\/wp-content\/uploads\/2024\/11\/Dado-carico-cambio.jpg","datePublished":"2024-11-27T16:36:19+00:00","dateModified":"2024-11-27T17:04:27+00:00","description":"Finden Sie die \u00d6lablassschraube Getriebe f\u00fcr Fiat 500 auf unserer Website. \u00dcber 3.000 Ersatzteile auf Lager. PROFITIEREN SIE VON UNSEREN ANGEBOTEN!","breadcrumb":{"@id":"https:\/\/passione500.it\/de\/fiat-500-de\/fiat-500-tt-de\/getriebe-und-antriebswellen-tt-de\/getriebe-tt-de\/getriebeoeleinfuellschraube-fiat-500\/#breadcrumb"},"inLanguage":"de","potentialAction":[{"@type":"ReadAction","target":["https:\/\/passione500.it\/de\/fiat-500-de\/fiat-500-tt-de\/getriebe-und-antriebswellen-tt-de\/getriebe-tt-de\/getriebeoeleinfuellschraube-fiat-500\/"]}]},{"@type":"ImageObject","inLanguage":"de","@id":"https:\/\/passione500.it\/de\/fiat-500-de\/fiat-500-tt-de\/getriebe-und-antriebswellen-tt-de\/getriebe-tt-de\/getriebeoeleinfuellschraube-fiat-500\/#primaryimage","url":"https:\/\/passione500.it\/wp-content\/uploads\/2024\/11\/Dado-carico-cambio.jpg","contentUrl":"https:\/\/passione500.it\/wp-content\/uploads\/2024\/11\/Dado-carico-cambio.jpg","width":2048,"height":1536,"caption":"tappo scarico olio cambio Fiat 500"},{"@type":"BreadcrumbList","@id":"https:\/\/passione500.it\/de\/fiat-500-de\/fiat-500-tt-de\/getriebe-und-antriebswellen-tt-de\/getriebe-tt-de\/getriebeoeleinfuellschraube-fiat-500\/#breadcrumb","itemListElement":[{"@type":"ListItem","position":1,"name":"Home","item":"https:\/\/passione500.it\/de\/"},{"@type":"ListItem","position":2,"name":"Fiat 500","item":"https:\/\/passione500.it\/de\/fiat-500-de\/"},{"@type":"ListItem","position":3,"name":"Fiat 500 Alle Modelle","item":"https:\/\/passione500.it\/de\/fiat-500-de\/fiat-500-tt-de\/"},{"@type":"ListItem","position":4,"name":"Getriebe und Antriebswellen","item":"https:\/\/passione500.it\/de\/fiat-500-de\/fiat-500-tt-de\/getriebe-und-antriebswellen-tt-de\/"},{"@type":"ListItem","position":5,"name":"Getriebe","item":"https:\/\/passione500.it\/de\/fiat-500-de\/fiat-500-tt-de\/getriebe-und-antriebswellen-tt-de\/getriebe-tt-de\/"},{"@type":"ListItem","position":6,"name":"Getriebe\u00f6leinf\u00fcllschraube Fiat 500"}]},{"@type":"WebSite","@id":"https:\/\/passione500.it\/de\/#website","url":"https:\/\/passione500.it\/de\/","name":"Passione 500","description":"Ricambi Fiat 500 d&#039;Epoca","publisher":{"@id":"https:\/\/passione500.it\/de\/#organization"},"potentialAction":[{"@type":"SearchAction","target":{"@type":"EntryPoint","urlTemplate":"https:\/\/passione500.it\/de\/?s={search_term_string}"},"query-input":{"@type":"PropertyValueSpecification","valueRequired":true,"valueName":"search_term_string"}}],"inLanguage":"de"},{"@type":"Organization","@id":"https:\/\/passione500.it\/de\/#organization","name":"Passione 500","url":"https:\/\/passione500.it\/de\/","logo":{"@type":"ImageObject","inLanguage":"de","@id":"https:\/\/passione500.it\/de\/#\/schema\/logo\/image\/","url":"https:\/\/passione500.it\/wp-content\/uploads\/2025\/12\/PASSIONE-LOGO-APPROVATO.png","contentUrl":"https:\/\/passione500.it\/wp-content\/uploads\/2025\/12\/PASSIONE-LOGO-APPROVATO.png","width":348,"height":125,"caption":"Passione 500"},"image":{"@id":"https:\/\/passione500.it\/de\/#\/schema\/logo\/image\/"}}]}},"_links":{"self":[{"href":"https:\/\/passione500.it\/de\/wp-json\/wp\/v2\/product\/26897","targetHints":{"allow":["GET"]}}],"collection":[{"href":"https:\/\/passione500.it\/de\/wp-json\/wp\/v2\/product"}],"about":[{"href":"https:\/\/passione500.it\/de\/wp-json\/wp\/v2\/types\/product"}],"wp:featuredmedia":[{"embeddable":true,"href":"https:\/\/passione500.it\/de\/wp-json\/wp\/v2\/media\/26903"}],"wp:attachment":[{"href":"https:\/\/passione500.it\/de\/wp-json\/wp\/v2\/media?parent=26897"}],"wp:term":[{"taxonomy":"product_brand","embeddable":true,"href":"https:\/\/passione500.it\/de\/wp-json\/wp\/v2\/product_brand?post=26897"},{"taxonomy":"product_cat","embeddable":true,"href":"https:\/\/passione500.it\/de\/wp-json\/wp\/v2\/product_cat?post=26897"},{"taxonomy":"product_tag","embeddable":true,"href":"https:\/\/passione500.it\/de\/wp-json\/wp\/v2\/product_tag?post=26897"}],"curies":[{"name":"wp","href":"https:\/\/api.w.org\/{rel}","templated":true}]}}