{"id":38628,"date":"2025-05-09T16:25:41","date_gmt":"2025-05-09T14:25:41","guid":{"rendered":"https:\/\/passione500.it\/?post_type=product&#038;p=38628"},"modified":"2025-05-09T16:40:28","modified_gmt":"2025-05-09T14:40:28","slug":"satz-bremsschlaeuche-vorn-und-hinten-stahlflex-rot-farbe-fiat-500-f-von-ord-n-fuer-ersatzzwecke-1799302-l-r-giardiniera-von-ord-n-fuer-ersatzzwecke-299233","status":"publish","type":"product","link":"https:\/\/passione500.it\/de\/fiat-500-de\/fiat-500-tt-de\/sport-ersatzteile-tt-de\/satz-bremsschlaeuche-vorn-und-hinten-stahlflex-rot-farbe-fiat-500-f-von-ord-n-fuer-ersatzzwecke-1799302-l-r-giardiniera-von-ord-n-fuer-ersatzzwecke-299233\/","title":{"rendered":"Satz Bremsschl\u00e4uche Vorn und Hinten, Stahlflex \/ Rot Farbe \/ Fiat 500 F (von ord. n.\u00b0 f\u00fcr ersatzzwecke 1799302) &#8211; L &#8211; R &#8211; Giardiniera (von ord. n.\u00b0 f\u00fcr ersatzzwecke 299233)"},"content":{"rendered":"<h4>F\u00fcr ein komplettes Auto muss 1 Set gekauft werden<\/h4>\n<h4>&#8211; Kompatibles Ersatzteil, das jedoch nicht in der Originalkonfiguration des Fahrzeugs verwendet wird (Zubeh\u00f6r)<\/h4>\n<h4>\u00dcberpr\u00fcfen Sie die &#8222;ord. n.\u00b0 f\u00fcr ersatzzwecke&#8220; auf dem Alu Fahrzeugrahmen Typenschild Ihres Autos<\/h4>\n<p><img decoding=\"async\" class=\"alignnone wp-image-5690\" src=\"https:\/\/passione500.it\/wp-content\/uploads\/2022\/10\/nr_per-_ricambi-1-300x225.jpg\" alt=\"\" width=\"349\" height=\"262\" \/><\/p>\n","protected":false},"excerpt":{"rendered":"<p>Prodotto in offerta fino a maggio.<\/p>\n","protected":false},"featured_media":38621,"template":"","meta":{"_et_pb_use_builder":"","_et_pb_old_content":"","_et_gb_content_width":""},"product_brand":[],"product_cat":[888,2568,2143,2144,2145,2146,2147,2165,2166,912,2167,2580,2163,2164],"product_tag":[],"class_list":{"0":"post-38628","1":"product","2":"type-product","3":"status-publish","4":"has-post-thumbnail","6":"product_cat-hydraulische-bremsteile-n-de","7":"product_cat-hydraulische-bremsteile-tt-de","8":"product_cat-hydraulische-bremsteile-d-de","9":"product_cat-hydraulische-bremsteile-f-de","10":"product_cat-hydraulische-bremsteile-l-de","11":"product_cat-hydraulische-bremsteile-r-de","12":"product_cat-hydraulische-bremsteile-giard-de","13":"product_cat-sport-ersatzteile-l-de","14":"product_cat-sport-ersatzteile-r-de","15":"product_cat-sport-ersatzteile-n-de","16":"product_cat-sport-ersatzteile-giard-de","17":"product_cat-sport-ersatzteile-tt-de","18":"product_cat-sport-ersatzteile-d-de","19":"product_cat-sport-ersatzteile-f-de","20":"product_shipping_class-versand-1","22":"first","23":"instock","24":"taxable","25":"shipping-taxable","26":"purchasable","27":"product-type-simple"},"yoast_head":"<!-- This site is optimized with the Yoast SEO plugin v27.2 - https:\/\/yoast.com\/product\/yoast-seo-wordpress\/ -->\n<title>Bremsschl\u00e4uche Stahlflex Fiat 500 | Passione 500<\/title>\n<meta name=\"description\" content=\"Finden Sie die Bremsschl\u00e4uche Stahlflex f\u00fcr Fiat 500 auf unserer Website. \u00dcber 3.000 Ersatzteile auf Lager. PROFITIEREN SIE VON UNSEREN ANGEBOTEN!\" \/>\n<meta name=\"robots\" content=\"index, follow, max-snippet:-1, max-image-preview:large, max-video-preview:-1\" \/>\n<link rel=\"canonical\" href=\"https:\/\/passione500.it\/de\/fiat-500-de\/fiat-500-tt-de\/sport-ersatzteile-tt-de\/satz-bremsschlaeuche-vorn-und-hinten-stahlflex-rot-farbe-fiat-500-f-von-ord-n-fuer-ersatzzwecke-1799302-l-r-giardiniera-von-ord-n-fuer-ersatzzwecke-299233\/\" \/>\n<meta property=\"og:locale\" content=\"de_DE\" \/>\n<meta property=\"og:type\" content=\"article\" \/>\n<meta property=\"og:title\" content=\"Bremsschl\u00e4uche Stahlflex Fiat 500 | Passione 500\" \/>\n<meta property=\"og:description\" content=\"Finden Sie die Bremsschl\u00e4uche Stahlflex f\u00fcr Fiat 500 auf unserer Website. \u00dcber 3.000 Ersatzteile auf Lager. PROFITIEREN SIE VON UNSEREN ANGEBOTEN!\" \/>\n<meta property=\"og:url\" content=\"https:\/\/passione500.it\/de\/fiat-500-de\/fiat-500-tt-de\/sport-ersatzteile-tt-de\/satz-bremsschlaeuche-vorn-und-hinten-stahlflex-rot-farbe-fiat-500-f-von-ord-n-fuer-ersatzzwecke-1799302-l-r-giardiniera-von-ord-n-fuer-ersatzzwecke-299233\/\" \/>\n<meta property=\"og:site_name\" content=\"Passione 500\" \/>\n<meta property=\"article:modified_time\" content=\"2025-05-09T14:40:28+00:00\" \/>\n<meta property=\"og:image\" content=\"https:\/\/passione500.it\/wp-content\/uploads\/2025\/05\/IMG_4019.jpg\" \/>\n\t<meta property=\"og:image:width\" content=\"2048\" \/>\n\t<meta property=\"og:image:height\" content=\"1536\" \/>\n\t<meta property=\"og:image:type\" content=\"image\/jpeg\" \/>\n<meta name=\"twitter:card\" content=\"summary_large_image\" \/>\n<meta name=\"twitter:label1\" content=\"Gesch\u00e4tzte Lesezeit\" \/>\n\t<meta name=\"twitter:data1\" content=\"1\u00a0Minute\" \/>\n<script type=\"application\/ld+json\" class=\"yoast-schema-graph\">{\"@context\":\"https:\/\/schema.org\",\"@graph\":[{\"@type\":\"WebPage\",\"@id\":\"https:\/\/passione500.it\/de\/fiat-500-de\/fiat-500-tt-de\/sport-ersatzteile-tt-de\/satz-bremsschlaeuche-vorn-und-hinten-stahlflex-rot-farbe-fiat-500-f-von-ord-n-fuer-ersatzzwecke-1799302-l-r-giardiniera-von-ord-n-fuer-ersatzzwecke-299233\/\",\"url\":\"https:\/\/passione500.it\/de\/fiat-500-de\/fiat-500-tt-de\/sport-ersatzteile-tt-de\/satz-bremsschlaeuche-vorn-und-hinten-stahlflex-rot-farbe-fiat-500-f-von-ord-n-fuer-ersatzzwecke-1799302-l-r-giardiniera-von-ord-n-fuer-ersatzzwecke-299233\/\",\"name\":\"Bremsschl\u00e4uche Stahlflex Fiat 500 | Passione 500\",\"isPartOf\":{\"@id\":\"https:\/\/passione500.it\/de\/#website\"},\"primaryImageOfPage\":{\"@id\":\"https:\/\/passione500.it\/de\/fiat-500-de\/fiat-500-tt-de\/sport-ersatzteile-tt-de\/satz-bremsschlaeuche-vorn-und-hinten-stahlflex-rot-farbe-fiat-500-f-von-ord-n-fuer-ersatzzwecke-1799302-l-r-giardiniera-von-ord-n-fuer-ersatzzwecke-299233\/#primaryimage\"},\"image\":{\"@id\":\"https:\/\/passione500.it\/de\/fiat-500-de\/fiat-500-tt-de\/sport-ersatzteile-tt-de\/satz-bremsschlaeuche-vorn-und-hinten-stahlflex-rot-farbe-fiat-500-f-von-ord-n-fuer-ersatzzwecke-1799302-l-r-giardiniera-von-ord-n-fuer-ersatzzwecke-299233\/#primaryimage\"},\"thumbnailUrl\":\"https:\/\/passione500.it\/wp-content\/uploads\/2025\/05\/IMG_4019.jpg\",\"datePublished\":\"2025-05-09T14:25:41+00:00\",\"dateModified\":\"2025-05-09T14:40:28+00:00\",\"description\":\"Finden Sie die Bremsschl\u00e4uche Stahlflex f\u00fcr Fiat 500 auf unserer Website. \u00dcber 3.000 Ersatzteile auf Lager. PROFITIEREN SIE VON UNSEREN ANGEBOTEN!\",\"breadcrumb\":{\"@id\":\"https:\/\/passione500.it\/de\/fiat-500-de\/fiat-500-tt-de\/sport-ersatzteile-tt-de\/satz-bremsschlaeuche-vorn-und-hinten-stahlflex-rot-farbe-fiat-500-f-von-ord-n-fuer-ersatzzwecke-1799302-l-r-giardiniera-von-ord-n-fuer-ersatzzwecke-299233\/#breadcrumb\"},\"inLanguage\":\"de\",\"potentialAction\":[{\"@type\":\"ReadAction\",\"target\":[\"https:\/\/passione500.it\/de\/fiat-500-de\/fiat-500-tt-de\/sport-ersatzteile-tt-de\/satz-bremsschlaeuche-vorn-und-hinten-stahlflex-rot-farbe-fiat-500-f-von-ord-n-fuer-ersatzzwecke-1799302-l-r-giardiniera-von-ord-n-fuer-ersatzzwecke-299233\/\"]}]},{\"@type\":\"ImageObject\",\"inLanguage\":\"de\",\"@id\":\"https:\/\/passione500.it\/de\/fiat-500-de\/fiat-500-tt-de\/sport-ersatzteile-tt-de\/satz-bremsschlaeuche-vorn-und-hinten-stahlflex-rot-farbe-fiat-500-f-von-ord-n-fuer-ersatzzwecke-1799302-l-r-giardiniera-von-ord-n-fuer-ersatzzwecke-299233\/#primaryimage\",\"url\":\"https:\/\/passione500.it\/wp-content\/uploads\/2025\/05\/IMG_4019.jpg\",\"contentUrl\":\"https:\/\/passione500.it\/wp-content\/uploads\/2025\/05\/IMG_4019.jpg\",\"width\":2048,\"height\":1536,\"caption\":\"kit tubi freno aeronautici rosso Fiat 500 F L R\"},{\"@type\":\"BreadcrumbList\",\"@id\":\"https:\/\/passione500.it\/de\/fiat-500-de\/fiat-500-tt-de\/sport-ersatzteile-tt-de\/satz-bremsschlaeuche-vorn-und-hinten-stahlflex-rot-farbe-fiat-500-f-von-ord-n-fuer-ersatzzwecke-1799302-l-r-giardiniera-von-ord-n-fuer-ersatzzwecke-299233\/#breadcrumb\",\"itemListElement\":[{\"@type\":\"ListItem\",\"position\":1,\"name\":\"Home\",\"item\":\"https:\/\/passione500.it\/de\/\"},{\"@type\":\"ListItem\",\"position\":2,\"name\":\"Fiat 500\",\"item\":\"https:\/\/passione500.it\/de\/fiat-500-de\/\"},{\"@type\":\"ListItem\",\"position\":3,\"name\":\"Fiat 500 Alle Modelle\",\"item\":\"https:\/\/passione500.it\/de\/fiat-500-de\/fiat-500-tt-de\/\"},{\"@type\":\"ListItem\",\"position\":4,\"name\":\"Sport Ersatzteile\",\"item\":\"https:\/\/passione500.it\/de\/fiat-500-de\/fiat-500-tt-de\/sport-ersatzteile-tt-de\/\"},{\"@type\":\"ListItem\",\"position\":5,\"name\":\"Satz Bremsschl\u00e4uche Vorn und Hinten, Stahlflex \/ Rot Farbe \/ Fiat 500 F (von ord. n.\u00b0 f\u00fcr ersatzzwecke 1799302) &#8211; L &#8211; R &#8211; Giardiniera (von ord. n.\u00b0 f\u00fcr ersatzzwecke 299233)\"}]},{\"@type\":\"WebSite\",\"@id\":\"https:\/\/passione500.it\/de\/#website\",\"url\":\"https:\/\/passione500.it\/de\/\",\"name\":\"Passione 500\",\"description\":\"Ricambi Fiat 500 d&#039;Epoca\",\"publisher\":{\"@id\":\"https:\/\/passione500.it\/de\/#organization\"},\"potentialAction\":[{\"@type\":\"SearchAction\",\"target\":{\"@type\":\"EntryPoint\",\"urlTemplate\":\"https:\/\/passione500.it\/de\/?s={search_term_string}\"},\"query-input\":{\"@type\":\"PropertyValueSpecification\",\"valueRequired\":true,\"valueName\":\"search_term_string\"}}],\"inLanguage\":\"de\"},{\"@type\":\"Organization\",\"@id\":\"https:\/\/passione500.it\/de\/#organization\",\"name\":\"Passione 500\",\"url\":\"https:\/\/passione500.it\/de\/\",\"logo\":{\"@type\":\"ImageObject\",\"inLanguage\":\"de\",\"@id\":\"https:\/\/passione500.it\/de\/#\/schema\/logo\/image\/\",\"url\":\"https:\/\/passione500.it\/wp-content\/uploads\/2025\/12\/PASSIONE-LOGO-APPROVATO.png\",\"contentUrl\":\"https:\/\/passione500.it\/wp-content\/uploads\/2025\/12\/PASSIONE-LOGO-APPROVATO.png\",\"width\":348,\"height\":125,\"caption\":\"Passione 500\"},\"image\":{\"@id\":\"https:\/\/passione500.it\/de\/#\/schema\/logo\/image\/\"}}]}<\/script>\n<!-- \/ Yoast SEO plugin. -->","yoast_head_json":{"title":"Bremsschl\u00e4uche Stahlflex Fiat 500 | Passione 500","description":"Finden Sie die Bremsschl\u00e4uche Stahlflex f\u00fcr Fiat 500 auf unserer Website. \u00dcber 3.000 Ersatzteile auf Lager. PROFITIEREN SIE VON UNSEREN ANGEBOTEN!","robots":{"index":"index","follow":"follow","max-snippet":"max-snippet:-1","max-image-preview":"max-image-preview:large","max-video-preview":"max-video-preview:-1"},"canonical":"https:\/\/passione500.it\/de\/fiat-500-de\/fiat-500-tt-de\/sport-ersatzteile-tt-de\/satz-bremsschlaeuche-vorn-und-hinten-stahlflex-rot-farbe-fiat-500-f-von-ord-n-fuer-ersatzzwecke-1799302-l-r-giardiniera-von-ord-n-fuer-ersatzzwecke-299233\/","og_locale":"de_DE","og_type":"article","og_title":"Bremsschl\u00e4uche Stahlflex Fiat 500 | Passione 500","og_description":"Finden Sie die Bremsschl\u00e4uche Stahlflex f\u00fcr Fiat 500 auf unserer Website. \u00dcber 3.000 Ersatzteile auf Lager. PROFITIEREN SIE VON UNSEREN ANGEBOTEN!","og_url":"https:\/\/passione500.it\/de\/fiat-500-de\/fiat-500-tt-de\/sport-ersatzteile-tt-de\/satz-bremsschlaeuche-vorn-und-hinten-stahlflex-rot-farbe-fiat-500-f-von-ord-n-fuer-ersatzzwecke-1799302-l-r-giardiniera-von-ord-n-fuer-ersatzzwecke-299233\/","og_site_name":"Passione 500","article_modified_time":"2025-05-09T14:40:28+00:00","og_image":[{"width":2048,"height":1536,"url":"https:\/\/passione500.it\/wp-content\/uploads\/2025\/05\/IMG_4019.jpg","type":"image\/jpeg"}],"twitter_card":"summary_large_image","twitter_misc":{"Gesch\u00e4tzte Lesezeit":"1\u00a0Minute"},"schema":{"@context":"https:\/\/schema.org","@graph":[{"@type":"WebPage","@id":"https:\/\/passione500.it\/de\/fiat-500-de\/fiat-500-tt-de\/sport-ersatzteile-tt-de\/satz-bremsschlaeuche-vorn-und-hinten-stahlflex-rot-farbe-fiat-500-f-von-ord-n-fuer-ersatzzwecke-1799302-l-r-giardiniera-von-ord-n-fuer-ersatzzwecke-299233\/","url":"https:\/\/passione500.it\/de\/fiat-500-de\/fiat-500-tt-de\/sport-ersatzteile-tt-de\/satz-bremsschlaeuche-vorn-und-hinten-stahlflex-rot-farbe-fiat-500-f-von-ord-n-fuer-ersatzzwecke-1799302-l-r-giardiniera-von-ord-n-fuer-ersatzzwecke-299233\/","name":"Bremsschl\u00e4uche Stahlflex Fiat 500 | Passione 500","isPartOf":{"@id":"https:\/\/passione500.it\/de\/#website"},"primaryImageOfPage":{"@id":"https:\/\/passione500.it\/de\/fiat-500-de\/fiat-500-tt-de\/sport-ersatzteile-tt-de\/satz-bremsschlaeuche-vorn-und-hinten-stahlflex-rot-farbe-fiat-500-f-von-ord-n-fuer-ersatzzwecke-1799302-l-r-giardiniera-von-ord-n-fuer-ersatzzwecke-299233\/#primaryimage"},"image":{"@id":"https:\/\/passione500.it\/de\/fiat-500-de\/fiat-500-tt-de\/sport-ersatzteile-tt-de\/satz-bremsschlaeuche-vorn-und-hinten-stahlflex-rot-farbe-fiat-500-f-von-ord-n-fuer-ersatzzwecke-1799302-l-r-giardiniera-von-ord-n-fuer-ersatzzwecke-299233\/#primaryimage"},"thumbnailUrl":"https:\/\/passione500.it\/wp-content\/uploads\/2025\/05\/IMG_4019.jpg","datePublished":"2025-05-09T14:25:41+00:00","dateModified":"2025-05-09T14:40:28+00:00","description":"Finden Sie die Bremsschl\u00e4uche Stahlflex f\u00fcr Fiat 500 auf unserer Website. \u00dcber 3.000 Ersatzteile auf Lager. PROFITIEREN SIE VON UNSEREN ANGEBOTEN!","breadcrumb":{"@id":"https:\/\/passione500.it\/de\/fiat-500-de\/fiat-500-tt-de\/sport-ersatzteile-tt-de\/satz-bremsschlaeuche-vorn-und-hinten-stahlflex-rot-farbe-fiat-500-f-von-ord-n-fuer-ersatzzwecke-1799302-l-r-giardiniera-von-ord-n-fuer-ersatzzwecke-299233\/#breadcrumb"},"inLanguage":"de","potentialAction":[{"@type":"ReadAction","target":["https:\/\/passione500.it\/de\/fiat-500-de\/fiat-500-tt-de\/sport-ersatzteile-tt-de\/satz-bremsschlaeuche-vorn-und-hinten-stahlflex-rot-farbe-fiat-500-f-von-ord-n-fuer-ersatzzwecke-1799302-l-r-giardiniera-von-ord-n-fuer-ersatzzwecke-299233\/"]}]},{"@type":"ImageObject","inLanguage":"de","@id":"https:\/\/passione500.it\/de\/fiat-500-de\/fiat-500-tt-de\/sport-ersatzteile-tt-de\/satz-bremsschlaeuche-vorn-und-hinten-stahlflex-rot-farbe-fiat-500-f-von-ord-n-fuer-ersatzzwecke-1799302-l-r-giardiniera-von-ord-n-fuer-ersatzzwecke-299233\/#primaryimage","url":"https:\/\/passione500.it\/wp-content\/uploads\/2025\/05\/IMG_4019.jpg","contentUrl":"https:\/\/passione500.it\/wp-content\/uploads\/2025\/05\/IMG_4019.jpg","width":2048,"height":1536,"caption":"kit tubi freno aeronautici rosso Fiat 500 F L R"},{"@type":"BreadcrumbList","@id":"https:\/\/passione500.it\/de\/fiat-500-de\/fiat-500-tt-de\/sport-ersatzteile-tt-de\/satz-bremsschlaeuche-vorn-und-hinten-stahlflex-rot-farbe-fiat-500-f-von-ord-n-fuer-ersatzzwecke-1799302-l-r-giardiniera-von-ord-n-fuer-ersatzzwecke-299233\/#breadcrumb","itemListElement":[{"@type":"ListItem","position":1,"name":"Home","item":"https:\/\/passione500.it\/de\/"},{"@type":"ListItem","position":2,"name":"Fiat 500","item":"https:\/\/passione500.it\/de\/fiat-500-de\/"},{"@type":"ListItem","position":3,"name":"Fiat 500 Alle Modelle","item":"https:\/\/passione500.it\/de\/fiat-500-de\/fiat-500-tt-de\/"},{"@type":"ListItem","position":4,"name":"Sport Ersatzteile","item":"https:\/\/passione500.it\/de\/fiat-500-de\/fiat-500-tt-de\/sport-ersatzteile-tt-de\/"},{"@type":"ListItem","position":5,"name":"Satz Bremsschl\u00e4uche Vorn und Hinten, Stahlflex \/ Rot Farbe \/ Fiat 500 F (von ord. n.\u00b0 f\u00fcr ersatzzwecke 1799302) &#8211; L &#8211; R &#8211; Giardiniera (von ord. n.\u00b0 f\u00fcr ersatzzwecke 299233)"}]},{"@type":"WebSite","@id":"https:\/\/passione500.it\/de\/#website","url":"https:\/\/passione500.it\/de\/","name":"Passione 500","description":"Ricambi Fiat 500 d&#039;Epoca","publisher":{"@id":"https:\/\/passione500.it\/de\/#organization"},"potentialAction":[{"@type":"SearchAction","target":{"@type":"EntryPoint","urlTemplate":"https:\/\/passione500.it\/de\/?s={search_term_string}"},"query-input":{"@type":"PropertyValueSpecification","valueRequired":true,"valueName":"search_term_string"}}],"inLanguage":"de"},{"@type":"Organization","@id":"https:\/\/passione500.it\/de\/#organization","name":"Passione 500","url":"https:\/\/passione500.it\/de\/","logo":{"@type":"ImageObject","inLanguage":"de","@id":"https:\/\/passione500.it\/de\/#\/schema\/logo\/image\/","url":"https:\/\/passione500.it\/wp-content\/uploads\/2025\/12\/PASSIONE-LOGO-APPROVATO.png","contentUrl":"https:\/\/passione500.it\/wp-content\/uploads\/2025\/12\/PASSIONE-LOGO-APPROVATO.png","width":348,"height":125,"caption":"Passione 500"},"image":{"@id":"https:\/\/passione500.it\/de\/#\/schema\/logo\/image\/"}}]}},"_links":{"self":[{"href":"https:\/\/passione500.it\/de\/wp-json\/wp\/v2\/product\/38628","targetHints":{"allow":["GET"]}}],"collection":[{"href":"https:\/\/passione500.it\/de\/wp-json\/wp\/v2\/product"}],"about":[{"href":"https:\/\/passione500.it\/de\/wp-json\/wp\/v2\/types\/product"}],"wp:featuredmedia":[{"embeddable":true,"href":"https:\/\/passione500.it\/de\/wp-json\/wp\/v2\/media\/38621"}],"wp:attachment":[{"href":"https:\/\/passione500.it\/de\/wp-json\/wp\/v2\/media?parent=38628"}],"wp:term":[{"taxonomy":"product_brand","embeddable":true,"href":"https:\/\/passione500.it\/de\/wp-json\/wp\/v2\/product_brand?post=38628"},{"taxonomy":"product_cat","embeddable":true,"href":"https:\/\/passione500.it\/de\/wp-json\/wp\/v2\/product_cat?post=38628"},{"taxonomy":"product_tag","embeddable":true,"href":"https:\/\/passione500.it\/de\/wp-json\/wp\/v2\/product_tag?post=38628"}],"curies":[{"name":"wp","href":"https:\/\/api.w.org\/{rel}","templated":true}]}}