{"id":52215,"date":"2026-03-09T14:10:14","date_gmt":"2026-03-09T13:10:14","guid":{"rendered":"https:\/\/passione500.it\/?post_type=product&#038;p=52215"},"modified":"2026-03-09T16:10:24","modified_gmt":"2026-03-09T15:10:24","slug":"zuendverteiler-ueberholung-satz-autobianchi-bianchina","status":"publish","type":"product","link":"https:\/\/passione500.it\/de\/autobianchi-bianchina-de\/elektrische-system-bianchina-de\/verteiler-sonstiges-bianchina-de\/zuendverteiler-ueberholung-satz-autobianchi-bianchina\/","title":{"rendered":"Z\u00fcndverteiler \u00dcberholung Satz Autobianchi Bianchina Trasformabile \/ Cabriolet \/ Berlina"},"content":{"rendered":"<h4>F\u00fcr ein komplettes Auto muss 1 Set gekauft werden<\/h4>\n<h4>e\u2013 Das Kit besteht aus:<\/h4>\n<ul>\n<li>\n<h4>nr.1 Verteilerkappe &#8211; Artikelcode AUTELE58<\/h4>\n<\/li>\n<li>\n<h4>nr.1 Verteilerfinger &#8211; Artikelcode AUTELE56<\/h4>\n<\/li>\n<li>\n<h4>nr.1 Z\u00fcndkontaktsatz &#8211; Artikelcode AUTELE55<\/h4>\n<\/li>\n<li>\n<h4>nr.1 Z\u00fcndkondensator &#8211; Artikelcode AUTELE61<\/h4>\n<\/li>\n<\/ul>\n","protected":false},"excerpt":{"rendered":"<p>Prodotto in offerta fino a maggio.<\/p>\n","protected":false},"featured_media":16807,"template":"","meta":{"_et_pb_use_builder":"","_et_pb_old_content":"","_et_gb_content_width":""},"product_brand":[],"product_cat":[6091],"product_tag":[],"class_list":{"0":"post-52215","1":"product","2":"type-product","3":"status-publish","4":"has-post-thumbnail","6":"product_cat-verteiler-sonstiges-bianchina-de","7":"product_shipping_class-versand-1","9":"first","10":"instock","11":"taxable","12":"shipping-taxable","13":"purchasable","14":"product-type-simple"},"yoast_head":"<!-- This site is optimized with the Yoast SEO plugin v27.2 - https:\/\/yoast.com\/product\/yoast-seo-wordpress\/ -->\n<title>Z\u00fcndverteiler \u00dcberholung Satz Autobianchi Bianchina | Passione 500<\/title>\n<meta name=\"description\" content=\"Finden Sie die Z\u00fcndverteiler \u00dcberholung Satz f\u00fcr Autobianchi Bianchina auf unserer Website. \u00dcber 3.000 Ersatzteile auf Lager.PROFITIEREN SIE VON UNSEREN ANGEBOTEN ! %\" \/>\n<meta name=\"robots\" content=\"index, follow, max-snippet:-1, max-image-preview:large, max-video-preview:-1\" \/>\n<link rel=\"canonical\" href=\"https:\/\/passione500.it\/de\/autobianchi-bianchina-de\/elektrische-system-bianchina-de\/verteiler-sonstiges-bianchina-de\/zuendverteiler-ueberholung-satz-autobianchi-bianchina\/\" \/>\n<meta property=\"og:locale\" content=\"de_DE\" \/>\n<meta property=\"og:type\" content=\"article\" \/>\n<meta property=\"og:title\" content=\"Z\u00fcndverteiler \u00dcberholung Satz Autobianchi Bianchina | Passione 500\" \/>\n<meta property=\"og:description\" content=\"Finden Sie die Z\u00fcndverteiler \u00dcberholung Satz f\u00fcr Autobianchi Bianchina auf unserer Website. \u00dcber 3.000 Ersatzteile auf Lager.PROFITIEREN SIE VON UNSEREN ANGEBOTEN ! %\" \/>\n<meta property=\"og:url\" content=\"https:\/\/passione500.it\/de\/autobianchi-bianchina-de\/elektrische-system-bianchina-de\/verteiler-sonstiges-bianchina-de\/zuendverteiler-ueberholung-satz-autobianchi-bianchina\/\" \/>\n<meta property=\"og:site_name\" content=\"Passione 500\" \/>\n<meta property=\"article:modified_time\" content=\"2026-03-09T15:10:24+00:00\" \/>\n<meta property=\"og:image\" content=\"https:\/\/passione500.it\/wp-content\/uploads\/2024\/04\/kit-ricambi-spint.jpg\" \/>\n\t<meta property=\"og:image:width\" content=\"2048\" \/>\n\t<meta property=\"og:image:height\" content=\"1536\" \/>\n\t<meta property=\"og:image:type\" content=\"image\/jpeg\" \/>\n<meta name=\"twitter:card\" content=\"summary_large_image\" \/>\n<meta name=\"twitter:label1\" content=\"Gesch\u00e4tzte Lesezeit\" \/>\n\t<meta name=\"twitter:data1\" content=\"1\u00a0Minute\" \/>\n<script type=\"application\/ld+json\" class=\"yoast-schema-graph\">{\"@context\":\"https:\/\/schema.org\",\"@graph\":[{\"@type\":\"WebPage\",\"@id\":\"https:\/\/passione500.it\/de\/autobianchi-bianchina-de\/elektrische-system-bianchina-de\/verteiler-sonstiges-bianchina-de\/zuendverteiler-ueberholung-satz-autobianchi-bianchina\/\",\"url\":\"https:\/\/passione500.it\/de\/autobianchi-bianchina-de\/elektrische-system-bianchina-de\/verteiler-sonstiges-bianchina-de\/zuendverteiler-ueberholung-satz-autobianchi-bianchina\/\",\"name\":\"Z\u00fcndverteiler \u00dcberholung Satz Autobianchi Bianchina | Passione 500\",\"isPartOf\":{\"@id\":\"https:\/\/passione500.it\/de\/#website\"},\"primaryImageOfPage\":{\"@id\":\"https:\/\/passione500.it\/de\/autobianchi-bianchina-de\/elektrische-system-bianchina-de\/verteiler-sonstiges-bianchina-de\/zuendverteiler-ueberholung-satz-autobianchi-bianchina\/#primaryimage\"},\"image\":{\"@id\":\"https:\/\/passione500.it\/de\/autobianchi-bianchina-de\/elektrische-system-bianchina-de\/verteiler-sonstiges-bianchina-de\/zuendverteiler-ueberholung-satz-autobianchi-bianchina\/#primaryimage\"},\"thumbnailUrl\":\"https:\/\/passione500.it\/wp-content\/uploads\/2024\/04\/kit-ricambi-spint.jpg\",\"datePublished\":\"2026-03-09T13:10:14+00:00\",\"dateModified\":\"2026-03-09T15:10:24+00:00\",\"description\":\"Finden Sie die Z\u00fcndverteiler \u00dcberholung Satz f\u00fcr Autobianchi Bianchina auf unserer Website. \u00dcber 3.000 Ersatzteile auf Lager.PROFITIEREN SIE VON UNSEREN ANGEBOTEN ! %\",\"breadcrumb\":{\"@id\":\"https:\/\/passione500.it\/de\/autobianchi-bianchina-de\/elektrische-system-bianchina-de\/verteiler-sonstiges-bianchina-de\/zuendverteiler-ueberholung-satz-autobianchi-bianchina\/#breadcrumb\"},\"inLanguage\":\"de\",\"potentialAction\":[{\"@type\":\"ReadAction\",\"target\":[\"https:\/\/passione500.it\/de\/autobianchi-bianchina-de\/elektrische-system-bianchina-de\/verteiler-sonstiges-bianchina-de\/zuendverteiler-ueberholung-satz-autobianchi-bianchina\/\"]}]},{\"@type\":\"ImageObject\",\"inLanguage\":\"de\",\"@id\":\"https:\/\/passione500.it\/de\/autobianchi-bianchina-de\/elektrische-system-bianchina-de\/verteiler-sonstiges-bianchina-de\/zuendverteiler-ueberholung-satz-autobianchi-bianchina\/#primaryimage\",\"url\":\"https:\/\/passione500.it\/wp-content\/uploads\/2024\/04\/kit-ricambi-spint.jpg\",\"contentUrl\":\"https:\/\/passione500.it\/wp-content\/uploads\/2024\/04\/kit-ricambi-spint.jpg\",\"width\":2048,\"height\":1536,\"caption\":\"kit ricambi spinterogeno Fiat 500 D F L\"},{\"@type\":\"BreadcrumbList\",\"@id\":\"https:\/\/passione500.it\/de\/autobianchi-bianchina-de\/elektrische-system-bianchina-de\/verteiler-sonstiges-bianchina-de\/zuendverteiler-ueberholung-satz-autobianchi-bianchina\/#breadcrumb\",\"itemListElement\":[{\"@type\":\"ListItem\",\"position\":1,\"name\":\"Home\",\"item\":\"https:\/\/passione500.it\/de\/\"},{\"@type\":\"ListItem\",\"position\":2,\"name\":\"Fiat 500\",\"item\":\"https:\/\/passione500.it\/de\/fiat-500-de\/\"},{\"@type\":\"ListItem\",\"position\":3,\"name\":\"Fiat 500 N\",\"item\":\"https:\/\/passione500.it\/de\/fiat-500-de\/fiat-500-n-de\/\"},{\"@type\":\"ListItem\",\"position\":4,\"name\":\"Schrauben und Befestigungsteile\",\"item\":\"https:\/\/passione500.it\/de\/fiat-500-de\/fiat-500-n-de\/schrauben-und-befestigungsteile-n-de\/\"},{\"@type\":\"ListItem\",\"position\":5,\"name\":\"Z\u00fcndverteiler \u00dcberholung Satz Autobianchi Bianchina Trasformabile \/ Cabriolet \/ Berlina\"}]},{\"@type\":\"WebSite\",\"@id\":\"https:\/\/passione500.it\/de\/#website\",\"url\":\"https:\/\/passione500.it\/de\/\",\"name\":\"Passione 500\",\"description\":\"Ricambi Fiat 500 d&#039;Epoca\",\"publisher\":{\"@id\":\"https:\/\/passione500.it\/de\/#organization\"},\"potentialAction\":[{\"@type\":\"SearchAction\",\"target\":{\"@type\":\"EntryPoint\",\"urlTemplate\":\"https:\/\/passione500.it\/de\/?s={search_term_string}\"},\"query-input\":{\"@type\":\"PropertyValueSpecification\",\"valueRequired\":true,\"valueName\":\"search_term_string\"}}],\"inLanguage\":\"de\"},{\"@type\":\"Organization\",\"@id\":\"https:\/\/passione500.it\/de\/#organization\",\"name\":\"Passione 500\",\"url\":\"https:\/\/passione500.it\/de\/\",\"logo\":{\"@type\":\"ImageObject\",\"inLanguage\":\"de\",\"@id\":\"https:\/\/passione500.it\/de\/#\/schema\/logo\/image\/\",\"url\":\"https:\/\/passione500.it\/wp-content\/uploads\/2025\/12\/PASSIONE-LOGO-APPROVATO.png\",\"contentUrl\":\"https:\/\/passione500.it\/wp-content\/uploads\/2025\/12\/PASSIONE-LOGO-APPROVATO.png\",\"width\":348,\"height\":125,\"caption\":\"Passione 500\"},\"image\":{\"@id\":\"https:\/\/passione500.it\/de\/#\/schema\/logo\/image\/\"}}]}<\/script>\n<!-- \/ Yoast SEO plugin. -->","yoast_head_json":{"title":"Z\u00fcndverteiler \u00dcberholung Satz Autobianchi Bianchina | Passione 500","description":"Finden Sie die Z\u00fcndverteiler \u00dcberholung Satz f\u00fcr Autobianchi Bianchina auf unserer Website. \u00dcber 3.000 Ersatzteile auf Lager.PROFITIEREN SIE VON UNSEREN ANGEBOTEN ! %","robots":{"index":"index","follow":"follow","max-snippet":"max-snippet:-1","max-image-preview":"max-image-preview:large","max-video-preview":"max-video-preview:-1"},"canonical":"https:\/\/passione500.it\/de\/autobianchi-bianchina-de\/elektrische-system-bianchina-de\/verteiler-sonstiges-bianchina-de\/zuendverteiler-ueberholung-satz-autobianchi-bianchina\/","og_locale":"de_DE","og_type":"article","og_title":"Z\u00fcndverteiler \u00dcberholung Satz Autobianchi Bianchina | Passione 500","og_description":"Finden Sie die Z\u00fcndverteiler \u00dcberholung Satz f\u00fcr Autobianchi Bianchina auf unserer Website. \u00dcber 3.000 Ersatzteile auf Lager.PROFITIEREN SIE VON UNSEREN ANGEBOTEN ! %","og_url":"https:\/\/passione500.it\/de\/autobianchi-bianchina-de\/elektrische-system-bianchina-de\/verteiler-sonstiges-bianchina-de\/zuendverteiler-ueberholung-satz-autobianchi-bianchina\/","og_site_name":"Passione 500","article_modified_time":"2026-03-09T15:10:24+00:00","og_image":[{"width":2048,"height":1536,"url":"https:\/\/passione500.it\/wp-content\/uploads\/2024\/04\/kit-ricambi-spint.jpg","type":"image\/jpeg"}],"twitter_card":"summary_large_image","twitter_misc":{"Gesch\u00e4tzte Lesezeit":"1\u00a0Minute"},"schema":{"@context":"https:\/\/schema.org","@graph":[{"@type":"WebPage","@id":"https:\/\/passione500.it\/de\/autobianchi-bianchina-de\/elektrische-system-bianchina-de\/verteiler-sonstiges-bianchina-de\/zuendverteiler-ueberholung-satz-autobianchi-bianchina\/","url":"https:\/\/passione500.it\/de\/autobianchi-bianchina-de\/elektrische-system-bianchina-de\/verteiler-sonstiges-bianchina-de\/zuendverteiler-ueberholung-satz-autobianchi-bianchina\/","name":"Z\u00fcndverteiler \u00dcberholung Satz Autobianchi Bianchina | Passione 500","isPartOf":{"@id":"https:\/\/passione500.it\/de\/#website"},"primaryImageOfPage":{"@id":"https:\/\/passione500.it\/de\/autobianchi-bianchina-de\/elektrische-system-bianchina-de\/verteiler-sonstiges-bianchina-de\/zuendverteiler-ueberholung-satz-autobianchi-bianchina\/#primaryimage"},"image":{"@id":"https:\/\/passione500.it\/de\/autobianchi-bianchina-de\/elektrische-system-bianchina-de\/verteiler-sonstiges-bianchina-de\/zuendverteiler-ueberholung-satz-autobianchi-bianchina\/#primaryimage"},"thumbnailUrl":"https:\/\/passione500.it\/wp-content\/uploads\/2024\/04\/kit-ricambi-spint.jpg","datePublished":"2026-03-09T13:10:14+00:00","dateModified":"2026-03-09T15:10:24+00:00","description":"Finden Sie die Z\u00fcndverteiler \u00dcberholung Satz f\u00fcr Autobianchi Bianchina auf unserer Website. \u00dcber 3.000 Ersatzteile auf Lager.PROFITIEREN SIE VON UNSEREN ANGEBOTEN ! %","breadcrumb":{"@id":"https:\/\/passione500.it\/de\/autobianchi-bianchina-de\/elektrische-system-bianchina-de\/verteiler-sonstiges-bianchina-de\/zuendverteiler-ueberholung-satz-autobianchi-bianchina\/#breadcrumb"},"inLanguage":"de","potentialAction":[{"@type":"ReadAction","target":["https:\/\/passione500.it\/de\/autobianchi-bianchina-de\/elektrische-system-bianchina-de\/verteiler-sonstiges-bianchina-de\/zuendverteiler-ueberholung-satz-autobianchi-bianchina\/"]}]},{"@type":"ImageObject","inLanguage":"de","@id":"https:\/\/passione500.it\/de\/autobianchi-bianchina-de\/elektrische-system-bianchina-de\/verteiler-sonstiges-bianchina-de\/zuendverteiler-ueberholung-satz-autobianchi-bianchina\/#primaryimage","url":"https:\/\/passione500.it\/wp-content\/uploads\/2024\/04\/kit-ricambi-spint.jpg","contentUrl":"https:\/\/passione500.it\/wp-content\/uploads\/2024\/04\/kit-ricambi-spint.jpg","width":2048,"height":1536,"caption":"kit ricambi spinterogeno Fiat 500 D F L"},{"@type":"BreadcrumbList","@id":"https:\/\/passione500.it\/de\/autobianchi-bianchina-de\/elektrische-system-bianchina-de\/verteiler-sonstiges-bianchina-de\/zuendverteiler-ueberholung-satz-autobianchi-bianchina\/#breadcrumb","itemListElement":[{"@type":"ListItem","position":1,"name":"Home","item":"https:\/\/passione500.it\/de\/"},{"@type":"ListItem","position":2,"name":"Fiat 500","item":"https:\/\/passione500.it\/de\/fiat-500-de\/"},{"@type":"ListItem","position":3,"name":"Fiat 500 N","item":"https:\/\/passione500.it\/de\/fiat-500-de\/fiat-500-n-de\/"},{"@type":"ListItem","position":4,"name":"Schrauben und Befestigungsteile","item":"https:\/\/passione500.it\/de\/fiat-500-de\/fiat-500-n-de\/schrauben-und-befestigungsteile-n-de\/"},{"@type":"ListItem","position":5,"name":"Z\u00fcndverteiler \u00dcberholung Satz Autobianchi Bianchina Trasformabile \/ Cabriolet \/ Berlina"}]},{"@type":"WebSite","@id":"https:\/\/passione500.it\/de\/#website","url":"https:\/\/passione500.it\/de\/","name":"Passione 500","description":"Ricambi Fiat 500 d&#039;Epoca","publisher":{"@id":"https:\/\/passione500.it\/de\/#organization"},"potentialAction":[{"@type":"SearchAction","target":{"@type":"EntryPoint","urlTemplate":"https:\/\/passione500.it\/de\/?s={search_term_string}"},"query-input":{"@type":"PropertyValueSpecification","valueRequired":true,"valueName":"search_term_string"}}],"inLanguage":"de"},{"@type":"Organization","@id":"https:\/\/passione500.it\/de\/#organization","name":"Passione 500","url":"https:\/\/passione500.it\/de\/","logo":{"@type":"ImageObject","inLanguage":"de","@id":"https:\/\/passione500.it\/de\/#\/schema\/logo\/image\/","url":"https:\/\/passione500.it\/wp-content\/uploads\/2025\/12\/PASSIONE-LOGO-APPROVATO.png","contentUrl":"https:\/\/passione500.it\/wp-content\/uploads\/2025\/12\/PASSIONE-LOGO-APPROVATO.png","width":348,"height":125,"caption":"Passione 500"},"image":{"@id":"https:\/\/passione500.it\/de\/#\/schema\/logo\/image\/"}}]}},"_links":{"self":[{"href":"https:\/\/passione500.it\/de\/wp-json\/wp\/v2\/product\/52215","targetHints":{"allow":["GET"]}}],"collection":[{"href":"https:\/\/passione500.it\/de\/wp-json\/wp\/v2\/product"}],"about":[{"href":"https:\/\/passione500.it\/de\/wp-json\/wp\/v2\/types\/product"}],"wp:featuredmedia":[{"embeddable":true,"href":"https:\/\/passione500.it\/de\/wp-json\/wp\/v2\/media\/16807"}],"wp:attachment":[{"href":"https:\/\/passione500.it\/de\/wp-json\/wp\/v2\/media?parent=52215"}],"wp:term":[{"taxonomy":"product_brand","embeddable":true,"href":"https:\/\/passione500.it\/de\/wp-json\/wp\/v2\/product_brand?post=52215"},{"taxonomy":"product_cat","embeddable":true,"href":"https:\/\/passione500.it\/de\/wp-json\/wp\/v2\/product_cat?post=52215"},{"taxonomy":"product_tag","embeddable":true,"href":"https:\/\/passione500.it\/de\/wp-json\/wp\/v2\/product_tag?post=52215"}],"curies":[{"name":"wp","href":"https:\/\/api.w.org\/{rel}","templated":true}]}}