{"id":6214,"date":"2023-03-30T17:46:27","date_gmt":"2023-03-30T15:46:28","guid":{"rendered":"https:\/\/passione500.it\/?post_type=product&#038;p=6214"},"modified":"2023-03-30T18:08:44","modified_gmt":"2023-03-30T16:08:44","slug":"frontemblem-aus-verchrom-metall-autobianchi-500-giardiniera-von-ord-n-fur-ersatzzwecke-294-237","status":"publish","type":"product","link":"https:\/\/passione500.it\/de\/fiat-500-de\/fiat-autobianchi-500-giardiniera-de\/embleme-giardiniera-de\/frontemblem-aus-verchrom-metall-autobianchi-500-giardiniera-von-ord-n-fur-ersatzzwecke-294-237\/","title":{"rendered":"Frontemblem aus Verchrom Metall Autobianchi 500 Giardiniera (von ord. n.\u00b0 f\u00fcr ersatzzwecke 294.237)"},"content":{"rendered":"<h4>F\u00fcr ein komplettes Auto muss 1 St\u00fcck gekauft werden<\/h4>\n<h4>\u00dcberpr\u00fcfen Sie die &#8222;ord. n.\u00b0 f\u00fcr ersatzzwecke&#8220; auf dem Alu Fahrzeugrahmen Typenschild Ihres Autos<\/h4>\n<p><img decoding=\"async\" class=\"alignnone wp-image-5690\" src=\"https:\/\/passione500.it\/wp-content\/uploads\/2022\/10\/nr_per-_ricambi-1-300x225.jpg\" alt=\"\" width=\"349\" height=\"262\" \/><\/p>\n","protected":false},"excerpt":{"rendered":"<p>Prodotto in offerta fino a maggio.<\/p>\n","protected":false},"featured_media":6212,"template":"","meta":{"_et_pb_use_builder":"","_et_pb_old_content":"","_et_gb_content_width":""},"product_brand":[],"product_cat":[1103,2439],"product_tag":[],"class_list":{"0":"post-6214","1":"product","2":"type-product","3":"status-publish","4":"has-post-thumbnail","6":"product_cat-embleme-giardiniera-de","7":"product_cat-embleme-tt-de","8":"product_shipping_class-versand-1","10":"first","11":"instock","12":"taxable","13":"shipping-taxable","14":"purchasable","15":"product-type-simple"},"yoast_head":"<!-- This site is optimized with the Yoast SEO plugin v27.2 - https:\/\/yoast.com\/product\/yoast-seo-wordpress\/ -->\n<title>Frontemblem Verchrom Autobianchi 500 Giardiniera - Passione 500<\/title>\n<meta name=\"description\" content=\"Finden Sie die Frontemblem Verchrom f\u00fcr Autobianchi 500 Giardiniera. \u00dcber 3.000 Ersatzteile auf Lager. PROFITIEREN SIE VON UNSEREN ANGEBOTEN!\" \/>\n<meta name=\"robots\" content=\"index, follow, max-snippet:-1, max-image-preview:large, max-video-preview:-1\" \/>\n<link rel=\"canonical\" href=\"https:\/\/passione500.it\/de\/fiat-500-de\/fiat-autobianchi-500-giardiniera-de\/embleme-giardiniera-de\/frontemblem-aus-verchrom-metall-autobianchi-500-giardiniera-von-ord-n-fur-ersatzzwecke-294-237\/\" \/>\n<meta property=\"og:locale\" content=\"de_DE\" \/>\n<meta property=\"og:type\" content=\"article\" \/>\n<meta property=\"og:title\" content=\"Frontemblem Verchrom Autobianchi 500 Giardiniera - Passione 500\" \/>\n<meta property=\"og:description\" content=\"Finden Sie die Frontemblem Verchrom f\u00fcr Autobianchi 500 Giardiniera. \u00dcber 3.000 Ersatzteile auf Lager. PROFITIEREN SIE VON UNSEREN ANGEBOTEN!\" \/>\n<meta property=\"og:url\" content=\"https:\/\/passione500.it\/de\/fiat-500-de\/fiat-autobianchi-500-giardiniera-de\/embleme-giardiniera-de\/frontemblem-aus-verchrom-metall-autobianchi-500-giardiniera-von-ord-n-fur-ersatzzwecke-294-237\/\" \/>\n<meta property=\"og:site_name\" content=\"Passione 500\" \/>\n<meta property=\"article:modified_time\" content=\"2023-03-30T16:08:44+00:00\" \/>\n<meta property=\"og:image\" content=\"https:\/\/passione500.it\/wp-content\/uploads\/2023\/03\/1119767.jpg\" \/>\n\t<meta property=\"og:image:width\" content=\"2048\" \/>\n\t<meta property=\"og:image:height\" content=\"1536\" \/>\n\t<meta property=\"og:image:type\" content=\"image\/jpeg\" \/>\n<meta name=\"twitter:card\" content=\"summary_large_image\" \/>\n<meta name=\"twitter:label1\" content=\"Gesch\u00e4tzte Lesezeit\" \/>\n\t<meta name=\"twitter:data1\" content=\"1\u00a0Minute\" \/>\n<script type=\"application\/ld+json\" class=\"yoast-schema-graph\">{\"@context\":\"https:\/\/schema.org\",\"@graph\":[{\"@type\":\"WebPage\",\"@id\":\"https:\/\/passione500.it\/de\/fiat-500-de\/fiat-autobianchi-500-giardiniera-de\/embleme-giardiniera-de\/frontemblem-aus-verchrom-metall-autobianchi-500-giardiniera-von-ord-n-fur-ersatzzwecke-294-237\/\",\"url\":\"https:\/\/passione500.it\/de\/fiat-500-de\/fiat-autobianchi-500-giardiniera-de\/embleme-giardiniera-de\/frontemblem-aus-verchrom-metall-autobianchi-500-giardiniera-von-ord-n-fur-ersatzzwecke-294-237\/\",\"name\":\"Frontemblem Verchrom Autobianchi 500 Giardiniera - Passione 500\",\"isPartOf\":{\"@id\":\"https:\/\/passione500.it\/de\/#website\"},\"primaryImageOfPage\":{\"@id\":\"https:\/\/passione500.it\/de\/fiat-500-de\/fiat-autobianchi-500-giardiniera-de\/embleme-giardiniera-de\/frontemblem-aus-verchrom-metall-autobianchi-500-giardiniera-von-ord-n-fur-ersatzzwecke-294-237\/#primaryimage\"},\"image\":{\"@id\":\"https:\/\/passione500.it\/de\/fiat-500-de\/fiat-autobianchi-500-giardiniera-de\/embleme-giardiniera-de\/frontemblem-aus-verchrom-metall-autobianchi-500-giardiniera-von-ord-n-fur-ersatzzwecke-294-237\/#primaryimage\"},\"thumbnailUrl\":\"https:\/\/passione500.it\/wp-content\/uploads\/2023\/03\/1119767.jpg\",\"datePublished\":\"2023-03-30T15:46:28+00:00\",\"dateModified\":\"2023-03-30T16:08:44+00:00\",\"description\":\"Finden Sie die Frontemblem Verchrom f\u00fcr Autobianchi 500 Giardiniera. \u00dcber 3.000 Ersatzteile auf Lager. PROFITIEREN SIE VON UNSEREN ANGEBOTEN!\",\"breadcrumb\":{\"@id\":\"https:\/\/passione500.it\/de\/fiat-500-de\/fiat-autobianchi-500-giardiniera-de\/embleme-giardiniera-de\/frontemblem-aus-verchrom-metall-autobianchi-500-giardiniera-von-ord-n-fur-ersatzzwecke-294-237\/#breadcrumb\"},\"inLanguage\":\"de\",\"potentialAction\":[{\"@type\":\"ReadAction\",\"target\":[\"https:\/\/passione500.it\/de\/fiat-500-de\/fiat-autobianchi-500-giardiniera-de\/embleme-giardiniera-de\/frontemblem-aus-verchrom-metall-autobianchi-500-giardiniera-von-ord-n-fur-ersatzzwecke-294-237\/\"]}]},{\"@type\":\"ImageObject\",\"inLanguage\":\"de\",\"@id\":\"https:\/\/passione500.it\/de\/fiat-500-de\/fiat-autobianchi-500-giardiniera-de\/embleme-giardiniera-de\/frontemblem-aus-verchrom-metall-autobianchi-500-giardiniera-von-ord-n-fur-ersatzzwecke-294-237\/#primaryimage\",\"url\":\"https:\/\/passione500.it\/wp-content\/uploads\/2023\/03\/1119767.jpg\",\"contentUrl\":\"https:\/\/passione500.it\/wp-content\/uploads\/2023\/03\/1119767.jpg\",\"width\":2048,\"height\":1536,\"caption\":\"fregio anteriore autobianchi 500 giardiniera\"},{\"@type\":\"BreadcrumbList\",\"@id\":\"https:\/\/passione500.it\/de\/fiat-500-de\/fiat-autobianchi-500-giardiniera-de\/embleme-giardiniera-de\/frontemblem-aus-verchrom-metall-autobianchi-500-giardiniera-von-ord-n-fur-ersatzzwecke-294-237\/#breadcrumb\",\"itemListElement\":[{\"@type\":\"ListItem\",\"position\":1,\"name\":\"Home\",\"item\":\"https:\/\/passione500.it\/de\/\"},{\"@type\":\"ListItem\",\"position\":2,\"name\":\"Fiat 500\",\"item\":\"https:\/\/passione500.it\/de\/fiat-500-de\/\"},{\"@type\":\"ListItem\",\"position\":3,\"name\":\"Fiat und Autobianchi 500 Giardiniera\",\"item\":\"https:\/\/passione500.it\/de\/fiat-500-de\/fiat-autobianchi-500-giardiniera-de\/\"},{\"@type\":\"ListItem\",\"position\":4,\"name\":\"Embleme\",\"item\":\"https:\/\/passione500.it\/de\/fiat-500-de\/fiat-autobianchi-500-giardiniera-de\/embleme-giardiniera-de\/\"},{\"@type\":\"ListItem\",\"position\":5,\"name\":\"Frontemblem aus Verchrom Metall Autobianchi 500 Giardiniera (von ord. n.\u00b0 f\u00fcr ersatzzwecke 294.237)\"}]},{\"@type\":\"WebSite\",\"@id\":\"https:\/\/passione500.it\/de\/#website\",\"url\":\"https:\/\/passione500.it\/de\/\",\"name\":\"Passione 500\",\"description\":\"Ricambi Fiat 500 d&#039;Epoca\",\"publisher\":{\"@id\":\"https:\/\/passione500.it\/de\/#organization\"},\"potentialAction\":[{\"@type\":\"SearchAction\",\"target\":{\"@type\":\"EntryPoint\",\"urlTemplate\":\"https:\/\/passione500.it\/de\/?s={search_term_string}\"},\"query-input\":{\"@type\":\"PropertyValueSpecification\",\"valueRequired\":true,\"valueName\":\"search_term_string\"}}],\"inLanguage\":\"de\"},{\"@type\":\"Organization\",\"@id\":\"https:\/\/passione500.it\/de\/#organization\",\"name\":\"Passione 500\",\"url\":\"https:\/\/passione500.it\/de\/\",\"logo\":{\"@type\":\"ImageObject\",\"inLanguage\":\"de\",\"@id\":\"https:\/\/passione500.it\/de\/#\/schema\/logo\/image\/\",\"url\":\"https:\/\/passione500.it\/wp-content\/uploads\/2025\/12\/PASSIONE-LOGO-APPROVATO.png\",\"contentUrl\":\"https:\/\/passione500.it\/wp-content\/uploads\/2025\/12\/PASSIONE-LOGO-APPROVATO.png\",\"width\":348,\"height\":125,\"caption\":\"Passione 500\"},\"image\":{\"@id\":\"https:\/\/passione500.it\/de\/#\/schema\/logo\/image\/\"}}]}<\/script>\n<!-- \/ Yoast SEO plugin. -->","yoast_head_json":{"title":"Frontemblem Verchrom Autobianchi 500 Giardiniera - Passione 500","description":"Finden Sie die Frontemblem Verchrom f\u00fcr Autobianchi 500 Giardiniera. \u00dcber 3.000 Ersatzteile auf Lager. PROFITIEREN SIE VON UNSEREN ANGEBOTEN!","robots":{"index":"index","follow":"follow","max-snippet":"max-snippet:-1","max-image-preview":"max-image-preview:large","max-video-preview":"max-video-preview:-1"},"canonical":"https:\/\/passione500.it\/de\/fiat-500-de\/fiat-autobianchi-500-giardiniera-de\/embleme-giardiniera-de\/frontemblem-aus-verchrom-metall-autobianchi-500-giardiniera-von-ord-n-fur-ersatzzwecke-294-237\/","og_locale":"de_DE","og_type":"article","og_title":"Frontemblem Verchrom Autobianchi 500 Giardiniera - Passione 500","og_description":"Finden Sie die Frontemblem Verchrom f\u00fcr Autobianchi 500 Giardiniera. \u00dcber 3.000 Ersatzteile auf Lager. PROFITIEREN SIE VON UNSEREN ANGEBOTEN!","og_url":"https:\/\/passione500.it\/de\/fiat-500-de\/fiat-autobianchi-500-giardiniera-de\/embleme-giardiniera-de\/frontemblem-aus-verchrom-metall-autobianchi-500-giardiniera-von-ord-n-fur-ersatzzwecke-294-237\/","og_site_name":"Passione 500","article_modified_time":"2023-03-30T16:08:44+00:00","og_image":[{"width":2048,"height":1536,"url":"https:\/\/passione500.it\/wp-content\/uploads\/2023\/03\/1119767.jpg","type":"image\/jpeg"}],"twitter_card":"summary_large_image","twitter_misc":{"Gesch\u00e4tzte Lesezeit":"1\u00a0Minute"},"schema":{"@context":"https:\/\/schema.org","@graph":[{"@type":"WebPage","@id":"https:\/\/passione500.it\/de\/fiat-500-de\/fiat-autobianchi-500-giardiniera-de\/embleme-giardiniera-de\/frontemblem-aus-verchrom-metall-autobianchi-500-giardiniera-von-ord-n-fur-ersatzzwecke-294-237\/","url":"https:\/\/passione500.it\/de\/fiat-500-de\/fiat-autobianchi-500-giardiniera-de\/embleme-giardiniera-de\/frontemblem-aus-verchrom-metall-autobianchi-500-giardiniera-von-ord-n-fur-ersatzzwecke-294-237\/","name":"Frontemblem Verchrom Autobianchi 500 Giardiniera - Passione 500","isPartOf":{"@id":"https:\/\/passione500.it\/de\/#website"},"primaryImageOfPage":{"@id":"https:\/\/passione500.it\/de\/fiat-500-de\/fiat-autobianchi-500-giardiniera-de\/embleme-giardiniera-de\/frontemblem-aus-verchrom-metall-autobianchi-500-giardiniera-von-ord-n-fur-ersatzzwecke-294-237\/#primaryimage"},"image":{"@id":"https:\/\/passione500.it\/de\/fiat-500-de\/fiat-autobianchi-500-giardiniera-de\/embleme-giardiniera-de\/frontemblem-aus-verchrom-metall-autobianchi-500-giardiniera-von-ord-n-fur-ersatzzwecke-294-237\/#primaryimage"},"thumbnailUrl":"https:\/\/passione500.it\/wp-content\/uploads\/2023\/03\/1119767.jpg","datePublished":"2023-03-30T15:46:28+00:00","dateModified":"2023-03-30T16:08:44+00:00","description":"Finden Sie die Frontemblem Verchrom f\u00fcr Autobianchi 500 Giardiniera. \u00dcber 3.000 Ersatzteile auf Lager. PROFITIEREN SIE VON UNSEREN ANGEBOTEN!","breadcrumb":{"@id":"https:\/\/passione500.it\/de\/fiat-500-de\/fiat-autobianchi-500-giardiniera-de\/embleme-giardiniera-de\/frontemblem-aus-verchrom-metall-autobianchi-500-giardiniera-von-ord-n-fur-ersatzzwecke-294-237\/#breadcrumb"},"inLanguage":"de","potentialAction":[{"@type":"ReadAction","target":["https:\/\/passione500.it\/de\/fiat-500-de\/fiat-autobianchi-500-giardiniera-de\/embleme-giardiniera-de\/frontemblem-aus-verchrom-metall-autobianchi-500-giardiniera-von-ord-n-fur-ersatzzwecke-294-237\/"]}]},{"@type":"ImageObject","inLanguage":"de","@id":"https:\/\/passione500.it\/de\/fiat-500-de\/fiat-autobianchi-500-giardiniera-de\/embleme-giardiniera-de\/frontemblem-aus-verchrom-metall-autobianchi-500-giardiniera-von-ord-n-fur-ersatzzwecke-294-237\/#primaryimage","url":"https:\/\/passione500.it\/wp-content\/uploads\/2023\/03\/1119767.jpg","contentUrl":"https:\/\/passione500.it\/wp-content\/uploads\/2023\/03\/1119767.jpg","width":2048,"height":1536,"caption":"fregio anteriore autobianchi 500 giardiniera"},{"@type":"BreadcrumbList","@id":"https:\/\/passione500.it\/de\/fiat-500-de\/fiat-autobianchi-500-giardiniera-de\/embleme-giardiniera-de\/frontemblem-aus-verchrom-metall-autobianchi-500-giardiniera-von-ord-n-fur-ersatzzwecke-294-237\/#breadcrumb","itemListElement":[{"@type":"ListItem","position":1,"name":"Home","item":"https:\/\/passione500.it\/de\/"},{"@type":"ListItem","position":2,"name":"Fiat 500","item":"https:\/\/passione500.it\/de\/fiat-500-de\/"},{"@type":"ListItem","position":3,"name":"Fiat und Autobianchi 500 Giardiniera","item":"https:\/\/passione500.it\/de\/fiat-500-de\/fiat-autobianchi-500-giardiniera-de\/"},{"@type":"ListItem","position":4,"name":"Embleme","item":"https:\/\/passione500.it\/de\/fiat-500-de\/fiat-autobianchi-500-giardiniera-de\/embleme-giardiniera-de\/"},{"@type":"ListItem","position":5,"name":"Frontemblem aus Verchrom Metall Autobianchi 500 Giardiniera (von ord. n.\u00b0 f\u00fcr ersatzzwecke 294.237)"}]},{"@type":"WebSite","@id":"https:\/\/passione500.it\/de\/#website","url":"https:\/\/passione500.it\/de\/","name":"Passione 500","description":"Ricambi Fiat 500 d&#039;Epoca","publisher":{"@id":"https:\/\/passione500.it\/de\/#organization"},"potentialAction":[{"@type":"SearchAction","target":{"@type":"EntryPoint","urlTemplate":"https:\/\/passione500.it\/de\/?s={search_term_string}"},"query-input":{"@type":"PropertyValueSpecification","valueRequired":true,"valueName":"search_term_string"}}],"inLanguage":"de"},{"@type":"Organization","@id":"https:\/\/passione500.it\/de\/#organization","name":"Passione 500","url":"https:\/\/passione500.it\/de\/","logo":{"@type":"ImageObject","inLanguage":"de","@id":"https:\/\/passione500.it\/de\/#\/schema\/logo\/image\/","url":"https:\/\/passione500.it\/wp-content\/uploads\/2025\/12\/PASSIONE-LOGO-APPROVATO.png","contentUrl":"https:\/\/passione500.it\/wp-content\/uploads\/2025\/12\/PASSIONE-LOGO-APPROVATO.png","width":348,"height":125,"caption":"Passione 500"},"image":{"@id":"https:\/\/passione500.it\/de\/#\/schema\/logo\/image\/"}}]}},"_links":{"self":[{"href":"https:\/\/passione500.it\/de\/wp-json\/wp\/v2\/product\/6214","targetHints":{"allow":["GET"]}}],"collection":[{"href":"https:\/\/passione500.it\/de\/wp-json\/wp\/v2\/product"}],"about":[{"href":"https:\/\/passione500.it\/de\/wp-json\/wp\/v2\/types\/product"}],"wp:featuredmedia":[{"embeddable":true,"href":"https:\/\/passione500.it\/de\/wp-json\/wp\/v2\/media\/6212"}],"wp:attachment":[{"href":"https:\/\/passione500.it\/de\/wp-json\/wp\/v2\/media?parent=6214"}],"wp:term":[{"taxonomy":"product_brand","embeddable":true,"href":"https:\/\/passione500.it\/de\/wp-json\/wp\/v2\/product_brand?post=6214"},{"taxonomy":"product_cat","embeddable":true,"href":"https:\/\/passione500.it\/de\/wp-json\/wp\/v2\/product_cat?post=6214"},{"taxonomy":"product_tag","embeddable":true,"href":"https:\/\/passione500.it\/de\/wp-json\/wp\/v2\/product_tag?post=6214"}],"curies":[{"name":"wp","href":"https:\/\/api.w.org\/{rel}","templated":true}]}}