{"id":13850,"date":"2024-01-18T18:37:52","date_gmt":"2024-01-18T17:37:52","guid":{"rendered":"https:\/\/passione500.it\/?post_type=product&#038;p=13850"},"modified":"2026-03-05T14:51:08","modified_gmt":"2026-03-05T13:51:08","slug":"joint-intermediaire-pour-feux-de-position-avant-fiat-500-n-du-n-de-pieces-detachees-099627-d-giardiniera-base-d","status":"publish","type":"product","link":"https:\/\/passione500.it\/fr\/fiat-500-fr\/fiat-autobianchi-500-giardiniera-fr\/lumieres-et-ampoules-giardiniera-fr\/avant-lumieres-lumieres-et-ampoules-giardiniera-fr\/joint-intermediaire-pour-feux-de-position-avant-fiat-500-n-du-n-de-pieces-detachees-099627-d-giardiniera-base-d\/","title":{"rendered":"Joint Interm\u00e9diaire pour Feux de Position Avant Fiat 500 N (du n.\u00b0 de pi\u00e8ces d\u00e9tach\u00e9es 099627) &#8211; D &#8211; Giardiniera base D"},"content":{"rendered":"<h4>Pour une voiture compl\u00e8te il est n\u00e9cessaire d&rsquo;acheter 2 pi\u00e8ces<\/h4>\n<h4>V\u00e9rifiez le \u00ab\u00a0n.\u00b0 de pi\u00e8ces d\u00e9tach\u00e9es\u00a0\u00bb sur la plaque d\u2019identification du chassis en aluminium de votre voiture<\/h4>\n<p><img decoding=\"async\" class=\"alignnone wp-image-5690\" src=\"https:\/\/passione500.it\/wp-content\/uploads\/2022\/10\/nr_per-_ricambi-1-300x225.jpg\" alt=\"\" width=\"349\" height=\"262\"><\/p>\n","protected":false},"excerpt":{"rendered":"<p>Prodotto in offerta fino a maggio.<\/p>\n","protected":false},"featured_media":13835,"template":"","meta":{"_et_pb_use_builder":"","_et_pb_old_content":"","_et_gb_content_width":""},"product_brand":[],"product_cat":[693,1338,1350,2489,749,1868,1872,2519],"product_tag":[],"class_list":{"0":"post-13850","1":"product","2":"type-product","3":"status-publish","4":"has-post-thumbnail","6":"product_cat-avant-lumieres-lumieres-et-ampoules-n-fr","7":"product_cat-avant-lumieres-lumieres-et-ampoules-d-fr","8":"product_cat-avant-lumieres-lumieres-et-ampoules-giardiniera-fr","9":"product_cat-avant-lumieres-tt-fr","10":"product_cat-particulier-en-caoutchouc-n-fr","11":"product_cat-particulier-en-caoutchouc-d-fr","12":"product_cat-particulier-en-caoutchouc-giard-fr","13":"product_cat-particulier-en-caoutchouc-tt-fr","14":"product_shipping_class-shipping-1-fr","16":"first","17":"instock","18":"taxable","19":"shipping-taxable","20":"purchasable","21":"product-type-simple"},"yoast_head":"<!-- This site is optimized with the Yoast SEO plugin v27.2 - https:\/\/yoast.com\/product\/yoast-seo-wordpress\/ -->\n<title>Joint Feux Position Avant Fiat 500 | Passione 500<\/title>\n<meta name=\"description\" content=\"Retrouvez sur notre site Joint Feux Position Avant pour Fiat 500. Plus de 3000 pi\u00e8ces d\u00e9tach\u00e9es disponibles en stock.PROFITEZ DE NOS OFFRES ! %\" \/>\n<meta name=\"robots\" content=\"index, follow, max-snippet:-1, max-image-preview:large, max-video-preview:-1\" \/>\n<link rel=\"canonical\" href=\"https:\/\/passione500.it\/fr\/fiat-500-fr\/fiat-autobianchi-500-giardiniera-fr\/lumieres-et-ampoules-giardiniera-fr\/avant-lumieres-lumieres-et-ampoules-giardiniera-fr\/joint-intermediaire-pour-feux-de-position-avant-fiat-500-n-du-n-de-pieces-detachees-099627-d-giardiniera-base-d\/\" \/>\n<meta property=\"og:locale\" content=\"fr_FR\" \/>\n<meta property=\"og:type\" content=\"article\" \/>\n<meta property=\"og:title\" content=\"Joint Feux Position Avant Fiat 500 | Passione 500\" \/>\n<meta property=\"og:description\" content=\"Retrouvez sur notre site Joint Feux Position Avant pour Fiat 500. Plus de 3000 pi\u00e8ces d\u00e9tach\u00e9es disponibles en stock.PROFITEZ DE NOS OFFRES ! %\" \/>\n<meta property=\"og:url\" content=\"https:\/\/passione500.it\/fr\/fiat-500-fr\/fiat-autobianchi-500-giardiniera-fr\/lumieres-et-ampoules-giardiniera-fr\/avant-lumieres-lumieres-et-ampoules-giardiniera-fr\/joint-intermediaire-pour-feux-de-position-avant-fiat-500-n-du-n-de-pieces-detachees-099627-d-giardiniera-base-d\/\" \/>\n<meta property=\"og:site_name\" content=\"Passione 500\" \/>\n<meta property=\"article:modified_time\" content=\"2026-03-05T13:51:08+00:00\" \/>\n<meta property=\"og:image\" content=\"https:\/\/passione500.it\/wp-content\/uploads\/2024\/01\/guarnizione-intermedia-fanalino-ant.jpg\" \/>\n\t<meta property=\"og:image:width\" content=\"2048\" \/>\n\t<meta property=\"og:image:height\" content=\"1536\" \/>\n\t<meta property=\"og:image:type\" content=\"image\/jpeg\" \/>\n<meta name=\"twitter:card\" content=\"summary_large_image\" \/>\n<meta name=\"twitter:label1\" content=\"Dur\u00e9e de lecture estim\u00e9e\" \/>\n\t<meta name=\"twitter:data1\" content=\"1 minute\" \/>\n<script type=\"application\/ld+json\" class=\"yoast-schema-graph\">{\"@context\":\"https:\/\/schema.org\",\"@graph\":[{\"@type\":\"WebPage\",\"@id\":\"https:\/\/passione500.it\/fr\/fiat-500-fr\/fiat-autobianchi-500-giardiniera-fr\/lumieres-et-ampoules-giardiniera-fr\/avant-lumieres-lumieres-et-ampoules-giardiniera-fr\/joint-intermediaire-pour-feux-de-position-avant-fiat-500-n-du-n-de-pieces-detachees-099627-d-giardiniera-base-d\/\",\"url\":\"https:\/\/passione500.it\/fr\/fiat-500-fr\/fiat-autobianchi-500-giardiniera-fr\/lumieres-et-ampoules-giardiniera-fr\/avant-lumieres-lumieres-et-ampoules-giardiniera-fr\/joint-intermediaire-pour-feux-de-position-avant-fiat-500-n-du-n-de-pieces-detachees-099627-d-giardiniera-base-d\/\",\"name\":\"Joint Feux Position Avant Fiat 500 | Passione 500\",\"isPartOf\":{\"@id\":\"https:\/\/passione500.it\/fr\/#website\"},\"primaryImageOfPage\":{\"@id\":\"https:\/\/passione500.it\/fr\/fiat-500-fr\/fiat-autobianchi-500-giardiniera-fr\/lumieres-et-ampoules-giardiniera-fr\/avant-lumieres-lumieres-et-ampoules-giardiniera-fr\/joint-intermediaire-pour-feux-de-position-avant-fiat-500-n-du-n-de-pieces-detachees-099627-d-giardiniera-base-d\/#primaryimage\"},\"image\":{\"@id\":\"https:\/\/passione500.it\/fr\/fiat-500-fr\/fiat-autobianchi-500-giardiniera-fr\/lumieres-et-ampoules-giardiniera-fr\/avant-lumieres-lumieres-et-ampoules-giardiniera-fr\/joint-intermediaire-pour-feux-de-position-avant-fiat-500-n-du-n-de-pieces-detachees-099627-d-giardiniera-base-d\/#primaryimage\"},\"thumbnailUrl\":\"https:\/\/passione500.it\/wp-content\/uploads\/2024\/01\/guarnizione-intermedia-fanalino-ant.jpg\",\"datePublished\":\"2024-01-18T17:37:52+00:00\",\"dateModified\":\"2026-03-05T13:51:08+00:00\",\"description\":\"Retrouvez sur notre site Joint Feux Position Avant pour Fiat 500. Plus de 3000 pi\u00e8ces d\u00e9tach\u00e9es disponibles en stock.PROFITEZ DE NOS OFFRES ! %\",\"breadcrumb\":{\"@id\":\"https:\/\/passione500.it\/fr\/fiat-500-fr\/fiat-autobianchi-500-giardiniera-fr\/lumieres-et-ampoules-giardiniera-fr\/avant-lumieres-lumieres-et-ampoules-giardiniera-fr\/joint-intermediaire-pour-feux-de-position-avant-fiat-500-n-du-n-de-pieces-detachees-099627-d-giardiniera-base-d\/#breadcrumb\"},\"inLanguage\":\"fr-FR\",\"potentialAction\":[{\"@type\":\"ReadAction\",\"target\":[\"https:\/\/passione500.it\/fr\/fiat-500-fr\/fiat-autobianchi-500-giardiniera-fr\/lumieres-et-ampoules-giardiniera-fr\/avant-lumieres-lumieres-et-ampoules-giardiniera-fr\/joint-intermediaire-pour-feux-de-position-avant-fiat-500-n-du-n-de-pieces-detachees-099627-d-giardiniera-base-d\/\"]}]},{\"@type\":\"ImageObject\",\"inLanguage\":\"fr-FR\",\"@id\":\"https:\/\/passione500.it\/fr\/fiat-500-fr\/fiat-autobianchi-500-giardiniera-fr\/lumieres-et-ampoules-giardiniera-fr\/avant-lumieres-lumieres-et-ampoules-giardiniera-fr\/joint-intermediaire-pour-feux-de-position-avant-fiat-500-n-du-n-de-pieces-detachees-099627-d-giardiniera-base-d\/#primaryimage\",\"url\":\"https:\/\/passione500.it\/wp-content\/uploads\/2024\/01\/guarnizione-intermedia-fanalino-ant.jpg\",\"contentUrl\":\"https:\/\/passione500.it\/wp-content\/uploads\/2024\/01\/guarnizione-intermedia-fanalino-ant.jpg\",\"width\":2048,\"height\":1536,\"caption\":\"guarnizione intermedia fanalino anteriore Fiat 500\"},{\"@type\":\"BreadcrumbList\",\"@id\":\"https:\/\/passione500.it\/fr\/fiat-500-fr\/fiat-autobianchi-500-giardiniera-fr\/lumieres-et-ampoules-giardiniera-fr\/avant-lumieres-lumieres-et-ampoules-giardiniera-fr\/joint-intermediaire-pour-feux-de-position-avant-fiat-500-n-du-n-de-pieces-detachees-099627-d-giardiniera-base-d\/#breadcrumb\",\"itemListElement\":[{\"@type\":\"ListItem\",\"position\":1,\"name\":\"Home\",\"item\":\"https:\/\/passione500.it\/fr\/\"},{\"@type\":\"ListItem\",\"position\":2,\"name\":\"Fiat 500\",\"item\":\"https:\/\/passione500.it\/fr\/fiat-500-fr\/\"},{\"@type\":\"ListItem\",\"position\":3,\"name\":\"Fiat et Autobianchi 500 Giardiniera\",\"item\":\"https:\/\/passione500.it\/fr\/fiat-500-fr\/fiat-autobianchi-500-giardiniera-fr\/\"},{\"@type\":\"ListItem\",\"position\":4,\"name\":\"Lumi\u00e8res et Ampoules\",\"item\":\"https:\/\/passione500.it\/fr\/fiat-500-fr\/fiat-autobianchi-500-giardiniera-fr\/lumieres-et-ampoules-giardiniera-fr\/\"},{\"@type\":\"ListItem\",\"position\":5,\"name\":\"Avant Lumi\u00e8res\",\"item\":\"https:\/\/passione500.it\/fr\/fiat-500-fr\/fiat-autobianchi-500-giardiniera-fr\/lumieres-et-ampoules-giardiniera-fr\/avant-lumieres-lumieres-et-ampoules-giardiniera-fr\/\"},{\"@type\":\"ListItem\",\"position\":6,\"name\":\"Joint Interm\u00e9diaire pour Feux de Position Avant Fiat 500 N (du n.\u00b0 de pi\u00e8ces d\u00e9tach\u00e9es 099627) &#8211; D &#8211; Giardiniera base D\"}]},{\"@type\":\"WebSite\",\"@id\":\"https:\/\/passione500.it\/fr\/#website\",\"url\":\"https:\/\/passione500.it\/fr\/\",\"name\":\"Passione 500\",\"description\":\"Ricambi Fiat 500 d&#039;Epoca\",\"publisher\":{\"@id\":\"https:\/\/passione500.it\/fr\/#organization\"},\"potentialAction\":[{\"@type\":\"SearchAction\",\"target\":{\"@type\":\"EntryPoint\",\"urlTemplate\":\"https:\/\/passione500.it\/fr\/?s={search_term_string}\"},\"query-input\":{\"@type\":\"PropertyValueSpecification\",\"valueRequired\":true,\"valueName\":\"search_term_string\"}}],\"inLanguage\":\"fr-FR\"},{\"@type\":\"Organization\",\"@id\":\"https:\/\/passione500.it\/fr\/#organization\",\"name\":\"Passione 500\",\"url\":\"https:\/\/passione500.it\/fr\/\",\"logo\":{\"@type\":\"ImageObject\",\"inLanguage\":\"fr-FR\",\"@id\":\"https:\/\/passione500.it\/fr\/#\/schema\/logo\/image\/\",\"url\":\"https:\/\/passione500.it\/wp-content\/uploads\/2025\/12\/PASSIONE-LOGO-APPROVATO.png\",\"contentUrl\":\"https:\/\/passione500.it\/wp-content\/uploads\/2025\/12\/PASSIONE-LOGO-APPROVATO.png\",\"width\":348,\"height\":125,\"caption\":\"Passione 500\"},\"image\":{\"@id\":\"https:\/\/passione500.it\/fr\/#\/schema\/logo\/image\/\"}}]}<\/script>\n<!-- \/ Yoast SEO plugin. -->","yoast_head_json":{"title":"Joint Feux Position Avant Fiat 500 | Passione 500","description":"Retrouvez sur notre site Joint Feux Position Avant pour Fiat 500. Plus de 3000 pi\u00e8ces d\u00e9tach\u00e9es disponibles en stock.PROFITEZ DE NOS OFFRES ! %","robots":{"index":"index","follow":"follow","max-snippet":"max-snippet:-1","max-image-preview":"max-image-preview:large","max-video-preview":"max-video-preview:-1"},"canonical":"https:\/\/passione500.it\/fr\/fiat-500-fr\/fiat-autobianchi-500-giardiniera-fr\/lumieres-et-ampoules-giardiniera-fr\/avant-lumieres-lumieres-et-ampoules-giardiniera-fr\/joint-intermediaire-pour-feux-de-position-avant-fiat-500-n-du-n-de-pieces-detachees-099627-d-giardiniera-base-d\/","og_locale":"fr_FR","og_type":"article","og_title":"Joint Feux Position Avant Fiat 500 | Passione 500","og_description":"Retrouvez sur notre site Joint Feux Position Avant pour Fiat 500. Plus de 3000 pi\u00e8ces d\u00e9tach\u00e9es disponibles en stock.PROFITEZ DE NOS OFFRES ! %","og_url":"https:\/\/passione500.it\/fr\/fiat-500-fr\/fiat-autobianchi-500-giardiniera-fr\/lumieres-et-ampoules-giardiniera-fr\/avant-lumieres-lumieres-et-ampoules-giardiniera-fr\/joint-intermediaire-pour-feux-de-position-avant-fiat-500-n-du-n-de-pieces-detachees-099627-d-giardiniera-base-d\/","og_site_name":"Passione 500","article_modified_time":"2026-03-05T13:51:08+00:00","og_image":[{"width":2048,"height":1536,"url":"https:\/\/passione500.it\/wp-content\/uploads\/2024\/01\/guarnizione-intermedia-fanalino-ant.jpg","type":"image\/jpeg"}],"twitter_card":"summary_large_image","twitter_misc":{"Dur\u00e9e de lecture estim\u00e9e":"1 minute"},"schema":{"@context":"https:\/\/schema.org","@graph":[{"@type":"WebPage","@id":"https:\/\/passione500.it\/fr\/fiat-500-fr\/fiat-autobianchi-500-giardiniera-fr\/lumieres-et-ampoules-giardiniera-fr\/avant-lumieres-lumieres-et-ampoules-giardiniera-fr\/joint-intermediaire-pour-feux-de-position-avant-fiat-500-n-du-n-de-pieces-detachees-099627-d-giardiniera-base-d\/","url":"https:\/\/passione500.it\/fr\/fiat-500-fr\/fiat-autobianchi-500-giardiniera-fr\/lumieres-et-ampoules-giardiniera-fr\/avant-lumieres-lumieres-et-ampoules-giardiniera-fr\/joint-intermediaire-pour-feux-de-position-avant-fiat-500-n-du-n-de-pieces-detachees-099627-d-giardiniera-base-d\/","name":"Joint Feux Position Avant Fiat 500 | Passione 500","isPartOf":{"@id":"https:\/\/passione500.it\/fr\/#website"},"primaryImageOfPage":{"@id":"https:\/\/passione500.it\/fr\/fiat-500-fr\/fiat-autobianchi-500-giardiniera-fr\/lumieres-et-ampoules-giardiniera-fr\/avant-lumieres-lumieres-et-ampoules-giardiniera-fr\/joint-intermediaire-pour-feux-de-position-avant-fiat-500-n-du-n-de-pieces-detachees-099627-d-giardiniera-base-d\/#primaryimage"},"image":{"@id":"https:\/\/passione500.it\/fr\/fiat-500-fr\/fiat-autobianchi-500-giardiniera-fr\/lumieres-et-ampoules-giardiniera-fr\/avant-lumieres-lumieres-et-ampoules-giardiniera-fr\/joint-intermediaire-pour-feux-de-position-avant-fiat-500-n-du-n-de-pieces-detachees-099627-d-giardiniera-base-d\/#primaryimage"},"thumbnailUrl":"https:\/\/passione500.it\/wp-content\/uploads\/2024\/01\/guarnizione-intermedia-fanalino-ant.jpg","datePublished":"2024-01-18T17:37:52+00:00","dateModified":"2026-03-05T13:51:08+00:00","description":"Retrouvez sur notre site Joint Feux Position Avant pour Fiat 500. Plus de 3000 pi\u00e8ces d\u00e9tach\u00e9es disponibles en stock.PROFITEZ DE NOS OFFRES ! %","breadcrumb":{"@id":"https:\/\/passione500.it\/fr\/fiat-500-fr\/fiat-autobianchi-500-giardiniera-fr\/lumieres-et-ampoules-giardiniera-fr\/avant-lumieres-lumieres-et-ampoules-giardiniera-fr\/joint-intermediaire-pour-feux-de-position-avant-fiat-500-n-du-n-de-pieces-detachees-099627-d-giardiniera-base-d\/#breadcrumb"},"inLanguage":"fr-FR","potentialAction":[{"@type":"ReadAction","target":["https:\/\/passione500.it\/fr\/fiat-500-fr\/fiat-autobianchi-500-giardiniera-fr\/lumieres-et-ampoules-giardiniera-fr\/avant-lumieres-lumieres-et-ampoules-giardiniera-fr\/joint-intermediaire-pour-feux-de-position-avant-fiat-500-n-du-n-de-pieces-detachees-099627-d-giardiniera-base-d\/"]}]},{"@type":"ImageObject","inLanguage":"fr-FR","@id":"https:\/\/passione500.it\/fr\/fiat-500-fr\/fiat-autobianchi-500-giardiniera-fr\/lumieres-et-ampoules-giardiniera-fr\/avant-lumieres-lumieres-et-ampoules-giardiniera-fr\/joint-intermediaire-pour-feux-de-position-avant-fiat-500-n-du-n-de-pieces-detachees-099627-d-giardiniera-base-d\/#primaryimage","url":"https:\/\/passione500.it\/wp-content\/uploads\/2024\/01\/guarnizione-intermedia-fanalino-ant.jpg","contentUrl":"https:\/\/passione500.it\/wp-content\/uploads\/2024\/01\/guarnizione-intermedia-fanalino-ant.jpg","width":2048,"height":1536,"caption":"guarnizione intermedia fanalino anteriore Fiat 500"},{"@type":"BreadcrumbList","@id":"https:\/\/passione500.it\/fr\/fiat-500-fr\/fiat-autobianchi-500-giardiniera-fr\/lumieres-et-ampoules-giardiniera-fr\/avant-lumieres-lumieres-et-ampoules-giardiniera-fr\/joint-intermediaire-pour-feux-de-position-avant-fiat-500-n-du-n-de-pieces-detachees-099627-d-giardiniera-base-d\/#breadcrumb","itemListElement":[{"@type":"ListItem","position":1,"name":"Home","item":"https:\/\/passione500.it\/fr\/"},{"@type":"ListItem","position":2,"name":"Fiat 500","item":"https:\/\/passione500.it\/fr\/fiat-500-fr\/"},{"@type":"ListItem","position":3,"name":"Fiat et Autobianchi 500 Giardiniera","item":"https:\/\/passione500.it\/fr\/fiat-500-fr\/fiat-autobianchi-500-giardiniera-fr\/"},{"@type":"ListItem","position":4,"name":"Lumi\u00e8res et Ampoules","item":"https:\/\/passione500.it\/fr\/fiat-500-fr\/fiat-autobianchi-500-giardiniera-fr\/lumieres-et-ampoules-giardiniera-fr\/"},{"@type":"ListItem","position":5,"name":"Avant Lumi\u00e8res","item":"https:\/\/passione500.it\/fr\/fiat-500-fr\/fiat-autobianchi-500-giardiniera-fr\/lumieres-et-ampoules-giardiniera-fr\/avant-lumieres-lumieres-et-ampoules-giardiniera-fr\/"},{"@type":"ListItem","position":6,"name":"Joint Interm\u00e9diaire pour Feux de Position Avant Fiat 500 N (du n.\u00b0 de pi\u00e8ces d\u00e9tach\u00e9es 099627) &#8211; D &#8211; Giardiniera base D"}]},{"@type":"WebSite","@id":"https:\/\/passione500.it\/fr\/#website","url":"https:\/\/passione500.it\/fr\/","name":"Passione 500","description":"Ricambi Fiat 500 d&#039;Epoca","publisher":{"@id":"https:\/\/passione500.it\/fr\/#organization"},"potentialAction":[{"@type":"SearchAction","target":{"@type":"EntryPoint","urlTemplate":"https:\/\/passione500.it\/fr\/?s={search_term_string}"},"query-input":{"@type":"PropertyValueSpecification","valueRequired":true,"valueName":"search_term_string"}}],"inLanguage":"fr-FR"},{"@type":"Organization","@id":"https:\/\/passione500.it\/fr\/#organization","name":"Passione 500","url":"https:\/\/passione500.it\/fr\/","logo":{"@type":"ImageObject","inLanguage":"fr-FR","@id":"https:\/\/passione500.it\/fr\/#\/schema\/logo\/image\/","url":"https:\/\/passione500.it\/wp-content\/uploads\/2025\/12\/PASSIONE-LOGO-APPROVATO.png","contentUrl":"https:\/\/passione500.it\/wp-content\/uploads\/2025\/12\/PASSIONE-LOGO-APPROVATO.png","width":348,"height":125,"caption":"Passione 500"},"image":{"@id":"https:\/\/passione500.it\/fr\/#\/schema\/logo\/image\/"}}]}},"_links":{"self":[{"href":"https:\/\/passione500.it\/fr\/wp-json\/wp\/v2\/product\/13850","targetHints":{"allow":["GET"]}}],"collection":[{"href":"https:\/\/passione500.it\/fr\/wp-json\/wp\/v2\/product"}],"about":[{"href":"https:\/\/passione500.it\/fr\/wp-json\/wp\/v2\/types\/product"}],"wp:featuredmedia":[{"embeddable":true,"href":"https:\/\/passione500.it\/fr\/wp-json\/wp\/v2\/media\/13835"}],"wp:attachment":[{"href":"https:\/\/passione500.it\/fr\/wp-json\/wp\/v2\/media?parent=13850"}],"wp:term":[{"taxonomy":"product_brand","embeddable":true,"href":"https:\/\/passione500.it\/fr\/wp-json\/wp\/v2\/product_brand?post=13850"},{"taxonomy":"product_cat","embeddable":true,"href":"https:\/\/passione500.it\/fr\/wp-json\/wp\/v2\/product_cat?post=13850"},{"taxonomy":"product_tag","embeddable":true,"href":"https:\/\/passione500.it\/fr\/wp-json\/wp\/v2\/product_tag?post=13850"}],"curies":[{"name":"wp","href":"https:\/\/api.w.org\/{rel}","templated":true}]}}