{"id":15757,"date":"2024-02-12T15:41:08","date_gmt":"2024-02-12T14:41:11","guid":{"rendered":"https:\/\/passione500.it\/?post_type=product&#038;p=15757"},"modified":"2024-02-12T16:07:11","modified_gmt":"2024-02-12T15:07:11","slug":"semelle-caoutchouc-pour-regulateur-dynamo-fiat-500","status":"publish","type":"product","link":"https:\/\/passione500.it\/fr\/fiat-500-fr\/fiat-500-n-fr\/systeme-electrique-n-fr\/dynamo-et-particulier-systeme-electrique-n-fr\/semelle-caoutchouc-pour-regulateur-dynamo-fiat-500\/","title":{"rendered":"Semelle Caoutchouc pour R\u00e9gulateur Dynamo Fiat 500"},"content":{"rendered":"<h4>Pour une voiture compl\u00e8te il est n\u00e9cessaire d&rsquo;acheter 1 pi\u00e8ce<\/h4>\n","protected":false},"excerpt":{"rendered":"<p>Prodotto in offerta fino a maggio.<\/p>\n","protected":false},"featured_media":15744,"template":"","meta":{"_et_pb_use_builder":"","_et_pb_old_content":"","_et_gb_content_width":""},"product_brand":[],"product_cat":[709,1458,1461,1464,1467,1470,2504,749,1868,1869,1870,1871,1872,2519],"product_tag":[],"class_list":{"0":"post-15757","1":"product","2":"type-product","3":"status-publish","4":"has-post-thumbnail","6":"product_cat-dynamo-et-particulier-systeme-electrique-n-fr","7":"product_cat-dynamo-et-particulier-systeme-electrique-d-fr","8":"product_cat-dynamo-et-particulier-systeme-electrique-f-fr","9":"product_cat-dynamo-et-particulier-systeme-electrique-l-fr","10":"product_cat-dynamo-et-particulier-systeme-electrique-r-fr","11":"product_cat-dynamo-et-particulier-systeme-electrique-giardiniera-fr","12":"product_cat-dynamo-et-particulier-tt-fr","13":"product_cat-particulier-en-caoutchouc-n-fr","14":"product_cat-particulier-en-caoutchouc-d-fr","15":"product_cat-particulier-en-caoutchouc-f-fr","16":"product_cat-particulier-en-caoutchouc-l-fr","17":"product_cat-particulier-en-caoutchouc-r-fr","18":"product_cat-particulier-en-caoutchouc-giard-fr","19":"product_cat-particulier-en-caoutchouc-tt-fr","20":"product_shipping_class-shipping-1-fr","22":"first","23":"instock","24":"taxable","25":"shipping-taxable","26":"purchasable","27":"product-type-simple"},"yoast_head":"<!-- This site is optimized with the Yoast SEO plugin v27.2 - https:\/\/yoast.com\/product\/yoast-seo-wordpress\/ -->\n<title>Caoutchouc R\u00e9gulateur Dynamo Fiat 500 | Passione 500<\/title>\n<meta name=\"description\" content=\"Retrouvez sur notre site Caoutchouc R\u00e9gulateur Dynamo pour Fiat 500. Plus de 3000 pi\u00e8ces d\u00e9tach\u00e9es disponibles en stock.PROFITEZ DE NOS OFFRES ! %\" \/>\n<meta name=\"robots\" content=\"index, follow, max-snippet:-1, max-image-preview:large, max-video-preview:-1\" \/>\n<link rel=\"canonical\" href=\"https:\/\/passione500.it\/fr\/fiat-500-fr\/fiat-500-n-fr\/systeme-electrique-n-fr\/dynamo-et-particulier-systeme-electrique-n-fr\/semelle-caoutchouc-pour-regulateur-dynamo-fiat-500\/\" \/>\n<meta property=\"og:locale\" content=\"fr_FR\" \/>\n<meta property=\"og:type\" content=\"article\" \/>\n<meta property=\"og:title\" content=\"Caoutchouc R\u00e9gulateur Dynamo Fiat 500 | Passione 500\" \/>\n<meta property=\"og:description\" content=\"Retrouvez sur notre site Caoutchouc R\u00e9gulateur Dynamo pour Fiat 500. Plus de 3000 pi\u00e8ces d\u00e9tach\u00e9es disponibles en stock.PROFITEZ DE NOS OFFRES ! %\" \/>\n<meta property=\"og:url\" content=\"https:\/\/passione500.it\/fr\/fiat-500-fr\/fiat-500-n-fr\/systeme-electrique-n-fr\/dynamo-et-particulier-systeme-electrique-n-fr\/semelle-caoutchouc-pour-regulateur-dynamo-fiat-500\/\" \/>\n<meta property=\"og:site_name\" content=\"Passione 500\" \/>\n<meta property=\"article:modified_time\" content=\"2024-02-12T15:07:11+00:00\" \/>\n<meta property=\"og:image\" content=\"https:\/\/passione500.it\/wp-content\/uploads\/2024\/02\/guarnizione-regolatore.jpg\" \/>\n\t<meta property=\"og:image:width\" content=\"2048\" \/>\n\t<meta property=\"og:image:height\" content=\"1536\" \/>\n\t<meta property=\"og:image:type\" content=\"image\/jpeg\" \/>\n<meta name=\"twitter:card\" content=\"summary_large_image\" \/>\n<meta name=\"twitter:label1\" content=\"Dur\u00e9e de lecture estim\u00e9e\" \/>\n\t<meta name=\"twitter:data1\" content=\"1 minute\" \/>\n<script type=\"application\/ld+json\" class=\"yoast-schema-graph\">{\"@context\":\"https:\/\/schema.org\",\"@graph\":[{\"@type\":\"WebPage\",\"@id\":\"https:\/\/passione500.it\/fr\/fiat-500-fr\/fiat-500-n-fr\/systeme-electrique-n-fr\/dynamo-et-particulier-systeme-electrique-n-fr\/semelle-caoutchouc-pour-regulateur-dynamo-fiat-500\/\",\"url\":\"https:\/\/passione500.it\/fr\/fiat-500-fr\/fiat-500-n-fr\/systeme-electrique-n-fr\/dynamo-et-particulier-systeme-electrique-n-fr\/semelle-caoutchouc-pour-regulateur-dynamo-fiat-500\/\",\"name\":\"Caoutchouc R\u00e9gulateur Dynamo Fiat 500 | Passione 500\",\"isPartOf\":{\"@id\":\"https:\/\/passione500.it\/fr\/#website\"},\"primaryImageOfPage\":{\"@id\":\"https:\/\/passione500.it\/fr\/fiat-500-fr\/fiat-500-n-fr\/systeme-electrique-n-fr\/dynamo-et-particulier-systeme-electrique-n-fr\/semelle-caoutchouc-pour-regulateur-dynamo-fiat-500\/#primaryimage\"},\"image\":{\"@id\":\"https:\/\/passione500.it\/fr\/fiat-500-fr\/fiat-500-n-fr\/systeme-electrique-n-fr\/dynamo-et-particulier-systeme-electrique-n-fr\/semelle-caoutchouc-pour-regulateur-dynamo-fiat-500\/#primaryimage\"},\"thumbnailUrl\":\"https:\/\/passione500.it\/wp-content\/uploads\/2024\/02\/guarnizione-regolatore.jpg\",\"datePublished\":\"2024-02-12T14:41:11+00:00\",\"dateModified\":\"2024-02-12T15:07:11+00:00\",\"description\":\"Retrouvez sur notre site Caoutchouc R\u00e9gulateur Dynamo pour Fiat 500. Plus de 3000 pi\u00e8ces d\u00e9tach\u00e9es disponibles en stock.PROFITEZ DE NOS OFFRES ! %\",\"breadcrumb\":{\"@id\":\"https:\/\/passione500.it\/fr\/fiat-500-fr\/fiat-500-n-fr\/systeme-electrique-n-fr\/dynamo-et-particulier-systeme-electrique-n-fr\/semelle-caoutchouc-pour-regulateur-dynamo-fiat-500\/#breadcrumb\"},\"inLanguage\":\"fr-FR\",\"potentialAction\":[{\"@type\":\"ReadAction\",\"target\":[\"https:\/\/passione500.it\/fr\/fiat-500-fr\/fiat-500-n-fr\/systeme-electrique-n-fr\/dynamo-et-particulier-systeme-electrique-n-fr\/semelle-caoutchouc-pour-regulateur-dynamo-fiat-500\/\"]}]},{\"@type\":\"ImageObject\",\"inLanguage\":\"fr-FR\",\"@id\":\"https:\/\/passione500.it\/fr\/fiat-500-fr\/fiat-500-n-fr\/systeme-electrique-n-fr\/dynamo-et-particulier-systeme-electrique-n-fr\/semelle-caoutchouc-pour-regulateur-dynamo-fiat-500\/#primaryimage\",\"url\":\"https:\/\/passione500.it\/wp-content\/uploads\/2024\/02\/guarnizione-regolatore.jpg\",\"contentUrl\":\"https:\/\/passione500.it\/wp-content\/uploads\/2024\/02\/guarnizione-regolatore.jpg\",\"width\":2048,\"height\":1536,\"caption\":\"guarnizione regolatore dinamo fiat 500\"},{\"@type\":\"BreadcrumbList\",\"@id\":\"https:\/\/passione500.it\/fr\/fiat-500-fr\/fiat-500-n-fr\/systeme-electrique-n-fr\/dynamo-et-particulier-systeme-electrique-n-fr\/semelle-caoutchouc-pour-regulateur-dynamo-fiat-500\/#breadcrumb\",\"itemListElement\":[{\"@type\":\"ListItem\",\"position\":1,\"name\":\"Home\",\"item\":\"https:\/\/passione500.it\/fr\/\"},{\"@type\":\"ListItem\",\"position\":2,\"name\":\"Fiat 500\",\"item\":\"https:\/\/passione500.it\/fr\/fiat-500-fr\/\"},{\"@type\":\"ListItem\",\"position\":3,\"name\":\"Fiat 500 N\",\"item\":\"https:\/\/passione500.it\/fr\/fiat-500-fr\/fiat-500-n-fr\/\"},{\"@type\":\"ListItem\",\"position\":4,\"name\":\"Syst\u00e8me Electrique\",\"item\":\"https:\/\/passione500.it\/fr\/fiat-500-fr\/fiat-500-n-fr\/systeme-electrique-n-fr\/\"},{\"@type\":\"ListItem\",\"position\":5,\"name\":\"Dynamo et Particulier\",\"item\":\"https:\/\/passione500.it\/fr\/fiat-500-fr\/fiat-500-n-fr\/systeme-electrique-n-fr\/dynamo-et-particulier-systeme-electrique-n-fr\/\"},{\"@type\":\"ListItem\",\"position\":6,\"name\":\"Semelle Caoutchouc pour R\u00e9gulateur Dynamo Fiat 500\"}]},{\"@type\":\"WebSite\",\"@id\":\"https:\/\/passione500.it\/fr\/#website\",\"url\":\"https:\/\/passione500.it\/fr\/\",\"name\":\"Passione 500\",\"description\":\"Ricambi Fiat 500 d&#039;Epoca\",\"publisher\":{\"@id\":\"https:\/\/passione500.it\/fr\/#organization\"},\"potentialAction\":[{\"@type\":\"SearchAction\",\"target\":{\"@type\":\"EntryPoint\",\"urlTemplate\":\"https:\/\/passione500.it\/fr\/?s={search_term_string}\"},\"query-input\":{\"@type\":\"PropertyValueSpecification\",\"valueRequired\":true,\"valueName\":\"search_term_string\"}}],\"inLanguage\":\"fr-FR\"},{\"@type\":\"Organization\",\"@id\":\"https:\/\/passione500.it\/fr\/#organization\",\"name\":\"Passione 500\",\"url\":\"https:\/\/passione500.it\/fr\/\",\"logo\":{\"@type\":\"ImageObject\",\"inLanguage\":\"fr-FR\",\"@id\":\"https:\/\/passione500.it\/fr\/#\/schema\/logo\/image\/\",\"url\":\"https:\/\/passione500.it\/wp-content\/uploads\/2025\/12\/PASSIONE-LOGO-APPROVATO.png\",\"contentUrl\":\"https:\/\/passione500.it\/wp-content\/uploads\/2025\/12\/PASSIONE-LOGO-APPROVATO.png\",\"width\":348,\"height\":125,\"caption\":\"Passione 500\"},\"image\":{\"@id\":\"https:\/\/passione500.it\/fr\/#\/schema\/logo\/image\/\"}}]}<\/script>\n<!-- \/ Yoast SEO plugin. -->","yoast_head_json":{"title":"Caoutchouc R\u00e9gulateur Dynamo Fiat 500 | Passione 500","description":"Retrouvez sur notre site Caoutchouc R\u00e9gulateur Dynamo pour Fiat 500. Plus de 3000 pi\u00e8ces d\u00e9tach\u00e9es disponibles en stock.PROFITEZ DE NOS OFFRES ! %","robots":{"index":"index","follow":"follow","max-snippet":"max-snippet:-1","max-image-preview":"max-image-preview:large","max-video-preview":"max-video-preview:-1"},"canonical":"https:\/\/passione500.it\/fr\/fiat-500-fr\/fiat-500-n-fr\/systeme-electrique-n-fr\/dynamo-et-particulier-systeme-electrique-n-fr\/semelle-caoutchouc-pour-regulateur-dynamo-fiat-500\/","og_locale":"fr_FR","og_type":"article","og_title":"Caoutchouc R\u00e9gulateur Dynamo Fiat 500 | Passione 500","og_description":"Retrouvez sur notre site Caoutchouc R\u00e9gulateur Dynamo pour Fiat 500. Plus de 3000 pi\u00e8ces d\u00e9tach\u00e9es disponibles en stock.PROFITEZ DE NOS OFFRES ! %","og_url":"https:\/\/passione500.it\/fr\/fiat-500-fr\/fiat-500-n-fr\/systeme-electrique-n-fr\/dynamo-et-particulier-systeme-electrique-n-fr\/semelle-caoutchouc-pour-regulateur-dynamo-fiat-500\/","og_site_name":"Passione 500","article_modified_time":"2024-02-12T15:07:11+00:00","og_image":[{"width":2048,"height":1536,"url":"https:\/\/passione500.it\/wp-content\/uploads\/2024\/02\/guarnizione-regolatore.jpg","type":"image\/jpeg"}],"twitter_card":"summary_large_image","twitter_misc":{"Dur\u00e9e de lecture estim\u00e9e":"1 minute"},"schema":{"@context":"https:\/\/schema.org","@graph":[{"@type":"WebPage","@id":"https:\/\/passione500.it\/fr\/fiat-500-fr\/fiat-500-n-fr\/systeme-electrique-n-fr\/dynamo-et-particulier-systeme-electrique-n-fr\/semelle-caoutchouc-pour-regulateur-dynamo-fiat-500\/","url":"https:\/\/passione500.it\/fr\/fiat-500-fr\/fiat-500-n-fr\/systeme-electrique-n-fr\/dynamo-et-particulier-systeme-electrique-n-fr\/semelle-caoutchouc-pour-regulateur-dynamo-fiat-500\/","name":"Caoutchouc R\u00e9gulateur Dynamo Fiat 500 | Passione 500","isPartOf":{"@id":"https:\/\/passione500.it\/fr\/#website"},"primaryImageOfPage":{"@id":"https:\/\/passione500.it\/fr\/fiat-500-fr\/fiat-500-n-fr\/systeme-electrique-n-fr\/dynamo-et-particulier-systeme-electrique-n-fr\/semelle-caoutchouc-pour-regulateur-dynamo-fiat-500\/#primaryimage"},"image":{"@id":"https:\/\/passione500.it\/fr\/fiat-500-fr\/fiat-500-n-fr\/systeme-electrique-n-fr\/dynamo-et-particulier-systeme-electrique-n-fr\/semelle-caoutchouc-pour-regulateur-dynamo-fiat-500\/#primaryimage"},"thumbnailUrl":"https:\/\/passione500.it\/wp-content\/uploads\/2024\/02\/guarnizione-regolatore.jpg","datePublished":"2024-02-12T14:41:11+00:00","dateModified":"2024-02-12T15:07:11+00:00","description":"Retrouvez sur notre site Caoutchouc R\u00e9gulateur Dynamo pour Fiat 500. Plus de 3000 pi\u00e8ces d\u00e9tach\u00e9es disponibles en stock.PROFITEZ DE NOS OFFRES ! %","breadcrumb":{"@id":"https:\/\/passione500.it\/fr\/fiat-500-fr\/fiat-500-n-fr\/systeme-electrique-n-fr\/dynamo-et-particulier-systeme-electrique-n-fr\/semelle-caoutchouc-pour-regulateur-dynamo-fiat-500\/#breadcrumb"},"inLanguage":"fr-FR","potentialAction":[{"@type":"ReadAction","target":["https:\/\/passione500.it\/fr\/fiat-500-fr\/fiat-500-n-fr\/systeme-electrique-n-fr\/dynamo-et-particulier-systeme-electrique-n-fr\/semelle-caoutchouc-pour-regulateur-dynamo-fiat-500\/"]}]},{"@type":"ImageObject","inLanguage":"fr-FR","@id":"https:\/\/passione500.it\/fr\/fiat-500-fr\/fiat-500-n-fr\/systeme-electrique-n-fr\/dynamo-et-particulier-systeme-electrique-n-fr\/semelle-caoutchouc-pour-regulateur-dynamo-fiat-500\/#primaryimage","url":"https:\/\/passione500.it\/wp-content\/uploads\/2024\/02\/guarnizione-regolatore.jpg","contentUrl":"https:\/\/passione500.it\/wp-content\/uploads\/2024\/02\/guarnizione-regolatore.jpg","width":2048,"height":1536,"caption":"guarnizione regolatore dinamo fiat 500"},{"@type":"BreadcrumbList","@id":"https:\/\/passione500.it\/fr\/fiat-500-fr\/fiat-500-n-fr\/systeme-electrique-n-fr\/dynamo-et-particulier-systeme-electrique-n-fr\/semelle-caoutchouc-pour-regulateur-dynamo-fiat-500\/#breadcrumb","itemListElement":[{"@type":"ListItem","position":1,"name":"Home","item":"https:\/\/passione500.it\/fr\/"},{"@type":"ListItem","position":2,"name":"Fiat 500","item":"https:\/\/passione500.it\/fr\/fiat-500-fr\/"},{"@type":"ListItem","position":3,"name":"Fiat 500 N","item":"https:\/\/passione500.it\/fr\/fiat-500-fr\/fiat-500-n-fr\/"},{"@type":"ListItem","position":4,"name":"Syst\u00e8me Electrique","item":"https:\/\/passione500.it\/fr\/fiat-500-fr\/fiat-500-n-fr\/systeme-electrique-n-fr\/"},{"@type":"ListItem","position":5,"name":"Dynamo et Particulier","item":"https:\/\/passione500.it\/fr\/fiat-500-fr\/fiat-500-n-fr\/systeme-electrique-n-fr\/dynamo-et-particulier-systeme-electrique-n-fr\/"},{"@type":"ListItem","position":6,"name":"Semelle Caoutchouc pour R\u00e9gulateur Dynamo Fiat 500"}]},{"@type":"WebSite","@id":"https:\/\/passione500.it\/fr\/#website","url":"https:\/\/passione500.it\/fr\/","name":"Passione 500","description":"Ricambi Fiat 500 d&#039;Epoca","publisher":{"@id":"https:\/\/passione500.it\/fr\/#organization"},"potentialAction":[{"@type":"SearchAction","target":{"@type":"EntryPoint","urlTemplate":"https:\/\/passione500.it\/fr\/?s={search_term_string}"},"query-input":{"@type":"PropertyValueSpecification","valueRequired":true,"valueName":"search_term_string"}}],"inLanguage":"fr-FR"},{"@type":"Organization","@id":"https:\/\/passione500.it\/fr\/#organization","name":"Passione 500","url":"https:\/\/passione500.it\/fr\/","logo":{"@type":"ImageObject","inLanguage":"fr-FR","@id":"https:\/\/passione500.it\/fr\/#\/schema\/logo\/image\/","url":"https:\/\/passione500.it\/wp-content\/uploads\/2025\/12\/PASSIONE-LOGO-APPROVATO.png","contentUrl":"https:\/\/passione500.it\/wp-content\/uploads\/2025\/12\/PASSIONE-LOGO-APPROVATO.png","width":348,"height":125,"caption":"Passione 500"},"image":{"@id":"https:\/\/passione500.it\/fr\/#\/schema\/logo\/image\/"}}]}},"_links":{"self":[{"href":"https:\/\/passione500.it\/fr\/wp-json\/wp\/v2\/product\/15757","targetHints":{"allow":["GET"]}}],"collection":[{"href":"https:\/\/passione500.it\/fr\/wp-json\/wp\/v2\/product"}],"about":[{"href":"https:\/\/passione500.it\/fr\/wp-json\/wp\/v2\/types\/product"}],"wp:featuredmedia":[{"embeddable":true,"href":"https:\/\/passione500.it\/fr\/wp-json\/wp\/v2\/media\/15744"}],"wp:attachment":[{"href":"https:\/\/passione500.it\/fr\/wp-json\/wp\/v2\/media?parent=15757"}],"wp:term":[{"taxonomy":"product_brand","embeddable":true,"href":"https:\/\/passione500.it\/fr\/wp-json\/wp\/v2\/product_brand?post=15757"},{"taxonomy":"product_cat","embeddable":true,"href":"https:\/\/passione500.it\/fr\/wp-json\/wp\/v2\/product_cat?post=15757"},{"taxonomy":"product_tag","embeddable":true,"href":"https:\/\/passione500.it\/fr\/wp-json\/wp\/v2\/product_tag?post=15757"}],"curies":[{"name":"wp","href":"https:\/\/api.w.org\/{rel}","templated":true}]}}