{"id":19691,"date":"2024-07-08T16:29:35","date_gmt":"2024-07-08T14:29:37","guid":{"rendered":"https:\/\/passione500.it\/?post_type=product&#038;p=19691"},"modified":"2024-07-08T16:34:45","modified_gmt":"2024-07-08T14:34:45","slug":"joint-de-culasse-epaisseur-12-mm-fiat-500-f-l-giardiniera-base-f","status":"publish","type":"product","link":"https:\/\/passione500.it\/fr\/fiat-500-fr\/fiat-autobianchi-500-giardiniera-fr\/pieces-moteur-giard-fr\/joints-moteur-giard-fr\/joint-de-culasse-epaisseur-12-mm-fiat-500-f-l-giardiniera-base-f\/","title":{"rendered":"Joint de Culasse &#8211; \u00c9paisseur 1,2 mm &#8211; Fiat 500 F &#8211; L &#8211; Giardiniera base F"},"content":{"rendered":"<h4>Pour une voiture compl\u00e8te il est n\u00e9cessaire d&rsquo;acheter 1 pi\u00e8ce<\/h4>\n<p>&nbsp;<\/p>\n","protected":false},"excerpt":{"rendered":"<p>Prodotto in offerta fino a maggio.<\/p>\n","protected":false},"featured_media":19686,"template":"","meta":{"_et_pb_use_builder":"","_et_pb_old_content":"","_et_gb_content_width":""},"product_brand":[],"product_cat":[1889,1890,1892,2531],"product_tag":[],"class_list":{"0":"post-19691","1":"product","2":"type-product","3":"status-publish","4":"has-post-thumbnail","6":"product_cat-joints-moteur-f-fr","7":"product_cat-joints-moteur-l-fr","8":"product_cat-joints-moteur-giard-fr","9":"product_cat-joints-moteur-tt-fr","10":"product_shipping_class-shipping-1-fr","12":"first","13":"instock","14":"taxable","15":"shipping-taxable","16":"purchasable","17":"product-type-simple"},"yoast_head":"<!-- This site is optimized with the Yoast SEO plugin v27.2 - https:\/\/yoast.com\/product\/yoast-seo-wordpress\/ -->\n<title>Joint de Culasse Fiat 500 | Passione 500<\/title>\n<meta name=\"description\" content=\"Retrouvez sur notre site Joint de Culasse pour Fiat 500. Plus de 3000 pi\u00e8ces d\u00e9tach\u00e9es disponibles en stock.PROFITEZ DE NOS OFFRES ! %\" \/>\n<meta name=\"robots\" content=\"index, follow, max-snippet:-1, max-image-preview:large, max-video-preview:-1\" \/>\n<link rel=\"canonical\" href=\"https:\/\/passione500.it\/fr\/fiat-500-fr\/fiat-autobianchi-500-giardiniera-fr\/pieces-moteur-giard-fr\/joints-moteur-giard-fr\/joint-de-culasse-epaisseur-12-mm-fiat-500-f-l-giardiniera-base-f\/\" \/>\n<meta property=\"og:locale\" content=\"fr_FR\" \/>\n<meta property=\"og:type\" content=\"article\" \/>\n<meta property=\"og:title\" content=\"Joint de Culasse Fiat 500 | Passione 500\" \/>\n<meta property=\"og:description\" content=\"Retrouvez sur notre site Joint de Culasse pour Fiat 500. Plus de 3000 pi\u00e8ces d\u00e9tach\u00e9es disponibles en stock.PROFITEZ DE NOS OFFRES ! %\" \/>\n<meta property=\"og:url\" content=\"https:\/\/passione500.it\/fr\/fiat-500-fr\/fiat-autobianchi-500-giardiniera-fr\/pieces-moteur-giard-fr\/joints-moteur-giard-fr\/joint-de-culasse-epaisseur-12-mm-fiat-500-f-l-giardiniera-base-f\/\" \/>\n<meta property=\"og:site_name\" content=\"Passione 500\" \/>\n<meta property=\"article:modified_time\" content=\"2024-07-08T14:34:45+00:00\" \/>\n<meta property=\"og:image\" content=\"https:\/\/passione500.it\/wp-content\/uploads\/2024\/07\/4124546.jpg\" \/>\n\t<meta property=\"og:image:width\" content=\"2048\" \/>\n\t<meta property=\"og:image:height\" content=\"1536\" \/>\n\t<meta property=\"og:image:type\" content=\"image\/jpeg\" \/>\n<meta name=\"twitter:card\" content=\"summary_large_image\" \/>\n<meta name=\"twitter:label1\" content=\"Dur\u00e9e de lecture estim\u00e9e\" \/>\n\t<meta name=\"twitter:data1\" content=\"1 minute\" \/>\n<script type=\"application\/ld+json\" class=\"yoast-schema-graph\">{\"@context\":\"https:\/\/schema.org\",\"@graph\":[{\"@type\":\"WebPage\",\"@id\":\"https:\/\/passione500.it\/fr\/fiat-500-fr\/fiat-autobianchi-500-giardiniera-fr\/pieces-moteur-giard-fr\/joints-moteur-giard-fr\/joint-de-culasse-epaisseur-12-mm-fiat-500-f-l-giardiniera-base-f\/\",\"url\":\"https:\/\/passione500.it\/fr\/fiat-500-fr\/fiat-autobianchi-500-giardiniera-fr\/pieces-moteur-giard-fr\/joints-moteur-giard-fr\/joint-de-culasse-epaisseur-12-mm-fiat-500-f-l-giardiniera-base-f\/\",\"name\":\"Joint de Culasse Fiat 500 | Passione 500\",\"isPartOf\":{\"@id\":\"https:\/\/passione500.it\/fr\/#website\"},\"primaryImageOfPage\":{\"@id\":\"https:\/\/passione500.it\/fr\/fiat-500-fr\/fiat-autobianchi-500-giardiniera-fr\/pieces-moteur-giard-fr\/joints-moteur-giard-fr\/joint-de-culasse-epaisseur-12-mm-fiat-500-f-l-giardiniera-base-f\/#primaryimage\"},\"image\":{\"@id\":\"https:\/\/passione500.it\/fr\/fiat-500-fr\/fiat-autobianchi-500-giardiniera-fr\/pieces-moteur-giard-fr\/joints-moteur-giard-fr\/joint-de-culasse-epaisseur-12-mm-fiat-500-f-l-giardiniera-base-f\/#primaryimage\"},\"thumbnailUrl\":\"https:\/\/passione500.it\/wp-content\/uploads\/2024\/07\/4124546.jpg\",\"datePublished\":\"2024-07-08T14:29:37+00:00\",\"dateModified\":\"2024-07-08T14:34:45+00:00\",\"description\":\"Retrouvez sur notre site Joint de Culasse pour Fiat 500. Plus de 3000 pi\u00e8ces d\u00e9tach\u00e9es disponibles en stock.PROFITEZ DE NOS OFFRES ! %\",\"breadcrumb\":{\"@id\":\"https:\/\/passione500.it\/fr\/fiat-500-fr\/fiat-autobianchi-500-giardiniera-fr\/pieces-moteur-giard-fr\/joints-moteur-giard-fr\/joint-de-culasse-epaisseur-12-mm-fiat-500-f-l-giardiniera-base-f\/#breadcrumb\"},\"inLanguage\":\"fr-FR\",\"potentialAction\":[{\"@type\":\"ReadAction\",\"target\":[\"https:\/\/passione500.it\/fr\/fiat-500-fr\/fiat-autobianchi-500-giardiniera-fr\/pieces-moteur-giard-fr\/joints-moteur-giard-fr\/joint-de-culasse-epaisseur-12-mm-fiat-500-f-l-giardiniera-base-f\/\"]}]},{\"@type\":\"ImageObject\",\"inLanguage\":\"fr-FR\",\"@id\":\"https:\/\/passione500.it\/fr\/fiat-500-fr\/fiat-autobianchi-500-giardiniera-fr\/pieces-moteur-giard-fr\/joints-moteur-giard-fr\/joint-de-culasse-epaisseur-12-mm-fiat-500-f-l-giardiniera-base-f\/#primaryimage\",\"url\":\"https:\/\/passione500.it\/wp-content\/uploads\/2024\/07\/4124546.jpg\",\"contentUrl\":\"https:\/\/passione500.it\/wp-content\/uploads\/2024\/07\/4124546.jpg\",\"width\":2048,\"height\":1536,\"caption\":\"guarnizione testa Fiat 500 F L\"},{\"@type\":\"BreadcrumbList\",\"@id\":\"https:\/\/passione500.it\/fr\/fiat-500-fr\/fiat-autobianchi-500-giardiniera-fr\/pieces-moteur-giard-fr\/joints-moteur-giard-fr\/joint-de-culasse-epaisseur-12-mm-fiat-500-f-l-giardiniera-base-f\/#breadcrumb\",\"itemListElement\":[{\"@type\":\"ListItem\",\"position\":1,\"name\":\"Home\",\"item\":\"https:\/\/passione500.it\/fr\/\"},{\"@type\":\"ListItem\",\"position\":2,\"name\":\"Fiat 500\",\"item\":\"https:\/\/passione500.it\/fr\/fiat-500-fr\/\"},{\"@type\":\"ListItem\",\"position\":3,\"name\":\"Fiat et Autobianchi 500 Giardiniera\",\"item\":\"https:\/\/passione500.it\/fr\/fiat-500-fr\/fiat-autobianchi-500-giardiniera-fr\/\"},{\"@type\":\"ListItem\",\"position\":4,\"name\":\"Pi\u00e8ces Moteur\",\"item\":\"https:\/\/passione500.it\/fr\/fiat-500-fr\/fiat-autobianchi-500-giardiniera-fr\/pieces-moteur-giard-fr\/\"},{\"@type\":\"ListItem\",\"position\":5,\"name\":\"Joints Moteur\",\"item\":\"https:\/\/passione500.it\/fr\/fiat-500-fr\/fiat-autobianchi-500-giardiniera-fr\/pieces-moteur-giard-fr\/joints-moteur-giard-fr\/\"},{\"@type\":\"ListItem\",\"position\":6,\"name\":\"Joint de Culasse &#8211; \u00c9paisseur 1,2 mm &#8211; Fiat 500 F &#8211; L &#8211; Giardiniera base F\"}]},{\"@type\":\"WebSite\",\"@id\":\"https:\/\/passione500.it\/fr\/#website\",\"url\":\"https:\/\/passione500.it\/fr\/\",\"name\":\"Passione 500\",\"description\":\"Ricambi Fiat 500 d&#039;Epoca\",\"publisher\":{\"@id\":\"https:\/\/passione500.it\/fr\/#organization\"},\"potentialAction\":[{\"@type\":\"SearchAction\",\"target\":{\"@type\":\"EntryPoint\",\"urlTemplate\":\"https:\/\/passione500.it\/fr\/?s={search_term_string}\"},\"query-input\":{\"@type\":\"PropertyValueSpecification\",\"valueRequired\":true,\"valueName\":\"search_term_string\"}}],\"inLanguage\":\"fr-FR\"},{\"@type\":\"Organization\",\"@id\":\"https:\/\/passione500.it\/fr\/#organization\",\"name\":\"Passione 500\",\"url\":\"https:\/\/passione500.it\/fr\/\",\"logo\":{\"@type\":\"ImageObject\",\"inLanguage\":\"fr-FR\",\"@id\":\"https:\/\/passione500.it\/fr\/#\/schema\/logo\/image\/\",\"url\":\"https:\/\/passione500.it\/wp-content\/uploads\/2025\/12\/PASSIONE-LOGO-APPROVATO.png\",\"contentUrl\":\"https:\/\/passione500.it\/wp-content\/uploads\/2025\/12\/PASSIONE-LOGO-APPROVATO.png\",\"width\":348,\"height\":125,\"caption\":\"Passione 500\"},\"image\":{\"@id\":\"https:\/\/passione500.it\/fr\/#\/schema\/logo\/image\/\"}}]}<\/script>\n<!-- \/ Yoast SEO plugin. -->","yoast_head_json":{"title":"Joint de Culasse Fiat 500 | Passione 500","description":"Retrouvez sur notre site Joint de Culasse pour Fiat 500. Plus de 3000 pi\u00e8ces d\u00e9tach\u00e9es disponibles en stock.PROFITEZ DE NOS OFFRES ! %","robots":{"index":"index","follow":"follow","max-snippet":"max-snippet:-1","max-image-preview":"max-image-preview:large","max-video-preview":"max-video-preview:-1"},"canonical":"https:\/\/passione500.it\/fr\/fiat-500-fr\/fiat-autobianchi-500-giardiniera-fr\/pieces-moteur-giard-fr\/joints-moteur-giard-fr\/joint-de-culasse-epaisseur-12-mm-fiat-500-f-l-giardiniera-base-f\/","og_locale":"fr_FR","og_type":"article","og_title":"Joint de Culasse Fiat 500 | Passione 500","og_description":"Retrouvez sur notre site Joint de Culasse pour Fiat 500. Plus de 3000 pi\u00e8ces d\u00e9tach\u00e9es disponibles en stock.PROFITEZ DE NOS OFFRES ! %","og_url":"https:\/\/passione500.it\/fr\/fiat-500-fr\/fiat-autobianchi-500-giardiniera-fr\/pieces-moteur-giard-fr\/joints-moteur-giard-fr\/joint-de-culasse-epaisseur-12-mm-fiat-500-f-l-giardiniera-base-f\/","og_site_name":"Passione 500","article_modified_time":"2024-07-08T14:34:45+00:00","og_image":[{"width":2048,"height":1536,"url":"https:\/\/passione500.it\/wp-content\/uploads\/2024\/07\/4124546.jpg","type":"image\/jpeg"}],"twitter_card":"summary_large_image","twitter_misc":{"Dur\u00e9e de lecture estim\u00e9e":"1 minute"},"schema":{"@context":"https:\/\/schema.org","@graph":[{"@type":"WebPage","@id":"https:\/\/passione500.it\/fr\/fiat-500-fr\/fiat-autobianchi-500-giardiniera-fr\/pieces-moteur-giard-fr\/joints-moteur-giard-fr\/joint-de-culasse-epaisseur-12-mm-fiat-500-f-l-giardiniera-base-f\/","url":"https:\/\/passione500.it\/fr\/fiat-500-fr\/fiat-autobianchi-500-giardiniera-fr\/pieces-moteur-giard-fr\/joints-moteur-giard-fr\/joint-de-culasse-epaisseur-12-mm-fiat-500-f-l-giardiniera-base-f\/","name":"Joint de Culasse Fiat 500 | Passione 500","isPartOf":{"@id":"https:\/\/passione500.it\/fr\/#website"},"primaryImageOfPage":{"@id":"https:\/\/passione500.it\/fr\/fiat-500-fr\/fiat-autobianchi-500-giardiniera-fr\/pieces-moteur-giard-fr\/joints-moteur-giard-fr\/joint-de-culasse-epaisseur-12-mm-fiat-500-f-l-giardiniera-base-f\/#primaryimage"},"image":{"@id":"https:\/\/passione500.it\/fr\/fiat-500-fr\/fiat-autobianchi-500-giardiniera-fr\/pieces-moteur-giard-fr\/joints-moteur-giard-fr\/joint-de-culasse-epaisseur-12-mm-fiat-500-f-l-giardiniera-base-f\/#primaryimage"},"thumbnailUrl":"https:\/\/passione500.it\/wp-content\/uploads\/2024\/07\/4124546.jpg","datePublished":"2024-07-08T14:29:37+00:00","dateModified":"2024-07-08T14:34:45+00:00","description":"Retrouvez sur notre site Joint de Culasse pour Fiat 500. Plus de 3000 pi\u00e8ces d\u00e9tach\u00e9es disponibles en stock.PROFITEZ DE NOS OFFRES ! %","breadcrumb":{"@id":"https:\/\/passione500.it\/fr\/fiat-500-fr\/fiat-autobianchi-500-giardiniera-fr\/pieces-moteur-giard-fr\/joints-moteur-giard-fr\/joint-de-culasse-epaisseur-12-mm-fiat-500-f-l-giardiniera-base-f\/#breadcrumb"},"inLanguage":"fr-FR","potentialAction":[{"@type":"ReadAction","target":["https:\/\/passione500.it\/fr\/fiat-500-fr\/fiat-autobianchi-500-giardiniera-fr\/pieces-moteur-giard-fr\/joints-moteur-giard-fr\/joint-de-culasse-epaisseur-12-mm-fiat-500-f-l-giardiniera-base-f\/"]}]},{"@type":"ImageObject","inLanguage":"fr-FR","@id":"https:\/\/passione500.it\/fr\/fiat-500-fr\/fiat-autobianchi-500-giardiniera-fr\/pieces-moteur-giard-fr\/joints-moteur-giard-fr\/joint-de-culasse-epaisseur-12-mm-fiat-500-f-l-giardiniera-base-f\/#primaryimage","url":"https:\/\/passione500.it\/wp-content\/uploads\/2024\/07\/4124546.jpg","contentUrl":"https:\/\/passione500.it\/wp-content\/uploads\/2024\/07\/4124546.jpg","width":2048,"height":1536,"caption":"guarnizione testa Fiat 500 F L"},{"@type":"BreadcrumbList","@id":"https:\/\/passione500.it\/fr\/fiat-500-fr\/fiat-autobianchi-500-giardiniera-fr\/pieces-moteur-giard-fr\/joints-moteur-giard-fr\/joint-de-culasse-epaisseur-12-mm-fiat-500-f-l-giardiniera-base-f\/#breadcrumb","itemListElement":[{"@type":"ListItem","position":1,"name":"Home","item":"https:\/\/passione500.it\/fr\/"},{"@type":"ListItem","position":2,"name":"Fiat 500","item":"https:\/\/passione500.it\/fr\/fiat-500-fr\/"},{"@type":"ListItem","position":3,"name":"Fiat et Autobianchi 500 Giardiniera","item":"https:\/\/passione500.it\/fr\/fiat-500-fr\/fiat-autobianchi-500-giardiniera-fr\/"},{"@type":"ListItem","position":4,"name":"Pi\u00e8ces Moteur","item":"https:\/\/passione500.it\/fr\/fiat-500-fr\/fiat-autobianchi-500-giardiniera-fr\/pieces-moteur-giard-fr\/"},{"@type":"ListItem","position":5,"name":"Joints Moteur","item":"https:\/\/passione500.it\/fr\/fiat-500-fr\/fiat-autobianchi-500-giardiniera-fr\/pieces-moteur-giard-fr\/joints-moteur-giard-fr\/"},{"@type":"ListItem","position":6,"name":"Joint de Culasse &#8211; \u00c9paisseur 1,2 mm &#8211; Fiat 500 F &#8211; L &#8211; Giardiniera base F"}]},{"@type":"WebSite","@id":"https:\/\/passione500.it\/fr\/#website","url":"https:\/\/passione500.it\/fr\/","name":"Passione 500","description":"Ricambi Fiat 500 d&#039;Epoca","publisher":{"@id":"https:\/\/passione500.it\/fr\/#organization"},"potentialAction":[{"@type":"SearchAction","target":{"@type":"EntryPoint","urlTemplate":"https:\/\/passione500.it\/fr\/?s={search_term_string}"},"query-input":{"@type":"PropertyValueSpecification","valueRequired":true,"valueName":"search_term_string"}}],"inLanguage":"fr-FR"},{"@type":"Organization","@id":"https:\/\/passione500.it\/fr\/#organization","name":"Passione 500","url":"https:\/\/passione500.it\/fr\/","logo":{"@type":"ImageObject","inLanguage":"fr-FR","@id":"https:\/\/passione500.it\/fr\/#\/schema\/logo\/image\/","url":"https:\/\/passione500.it\/wp-content\/uploads\/2025\/12\/PASSIONE-LOGO-APPROVATO.png","contentUrl":"https:\/\/passione500.it\/wp-content\/uploads\/2025\/12\/PASSIONE-LOGO-APPROVATO.png","width":348,"height":125,"caption":"Passione 500"},"image":{"@id":"https:\/\/passione500.it\/fr\/#\/schema\/logo\/image\/"}}]}},"_links":{"self":[{"href":"https:\/\/passione500.it\/fr\/wp-json\/wp\/v2\/product\/19691","targetHints":{"allow":["GET"]}}],"collection":[{"href":"https:\/\/passione500.it\/fr\/wp-json\/wp\/v2\/product"}],"about":[{"href":"https:\/\/passione500.it\/fr\/wp-json\/wp\/v2\/types\/product"}],"wp:featuredmedia":[{"embeddable":true,"href":"https:\/\/passione500.it\/fr\/wp-json\/wp\/v2\/media\/19686"}],"wp:attachment":[{"href":"https:\/\/passione500.it\/fr\/wp-json\/wp\/v2\/media?parent=19691"}],"wp:term":[{"taxonomy":"product_brand","embeddable":true,"href":"https:\/\/passione500.it\/fr\/wp-json\/wp\/v2\/product_brand?post=19691"},{"taxonomy":"product_cat","embeddable":true,"href":"https:\/\/passione500.it\/fr\/wp-json\/wp\/v2\/product_cat?post=19691"},{"taxonomy":"product_tag","embeddable":true,"href":"https:\/\/passione500.it\/fr\/wp-json\/wp\/v2\/product_tag?post=19691"}],"curies":[{"name":"wp","href":"https:\/\/api.w.org\/{rel}","templated":true}]}}