{"id":3016,"date":"2022-11-08T17:04:39","date_gmt":"2022-11-08T16:04:39","guid":{"rendered":"https:\/\/passione500.it\/?post_type=product&#038;p=3016"},"modified":"2025-11-14T11:21:59","modified_gmt":"2025-11-14T10:21:59","slug":"traverse-entre-dossier-et-panneau-de-lassise-arriere-fiat-500-n-d-f-l-r","status":"publish","type":"product","link":"https:\/\/passione500.it\/fr\/fiat-500-fr\/fiat-500-n-fr\/carrosserie-n-fr\/partie-arriere-carrosserie-n-fr\/traverse-entre-dossier-et-panneau-de-lassise-arriere-fiat-500-n-d-f-l-r\/","title":{"rendered":"Traverse entre Dossier et Panneau de l\u2019Assise Arri\u00e8re Fiat 500"},"content":{"rendered":"<h4>Pour une voiture compl\u00e8te il est n\u00e9cessaire d&rsquo;acheter 1 pi\u00e8ce<\/h4>\n<p>&nbsp;<\/p>\n<h4><\/h4>\n","protected":false},"excerpt":{"rendered":"<p>Prodotto in offerta fino a maggio.<\/p>\n","protected":false},"featured_media":3019,"template":"","meta":{"_et_pb_use_builder":"","_et_pb_old_content":"","_et_gb_content_width":""},"product_brand":[],"product_cat":[2405,641,854,858,861,864,867],"product_tag":[],"class_list":{"0":"post-3016","1":"product","2":"type-product","3":"status-publish","4":"has-post-thumbnail","6":"product_cat-partie-arriere-tt-fr","7":"product_cat-partie-arriere-carrosserie-n-fr","8":"product_cat-partie-arriere-carrosserie-d-fr","9":"product_cat-partie-arriere-carrosserie-f-fr","10":"product_cat-partie-arriere-carrosserie-l-fr","11":"product_cat-partie-arriere-carrosserie-r-fr","12":"product_cat-partie-arriere-carrosserie-giardiniera-fr","13":"product_shipping_class-shipping-1-fr","15":"first","16":"instock","17":"taxable","18":"shipping-taxable","19":"purchasable","20":"product-type-simple"},"yoast_head":"<!-- This site is optimized with the Yoast SEO plugin v27.3 - https:\/\/yoast.com\/product\/yoast-seo-wordpress\/ -->\n<title>Traverse entre Dossier et Panneau de l&#039;Assise Arri\u00e8re Fiat 500 | Passione 500<\/title>\n<meta name=\"description\" content=\"Retrouvez sur notre site Traverse entre Dossier et Panneau de l&#039;Assise Arri\u00e8re pour Fiat 500. Plus de 3000 pi\u00e8ces d\u00e9tach\u00e9es disponibles en stock. Plus de 3000 pi\u00e8ces d\u00e9tach\u00e9es disponibles en stock. PROFITEZ DE NOS OFFRES!\" \/>\n<meta name=\"robots\" content=\"index, follow, max-snippet:-1, max-image-preview:large, max-video-preview:-1\" \/>\n<link rel=\"canonical\" href=\"https:\/\/passione500.it\/fr\/fiat-500-fr\/fiat-500-n-fr\/carrosserie-n-fr\/partie-arriere-carrosserie-n-fr\/traverse-entre-dossier-et-panneau-de-lassise-arriere-fiat-500-n-d-f-l-r\/\" \/>\n<meta property=\"og:locale\" content=\"fr_FR\" \/>\n<meta property=\"og:type\" content=\"article\" \/>\n<meta property=\"og:title\" content=\"Traverse entre Dossier et Panneau de l&#039;Assise Arri\u00e8re Fiat 500 | Passione 500\" \/>\n<meta property=\"og:description\" content=\"Retrouvez sur notre site Traverse entre Dossier et Panneau de l&#039;Assise Arri\u00e8re pour Fiat 500. Plus de 3000 pi\u00e8ces d\u00e9tach\u00e9es disponibles en stock. Plus de 3000 pi\u00e8ces d\u00e9tach\u00e9es disponibles en stock. PROFITEZ DE NOS OFFRES!\" \/>\n<meta property=\"og:url\" content=\"https:\/\/passione500.it\/fr\/fiat-500-fr\/fiat-500-n-fr\/carrosserie-n-fr\/partie-arriere-carrosserie-n-fr\/traverse-entre-dossier-et-panneau-de-lassise-arriere-fiat-500-n-d-f-l-r\/\" \/>\n<meta property=\"og:site_name\" content=\"Passione 500\" \/>\n<meta property=\"article:modified_time\" content=\"2025-11-14T10:21:59+00:00\" \/>\n<meta property=\"og:image\" content=\"https:\/\/passione500.it\/wp-content\/uploads\/2022\/11\/IMG_6022.jpg\" \/>\n\t<meta property=\"og:image:width\" content=\"2048\" \/>\n\t<meta property=\"og:image:height\" content=\"1536\" \/>\n\t<meta property=\"og:image:type\" content=\"image\/jpeg\" \/>\n<meta name=\"twitter:card\" content=\"summary_large_image\" \/>\n<meta name=\"twitter:label1\" content=\"Dur\u00e9e de lecture estim\u00e9e\" \/>\n\t<meta name=\"twitter:data1\" content=\"1 minute\" \/>\n<script type=\"application\/ld+json\" class=\"yoast-schema-graph\">{\"@context\":\"https:\\\/\\\/schema.org\",\"@graph\":[{\"@type\":\"WebPage\",\"@id\":\"https:\\\/\\\/passione500.it\\\/fr\\\/fiat-500-fr\\\/fiat-500-n-fr\\\/carrosserie-n-fr\\\/partie-arriere-carrosserie-n-fr\\\/traverse-entre-dossier-et-panneau-de-lassise-arriere-fiat-500-n-d-f-l-r\\\/\",\"url\":\"https:\\\/\\\/passione500.it\\\/fr\\\/fiat-500-fr\\\/fiat-500-n-fr\\\/carrosserie-n-fr\\\/partie-arriere-carrosserie-n-fr\\\/traverse-entre-dossier-et-panneau-de-lassise-arriere-fiat-500-n-d-f-l-r\\\/\",\"name\":\"Traverse entre Dossier et Panneau de l'Assise Arri\u00e8re Fiat 500 | Passione 500\",\"isPartOf\":{\"@id\":\"https:\\\/\\\/passione500.it\\\/fr\\\/#website\"},\"primaryImageOfPage\":{\"@id\":\"https:\\\/\\\/passione500.it\\\/fr\\\/fiat-500-fr\\\/fiat-500-n-fr\\\/carrosserie-n-fr\\\/partie-arriere-carrosserie-n-fr\\\/traverse-entre-dossier-et-panneau-de-lassise-arriere-fiat-500-n-d-f-l-r\\\/#primaryimage\"},\"image\":{\"@id\":\"https:\\\/\\\/passione500.it\\\/fr\\\/fiat-500-fr\\\/fiat-500-n-fr\\\/carrosserie-n-fr\\\/partie-arriere-carrosserie-n-fr\\\/traverse-entre-dossier-et-panneau-de-lassise-arriere-fiat-500-n-d-f-l-r\\\/#primaryimage\"},\"thumbnailUrl\":\"https:\\\/\\\/passione500.it\\\/wp-content\\\/uploads\\\/2022\\\/11\\\/IMG_6022.jpg\",\"datePublished\":\"2022-11-08T16:04:39+00:00\",\"dateModified\":\"2025-11-14T10:21:59+00:00\",\"description\":\"Retrouvez sur notre site Traverse entre Dossier et Panneau de l'Assise Arri\u00e8re pour Fiat 500. Plus de 3000 pi\u00e8ces d\u00e9tach\u00e9es disponibles en stock. Plus de 3000 pi\u00e8ces d\u00e9tach\u00e9es disponibles en stock. PROFITEZ DE NOS OFFRES!\",\"breadcrumb\":{\"@id\":\"https:\\\/\\\/passione500.it\\\/fr\\\/fiat-500-fr\\\/fiat-500-n-fr\\\/carrosserie-n-fr\\\/partie-arriere-carrosserie-n-fr\\\/traverse-entre-dossier-et-panneau-de-lassise-arriere-fiat-500-n-d-f-l-r\\\/#breadcrumb\"},\"inLanguage\":\"fr-FR\",\"potentialAction\":[{\"@type\":\"ReadAction\",\"target\":[\"https:\\\/\\\/passione500.it\\\/fr\\\/fiat-500-fr\\\/fiat-500-n-fr\\\/carrosserie-n-fr\\\/partie-arriere-carrosserie-n-fr\\\/traverse-entre-dossier-et-panneau-de-lassise-arriere-fiat-500-n-d-f-l-r\\\/\"]}]},{\"@type\":\"ImageObject\",\"inLanguage\":\"fr-FR\",\"@id\":\"https:\\\/\\\/passione500.it\\\/fr\\\/fiat-500-fr\\\/fiat-500-n-fr\\\/carrosserie-n-fr\\\/partie-arriere-carrosserie-n-fr\\\/traverse-entre-dossier-et-panneau-de-lassise-arriere-fiat-500-n-d-f-l-r\\\/#primaryimage\",\"url\":\"https:\\\/\\\/passione500.it\\\/wp-content\\\/uploads\\\/2022\\\/11\\\/IMG_6022.jpg\",\"contentUrl\":\"https:\\\/\\\/passione500.it\\\/wp-content\\\/uploads\\\/2022\\\/11\\\/IMG_6022.jpg\",\"width\":2048,\"height\":1536,\"caption\":\"traversa schienale e seduta Fiat 500\"},{\"@type\":\"BreadcrumbList\",\"@id\":\"https:\\\/\\\/passione500.it\\\/fr\\\/fiat-500-fr\\\/fiat-500-n-fr\\\/carrosserie-n-fr\\\/partie-arriere-carrosserie-n-fr\\\/traverse-entre-dossier-et-panneau-de-lassise-arriere-fiat-500-n-d-f-l-r\\\/#breadcrumb\",\"itemListElement\":[{\"@type\":\"ListItem\",\"position\":1,\"name\":\"Home\",\"item\":\"https:\\\/\\\/passione500.it\\\/fr\\\/\"},{\"@type\":\"ListItem\",\"position\":2,\"name\":\"Fiat 500\",\"item\":\"https:\\\/\\\/passione500.it\\\/fr\\\/fiat-500-fr\\\/\"},{\"@type\":\"ListItem\",\"position\":3,\"name\":\"Fiat 500 N\",\"item\":\"https:\\\/\\\/passione500.it\\\/fr\\\/fiat-500-fr\\\/fiat-500-n-fr\\\/\"},{\"@type\":\"ListItem\",\"position\":4,\"name\":\"Carrosserie\",\"item\":\"https:\\\/\\\/passione500.it\\\/fr\\\/fiat-500-fr\\\/fiat-500-n-fr\\\/carrosserie-n-fr\\\/\"},{\"@type\":\"ListItem\",\"position\":5,\"name\":\"Partie arri\u00e8re\",\"item\":\"https:\\\/\\\/passione500.it\\\/fr\\\/fiat-500-fr\\\/fiat-500-n-fr\\\/carrosserie-n-fr\\\/partie-arriere-carrosserie-n-fr\\\/\"},{\"@type\":\"ListItem\",\"position\":6,\"name\":\"Traverse entre Dossier et Panneau de l\u2019Assise Arri\u00e8re Fiat 500\"}]},{\"@type\":\"WebSite\",\"@id\":\"https:\\\/\\\/passione500.it\\\/fr\\\/#website\",\"url\":\"https:\\\/\\\/passione500.it\\\/fr\\\/\",\"name\":\"Passione 500\",\"description\":\"Ricambi Fiat 500 d&#039;Epoca\",\"publisher\":{\"@id\":\"https:\\\/\\\/passione500.it\\\/fr\\\/#organization\"},\"potentialAction\":[{\"@type\":\"SearchAction\",\"target\":{\"@type\":\"EntryPoint\",\"urlTemplate\":\"https:\\\/\\\/passione500.it\\\/fr\\\/?s={search_term_string}\"},\"query-input\":{\"@type\":\"PropertyValueSpecification\",\"valueRequired\":true,\"valueName\":\"search_term_string\"}}],\"inLanguage\":\"fr-FR\"},{\"@type\":\"Organization\",\"@id\":\"https:\\\/\\\/passione500.it\\\/fr\\\/#organization\",\"name\":\"Passione 500\",\"url\":\"https:\\\/\\\/passione500.it\\\/fr\\\/\",\"logo\":{\"@type\":\"ImageObject\",\"inLanguage\":\"fr-FR\",\"@id\":\"https:\\\/\\\/passione500.it\\\/fr\\\/#\\\/schema\\\/logo\\\/image\\\/\",\"url\":\"https:\\\/\\\/passione500.it\\\/wp-content\\\/uploads\\\/2025\\\/12\\\/PASSIONE-LOGO-APPROVATO.png\",\"contentUrl\":\"https:\\\/\\\/passione500.it\\\/wp-content\\\/uploads\\\/2025\\\/12\\\/PASSIONE-LOGO-APPROVATO.png\",\"width\":348,\"height\":125,\"caption\":\"Passione 500\"},\"image\":{\"@id\":\"https:\\\/\\\/passione500.it\\\/fr\\\/#\\\/schema\\\/logo\\\/image\\\/\"}}]}<\/script>\n<!-- \/ Yoast SEO plugin. -->","yoast_head_json":{"title":"Traverse entre Dossier et Panneau de l'Assise Arri\u00e8re Fiat 500 | Passione 500","description":"Retrouvez sur notre site Traverse entre Dossier et Panneau de l'Assise Arri\u00e8re pour Fiat 500. Plus de 3000 pi\u00e8ces d\u00e9tach\u00e9es disponibles en stock. Plus de 3000 pi\u00e8ces d\u00e9tach\u00e9es disponibles en stock. PROFITEZ DE NOS OFFRES!","robots":{"index":"index","follow":"follow","max-snippet":"max-snippet:-1","max-image-preview":"max-image-preview:large","max-video-preview":"max-video-preview:-1"},"canonical":"https:\/\/passione500.it\/fr\/fiat-500-fr\/fiat-500-n-fr\/carrosserie-n-fr\/partie-arriere-carrosserie-n-fr\/traverse-entre-dossier-et-panneau-de-lassise-arriere-fiat-500-n-d-f-l-r\/","og_locale":"fr_FR","og_type":"article","og_title":"Traverse entre Dossier et Panneau de l'Assise Arri\u00e8re Fiat 500 | Passione 500","og_description":"Retrouvez sur notre site Traverse entre Dossier et Panneau de l'Assise Arri\u00e8re pour Fiat 500. Plus de 3000 pi\u00e8ces d\u00e9tach\u00e9es disponibles en stock. Plus de 3000 pi\u00e8ces d\u00e9tach\u00e9es disponibles en stock. PROFITEZ DE NOS OFFRES!","og_url":"https:\/\/passione500.it\/fr\/fiat-500-fr\/fiat-500-n-fr\/carrosserie-n-fr\/partie-arriere-carrosserie-n-fr\/traverse-entre-dossier-et-panneau-de-lassise-arriere-fiat-500-n-d-f-l-r\/","og_site_name":"Passione 500","article_modified_time":"2025-11-14T10:21:59+00:00","og_image":[{"width":2048,"height":1536,"url":"https:\/\/passione500.it\/wp-content\/uploads\/2022\/11\/IMG_6022.jpg","type":"image\/jpeg"}],"twitter_card":"summary_large_image","twitter_misc":{"Dur\u00e9e de lecture estim\u00e9e":"1 minute"},"schema":{"@context":"https:\/\/schema.org","@graph":[{"@type":"WebPage","@id":"https:\/\/passione500.it\/fr\/fiat-500-fr\/fiat-500-n-fr\/carrosserie-n-fr\/partie-arriere-carrosserie-n-fr\/traverse-entre-dossier-et-panneau-de-lassise-arriere-fiat-500-n-d-f-l-r\/","url":"https:\/\/passione500.it\/fr\/fiat-500-fr\/fiat-500-n-fr\/carrosserie-n-fr\/partie-arriere-carrosserie-n-fr\/traverse-entre-dossier-et-panneau-de-lassise-arriere-fiat-500-n-d-f-l-r\/","name":"Traverse entre Dossier et Panneau de l'Assise Arri\u00e8re Fiat 500 | Passione 500","isPartOf":{"@id":"https:\/\/passione500.it\/fr\/#website"},"primaryImageOfPage":{"@id":"https:\/\/passione500.it\/fr\/fiat-500-fr\/fiat-500-n-fr\/carrosserie-n-fr\/partie-arriere-carrosserie-n-fr\/traverse-entre-dossier-et-panneau-de-lassise-arriere-fiat-500-n-d-f-l-r\/#primaryimage"},"image":{"@id":"https:\/\/passione500.it\/fr\/fiat-500-fr\/fiat-500-n-fr\/carrosserie-n-fr\/partie-arriere-carrosserie-n-fr\/traverse-entre-dossier-et-panneau-de-lassise-arriere-fiat-500-n-d-f-l-r\/#primaryimage"},"thumbnailUrl":"https:\/\/passione500.it\/wp-content\/uploads\/2022\/11\/IMG_6022.jpg","datePublished":"2022-11-08T16:04:39+00:00","dateModified":"2025-11-14T10:21:59+00:00","description":"Retrouvez sur notre site Traverse entre Dossier et Panneau de l'Assise Arri\u00e8re pour Fiat 500. Plus de 3000 pi\u00e8ces d\u00e9tach\u00e9es disponibles en stock. Plus de 3000 pi\u00e8ces d\u00e9tach\u00e9es disponibles en stock. PROFITEZ DE NOS OFFRES!","breadcrumb":{"@id":"https:\/\/passione500.it\/fr\/fiat-500-fr\/fiat-500-n-fr\/carrosserie-n-fr\/partie-arriere-carrosserie-n-fr\/traverse-entre-dossier-et-panneau-de-lassise-arriere-fiat-500-n-d-f-l-r\/#breadcrumb"},"inLanguage":"fr-FR","potentialAction":[{"@type":"ReadAction","target":["https:\/\/passione500.it\/fr\/fiat-500-fr\/fiat-500-n-fr\/carrosserie-n-fr\/partie-arriere-carrosserie-n-fr\/traverse-entre-dossier-et-panneau-de-lassise-arriere-fiat-500-n-d-f-l-r\/"]}]},{"@type":"ImageObject","inLanguage":"fr-FR","@id":"https:\/\/passione500.it\/fr\/fiat-500-fr\/fiat-500-n-fr\/carrosserie-n-fr\/partie-arriere-carrosserie-n-fr\/traverse-entre-dossier-et-panneau-de-lassise-arriere-fiat-500-n-d-f-l-r\/#primaryimage","url":"https:\/\/passione500.it\/wp-content\/uploads\/2022\/11\/IMG_6022.jpg","contentUrl":"https:\/\/passione500.it\/wp-content\/uploads\/2022\/11\/IMG_6022.jpg","width":2048,"height":1536,"caption":"traversa schienale e seduta Fiat 500"},{"@type":"BreadcrumbList","@id":"https:\/\/passione500.it\/fr\/fiat-500-fr\/fiat-500-n-fr\/carrosserie-n-fr\/partie-arriere-carrosserie-n-fr\/traverse-entre-dossier-et-panneau-de-lassise-arriere-fiat-500-n-d-f-l-r\/#breadcrumb","itemListElement":[{"@type":"ListItem","position":1,"name":"Home","item":"https:\/\/passione500.it\/fr\/"},{"@type":"ListItem","position":2,"name":"Fiat 500","item":"https:\/\/passione500.it\/fr\/fiat-500-fr\/"},{"@type":"ListItem","position":3,"name":"Fiat 500 N","item":"https:\/\/passione500.it\/fr\/fiat-500-fr\/fiat-500-n-fr\/"},{"@type":"ListItem","position":4,"name":"Carrosserie","item":"https:\/\/passione500.it\/fr\/fiat-500-fr\/fiat-500-n-fr\/carrosserie-n-fr\/"},{"@type":"ListItem","position":5,"name":"Partie arri\u00e8re","item":"https:\/\/passione500.it\/fr\/fiat-500-fr\/fiat-500-n-fr\/carrosserie-n-fr\/partie-arriere-carrosserie-n-fr\/"},{"@type":"ListItem","position":6,"name":"Traverse entre Dossier et Panneau de l\u2019Assise Arri\u00e8re Fiat 500"}]},{"@type":"WebSite","@id":"https:\/\/passione500.it\/fr\/#website","url":"https:\/\/passione500.it\/fr\/","name":"Passione 500","description":"Ricambi Fiat 500 d&#039;Epoca","publisher":{"@id":"https:\/\/passione500.it\/fr\/#organization"},"potentialAction":[{"@type":"SearchAction","target":{"@type":"EntryPoint","urlTemplate":"https:\/\/passione500.it\/fr\/?s={search_term_string}"},"query-input":{"@type":"PropertyValueSpecification","valueRequired":true,"valueName":"search_term_string"}}],"inLanguage":"fr-FR"},{"@type":"Organization","@id":"https:\/\/passione500.it\/fr\/#organization","name":"Passione 500","url":"https:\/\/passione500.it\/fr\/","logo":{"@type":"ImageObject","inLanguage":"fr-FR","@id":"https:\/\/passione500.it\/fr\/#\/schema\/logo\/image\/","url":"https:\/\/passione500.it\/wp-content\/uploads\/2025\/12\/PASSIONE-LOGO-APPROVATO.png","contentUrl":"https:\/\/passione500.it\/wp-content\/uploads\/2025\/12\/PASSIONE-LOGO-APPROVATO.png","width":348,"height":125,"caption":"Passione 500"},"image":{"@id":"https:\/\/passione500.it\/fr\/#\/schema\/logo\/image\/"}}]}},"_links":{"self":[{"href":"https:\/\/passione500.it\/fr\/wp-json\/wp\/v2\/product\/3016","targetHints":{"allow":["GET"]}}],"collection":[{"href":"https:\/\/passione500.it\/fr\/wp-json\/wp\/v2\/product"}],"about":[{"href":"https:\/\/passione500.it\/fr\/wp-json\/wp\/v2\/types\/product"}],"wp:featuredmedia":[{"embeddable":true,"href":"https:\/\/passione500.it\/fr\/wp-json\/wp\/v2\/media\/3019"}],"wp:attachment":[{"href":"https:\/\/passione500.it\/fr\/wp-json\/wp\/v2\/media?parent=3016"}],"wp:term":[{"taxonomy":"product_brand","embeddable":true,"href":"https:\/\/passione500.it\/fr\/wp-json\/wp\/v2\/product_brand?post=3016"},{"taxonomy":"product_cat","embeddable":true,"href":"https:\/\/passione500.it\/fr\/wp-json\/wp\/v2\/product_cat?post=3016"},{"taxonomy":"product_tag","embeddable":true,"href":"https:\/\/passione500.it\/fr\/wp-json\/wp\/v2\/product_tag?post=3016"}],"curies":[{"name":"wp","href":"https:\/\/api.w.org\/{rel}","templated":true}]}}