{"id":39429,"date":"2025-05-26T17:24:49","date_gmt":"2025-05-26T15:24:49","guid":{"rendered":"https:\/\/passione500.it\/?post_type=product&#038;p=39429"},"modified":"2025-05-26T18:24:44","modified_gmt":"2025-05-26T16:24:44","slug":"kit-sport-complet-de-rotule-direction-uniball-fiat-500-d-du-n-de-pieces-detachees-575439-f-l-r-giardiniera-du-n-de-pieces-detachees-108788","status":"publish","type":"product","link":"https:\/\/passione500.it\/fr\/fiat-500-fr\/fiat-500-tt-fr\/sport-pieces-tt-fr\/kit-sport-complet-de-rotule-direction-uniball-fiat-500-d-du-n-de-pieces-detachees-575439-f-l-r-giardiniera-du-n-de-pieces-detachees-108788\/","title":{"rendered":"Kit Sport Complet de Rotule Direction Uniball Fiat 500 D (du n.\u00b0 de pi\u00e8ces d\u00e9tach\u00e9es 575439) &#8211; F &#8211; L &#8211; R &#8211; Giardiniera (du n.\u00b0 de pi\u00e8ces d\u00e9tach\u00e9es 108788)"},"content":{"rendered":"<h4>Pour une voiture compl\u00e8te il est n\u00e9cessaire d&rsquo;acheter 1 kit<\/h4>\n<h4>&#8211; Pi\u00e8ce d\u00e9tach\u00e9e compatible mais non utilis\u00e9e dans la configuration d&rsquo;origine de la voiture (accessoire)<\/h4>\n<h4>V\u00e9rifiez le \u00ab\u00a0n.\u00b0 de pi\u00e8ces d\u00e9tach\u00e9es\u00a0\u00bb sur la plaque d\u2019identification du chassis en aluminium de votre voiture<\/h4>\n<p><img decoding=\"async\" class=\"alignnone wp-image-5690\" src=\"https:\/\/passione500.it\/wp-content\/uploads\/2022\/10\/nr_per-_ricambi-1-300x225.jpg\" alt=\"\" width=\"349\" height=\"262\" \/><\/p>\n","protected":false},"excerpt":{"rendered":"<p>Prodotto in offerta fino a maggio.<\/p>\n","protected":false},"featured_media":39438,"template":"","meta":{"_et_pb_use_builder":"","_et_pb_old_content":"","_et_gb_content_width":""},"product_brand":[],"product_cat":[2555,1933,1934,1935,1936,1937,1975,1976,1977,2579,1973,1974,1978,1979,2582,1980,1981,1982,1986,1987,2585,1983,1984,1985],"product_tag":[],"class_list":{"0":"post-39429","1":"product","2":"type-product","3":"status-publish","4":"has-post-thumbnail","6":"product_cat-direction-tt-fr","7":"product_cat-direction-d-fr","8":"product_cat-direction-f-fr","9":"product_cat-direction-l-fr","10":"product_cat-direction-r-fr","11":"product_cat-direction-giard-fr","12":"product_cat-sport-pieces-l-fr","13":"product_cat-sport-pieces-r-fr","14":"product_cat-sport-pieces-giard-fr","15":"product_cat-sport-pieces-tt-fr","16":"product_cat-sport-pieces-d-fr","17":"product_cat-sport-pieces-f-fr","18":"product_cat-accessoires-abarth-d-fr","19":"product_cat-accessoires-abarth-f-fr","20":"product_cat-accessoires-abarth-tt-fr","21":"product_cat-accessoires-abarth-l-fr","22":"product_cat-accessoires-abarth-r-fr","23":"product_cat-accessoires-abarth-giard-fr","24":"product_cat-accessoires-giannini-r-fr","25":"product_cat-accessoires-giannini-giard-fr","26":"product_cat-accessoires-giannini-tt-fr","27":"product_cat-accessoires-giannini-d-fr","28":"product_cat-accessoires-giannini-f-fr","29":"product_cat-accessoires-giannini-l-fr","30":"product_shipping_class-shipping-1-fr","32":"first","33":"instock","34":"taxable","35":"shipping-taxable","36":"purchasable","37":"product-type-simple"},"yoast_head":"<!-- This site is optimized with the Yoast SEO plugin v27.2 - https:\/\/yoast.com\/product\/yoast-seo-wordpress\/ -->\n<title>Kit Rotule Direction Fiat 500 | Passione 500<\/title>\n<meta name=\"description\" content=\"Retrouvez sur notre site Kit Rotule Direction pour Fiat 500. Plus de 3000 pi\u00e8ces d\u00e9tach\u00e9es disponibles en stock. PROFITEZ DE NOS OFFRES!\" \/>\n<meta name=\"robots\" content=\"index, follow, max-snippet:-1, max-image-preview:large, max-video-preview:-1\" \/>\n<link rel=\"canonical\" href=\"https:\/\/passione500.it\/fr\/fiat-500-fr\/fiat-500-tt-fr\/sport-pieces-tt-fr\/kit-sport-complet-de-rotule-direction-uniball-fiat-500-d-du-n-de-pieces-detachees-575439-f-l-r-giardiniera-du-n-de-pieces-detachees-108788\/\" \/>\n<meta property=\"og:locale\" content=\"fr_FR\" \/>\n<meta property=\"og:type\" content=\"article\" \/>\n<meta property=\"og:title\" content=\"Kit Rotule Direction Fiat 500 | Passione 500\" \/>\n<meta property=\"og:description\" content=\"Retrouvez sur notre site Kit Rotule Direction pour Fiat 500. Plus de 3000 pi\u00e8ces d\u00e9tach\u00e9es disponibles en stock. PROFITEZ DE NOS OFFRES!\" \/>\n<meta property=\"og:url\" content=\"https:\/\/passione500.it\/fr\/fiat-500-fr\/fiat-500-tt-fr\/sport-pieces-tt-fr\/kit-sport-complet-de-rotule-direction-uniball-fiat-500-d-du-n-de-pieces-detachees-575439-f-l-r-giardiniera-du-n-de-pieces-detachees-108788\/\" \/>\n<meta property=\"og:site_name\" content=\"Passione 500\" \/>\n<meta property=\"article:modified_time\" content=\"2025-05-26T16:24:44+00:00\" \/>\n<meta property=\"og:image\" content=\"https:\/\/passione500.it\/wp-content\/uploads\/2025\/05\/IMG_5700.jpg\" \/>\n\t<meta property=\"og:image:width\" content=\"2048\" \/>\n\t<meta property=\"og:image:height\" content=\"1536\" \/>\n\t<meta property=\"og:image:type\" content=\"image\/jpeg\" \/>\n<meta name=\"twitter:card\" content=\"summary_large_image\" \/>\n<meta name=\"twitter:label1\" content=\"Dur\u00e9e de lecture estim\u00e9e\" \/>\n\t<meta name=\"twitter:data1\" content=\"1 minute\" \/>\n<script type=\"application\/ld+json\" class=\"yoast-schema-graph\">{\"@context\":\"https:\/\/schema.org\",\"@graph\":[{\"@type\":\"WebPage\",\"@id\":\"https:\/\/passione500.it\/fr\/fiat-500-fr\/fiat-500-tt-fr\/sport-pieces-tt-fr\/kit-sport-complet-de-rotule-direction-uniball-fiat-500-d-du-n-de-pieces-detachees-575439-f-l-r-giardiniera-du-n-de-pieces-detachees-108788\/\",\"url\":\"https:\/\/passione500.it\/fr\/fiat-500-fr\/fiat-500-tt-fr\/sport-pieces-tt-fr\/kit-sport-complet-de-rotule-direction-uniball-fiat-500-d-du-n-de-pieces-detachees-575439-f-l-r-giardiniera-du-n-de-pieces-detachees-108788\/\",\"name\":\"Kit Rotule Direction Fiat 500 | Passione 500\",\"isPartOf\":{\"@id\":\"https:\/\/passione500.it\/fr\/#website\"},\"primaryImageOfPage\":{\"@id\":\"https:\/\/passione500.it\/fr\/fiat-500-fr\/fiat-500-tt-fr\/sport-pieces-tt-fr\/kit-sport-complet-de-rotule-direction-uniball-fiat-500-d-du-n-de-pieces-detachees-575439-f-l-r-giardiniera-du-n-de-pieces-detachees-108788\/#primaryimage\"},\"image\":{\"@id\":\"https:\/\/passione500.it\/fr\/fiat-500-fr\/fiat-500-tt-fr\/sport-pieces-tt-fr\/kit-sport-complet-de-rotule-direction-uniball-fiat-500-d-du-n-de-pieces-detachees-575439-f-l-r-giardiniera-du-n-de-pieces-detachees-108788\/#primaryimage\"},\"thumbnailUrl\":\"https:\/\/passione500.it\/wp-content\/uploads\/2025\/05\/IMG_5700.jpg\",\"datePublished\":\"2025-05-26T15:24:49+00:00\",\"dateModified\":\"2025-05-26T16:24:44+00:00\",\"description\":\"Retrouvez sur notre site Kit Rotule Direction pour Fiat 500. Plus de 3000 pi\u00e8ces d\u00e9tach\u00e9es disponibles en stock. PROFITEZ DE NOS OFFRES!\",\"breadcrumb\":{\"@id\":\"https:\/\/passione500.it\/fr\/fiat-500-fr\/fiat-500-tt-fr\/sport-pieces-tt-fr\/kit-sport-complet-de-rotule-direction-uniball-fiat-500-d-du-n-de-pieces-detachees-575439-f-l-r-giardiniera-du-n-de-pieces-detachees-108788\/#breadcrumb\"},\"inLanguage\":\"fr-FR\",\"potentialAction\":[{\"@type\":\"ReadAction\",\"target\":[\"https:\/\/passione500.it\/fr\/fiat-500-fr\/fiat-500-tt-fr\/sport-pieces-tt-fr\/kit-sport-complet-de-rotule-direction-uniball-fiat-500-d-du-n-de-pieces-detachees-575439-f-l-r-giardiniera-du-n-de-pieces-detachees-108788\/\"]}]},{\"@type\":\"ImageObject\",\"inLanguage\":\"fr-FR\",\"@id\":\"https:\/\/passione500.it\/fr\/fiat-500-fr\/fiat-500-tt-fr\/sport-pieces-tt-fr\/kit-sport-complet-de-rotule-direction-uniball-fiat-500-d-du-n-de-pieces-detachees-575439-f-l-r-giardiniera-du-n-de-pieces-detachees-108788\/#primaryimage\",\"url\":\"https:\/\/passione500.it\/wp-content\/uploads\/2025\/05\/IMG_5700.jpg\",\"contentUrl\":\"https:\/\/passione500.it\/wp-content\/uploads\/2025\/05\/IMG_5700.jpg\",\"width\":2048,\"height\":1536,\"caption\":\"kit testine sterzo uniball Fiat 500\"},{\"@type\":\"BreadcrumbList\",\"@id\":\"https:\/\/passione500.it\/fr\/fiat-500-fr\/fiat-500-tt-fr\/sport-pieces-tt-fr\/kit-sport-complet-de-rotule-direction-uniball-fiat-500-d-du-n-de-pieces-detachees-575439-f-l-r-giardiniera-du-n-de-pieces-detachees-108788\/#breadcrumb\",\"itemListElement\":[{\"@type\":\"ListItem\",\"position\":1,\"name\":\"Home\",\"item\":\"https:\/\/passione500.it\/fr\/\"},{\"@type\":\"ListItem\",\"position\":2,\"name\":\"Fiat 500\",\"item\":\"https:\/\/passione500.it\/fr\/fiat-500-fr\/\"},{\"@type\":\"ListItem\",\"position\":3,\"name\":\"Fiat 500 Tous les Mod\u00e8les\",\"item\":\"https:\/\/passione500.it\/fr\/fiat-500-fr\/fiat-500-tt-fr\/\"},{\"@type\":\"ListItem\",\"position\":4,\"name\":\"Sport Pi\u00e8ces\",\"item\":\"https:\/\/passione500.it\/fr\/fiat-500-fr\/fiat-500-tt-fr\/sport-pieces-tt-fr\/\"},{\"@type\":\"ListItem\",\"position\":5,\"name\":\"Kit Sport Complet de Rotule Direction Uniball Fiat 500 D (du n.\u00b0 de pi\u00e8ces d\u00e9tach\u00e9es 575439) &#8211; F &#8211; L &#8211; R &#8211; Giardiniera (du n.\u00b0 de pi\u00e8ces d\u00e9tach\u00e9es 108788)\"}]},{\"@type\":\"WebSite\",\"@id\":\"https:\/\/passione500.it\/fr\/#website\",\"url\":\"https:\/\/passione500.it\/fr\/\",\"name\":\"Passione 500\",\"description\":\"Ricambi Fiat 500 d&#039;Epoca\",\"publisher\":{\"@id\":\"https:\/\/passione500.it\/fr\/#organization\"},\"potentialAction\":[{\"@type\":\"SearchAction\",\"target\":{\"@type\":\"EntryPoint\",\"urlTemplate\":\"https:\/\/passione500.it\/fr\/?s={search_term_string}\"},\"query-input\":{\"@type\":\"PropertyValueSpecification\",\"valueRequired\":true,\"valueName\":\"search_term_string\"}}],\"inLanguage\":\"fr-FR\"},{\"@type\":\"Organization\",\"@id\":\"https:\/\/passione500.it\/fr\/#organization\",\"name\":\"Passione 500\",\"url\":\"https:\/\/passione500.it\/fr\/\",\"logo\":{\"@type\":\"ImageObject\",\"inLanguage\":\"fr-FR\",\"@id\":\"https:\/\/passione500.it\/fr\/#\/schema\/logo\/image\/\",\"url\":\"https:\/\/passione500.it\/wp-content\/uploads\/2025\/12\/PASSIONE-LOGO-APPROVATO.png\",\"contentUrl\":\"https:\/\/passione500.it\/wp-content\/uploads\/2025\/12\/PASSIONE-LOGO-APPROVATO.png\",\"width\":348,\"height\":125,\"caption\":\"Passione 500\"},\"image\":{\"@id\":\"https:\/\/passione500.it\/fr\/#\/schema\/logo\/image\/\"}}]}<\/script>\n<!-- \/ Yoast SEO plugin. -->","yoast_head_json":{"title":"Kit Rotule Direction Fiat 500 | Passione 500","description":"Retrouvez sur notre site Kit Rotule Direction pour Fiat 500. Plus de 3000 pi\u00e8ces d\u00e9tach\u00e9es disponibles en stock. PROFITEZ DE NOS OFFRES!","robots":{"index":"index","follow":"follow","max-snippet":"max-snippet:-1","max-image-preview":"max-image-preview:large","max-video-preview":"max-video-preview:-1"},"canonical":"https:\/\/passione500.it\/fr\/fiat-500-fr\/fiat-500-tt-fr\/sport-pieces-tt-fr\/kit-sport-complet-de-rotule-direction-uniball-fiat-500-d-du-n-de-pieces-detachees-575439-f-l-r-giardiniera-du-n-de-pieces-detachees-108788\/","og_locale":"fr_FR","og_type":"article","og_title":"Kit Rotule Direction Fiat 500 | Passione 500","og_description":"Retrouvez sur notre site Kit Rotule Direction pour Fiat 500. Plus de 3000 pi\u00e8ces d\u00e9tach\u00e9es disponibles en stock. PROFITEZ DE NOS OFFRES!","og_url":"https:\/\/passione500.it\/fr\/fiat-500-fr\/fiat-500-tt-fr\/sport-pieces-tt-fr\/kit-sport-complet-de-rotule-direction-uniball-fiat-500-d-du-n-de-pieces-detachees-575439-f-l-r-giardiniera-du-n-de-pieces-detachees-108788\/","og_site_name":"Passione 500","article_modified_time":"2025-05-26T16:24:44+00:00","og_image":[{"width":2048,"height":1536,"url":"https:\/\/passione500.it\/wp-content\/uploads\/2025\/05\/IMG_5700.jpg","type":"image\/jpeg"}],"twitter_card":"summary_large_image","twitter_misc":{"Dur\u00e9e de lecture estim\u00e9e":"1 minute"},"schema":{"@context":"https:\/\/schema.org","@graph":[{"@type":"WebPage","@id":"https:\/\/passione500.it\/fr\/fiat-500-fr\/fiat-500-tt-fr\/sport-pieces-tt-fr\/kit-sport-complet-de-rotule-direction-uniball-fiat-500-d-du-n-de-pieces-detachees-575439-f-l-r-giardiniera-du-n-de-pieces-detachees-108788\/","url":"https:\/\/passione500.it\/fr\/fiat-500-fr\/fiat-500-tt-fr\/sport-pieces-tt-fr\/kit-sport-complet-de-rotule-direction-uniball-fiat-500-d-du-n-de-pieces-detachees-575439-f-l-r-giardiniera-du-n-de-pieces-detachees-108788\/","name":"Kit Rotule Direction Fiat 500 | Passione 500","isPartOf":{"@id":"https:\/\/passione500.it\/fr\/#website"},"primaryImageOfPage":{"@id":"https:\/\/passione500.it\/fr\/fiat-500-fr\/fiat-500-tt-fr\/sport-pieces-tt-fr\/kit-sport-complet-de-rotule-direction-uniball-fiat-500-d-du-n-de-pieces-detachees-575439-f-l-r-giardiniera-du-n-de-pieces-detachees-108788\/#primaryimage"},"image":{"@id":"https:\/\/passione500.it\/fr\/fiat-500-fr\/fiat-500-tt-fr\/sport-pieces-tt-fr\/kit-sport-complet-de-rotule-direction-uniball-fiat-500-d-du-n-de-pieces-detachees-575439-f-l-r-giardiniera-du-n-de-pieces-detachees-108788\/#primaryimage"},"thumbnailUrl":"https:\/\/passione500.it\/wp-content\/uploads\/2025\/05\/IMG_5700.jpg","datePublished":"2025-05-26T15:24:49+00:00","dateModified":"2025-05-26T16:24:44+00:00","description":"Retrouvez sur notre site Kit Rotule Direction pour Fiat 500. Plus de 3000 pi\u00e8ces d\u00e9tach\u00e9es disponibles en stock. PROFITEZ DE NOS OFFRES!","breadcrumb":{"@id":"https:\/\/passione500.it\/fr\/fiat-500-fr\/fiat-500-tt-fr\/sport-pieces-tt-fr\/kit-sport-complet-de-rotule-direction-uniball-fiat-500-d-du-n-de-pieces-detachees-575439-f-l-r-giardiniera-du-n-de-pieces-detachees-108788\/#breadcrumb"},"inLanguage":"fr-FR","potentialAction":[{"@type":"ReadAction","target":["https:\/\/passione500.it\/fr\/fiat-500-fr\/fiat-500-tt-fr\/sport-pieces-tt-fr\/kit-sport-complet-de-rotule-direction-uniball-fiat-500-d-du-n-de-pieces-detachees-575439-f-l-r-giardiniera-du-n-de-pieces-detachees-108788\/"]}]},{"@type":"ImageObject","inLanguage":"fr-FR","@id":"https:\/\/passione500.it\/fr\/fiat-500-fr\/fiat-500-tt-fr\/sport-pieces-tt-fr\/kit-sport-complet-de-rotule-direction-uniball-fiat-500-d-du-n-de-pieces-detachees-575439-f-l-r-giardiniera-du-n-de-pieces-detachees-108788\/#primaryimage","url":"https:\/\/passione500.it\/wp-content\/uploads\/2025\/05\/IMG_5700.jpg","contentUrl":"https:\/\/passione500.it\/wp-content\/uploads\/2025\/05\/IMG_5700.jpg","width":2048,"height":1536,"caption":"kit testine sterzo uniball Fiat 500"},{"@type":"BreadcrumbList","@id":"https:\/\/passione500.it\/fr\/fiat-500-fr\/fiat-500-tt-fr\/sport-pieces-tt-fr\/kit-sport-complet-de-rotule-direction-uniball-fiat-500-d-du-n-de-pieces-detachees-575439-f-l-r-giardiniera-du-n-de-pieces-detachees-108788\/#breadcrumb","itemListElement":[{"@type":"ListItem","position":1,"name":"Home","item":"https:\/\/passione500.it\/fr\/"},{"@type":"ListItem","position":2,"name":"Fiat 500","item":"https:\/\/passione500.it\/fr\/fiat-500-fr\/"},{"@type":"ListItem","position":3,"name":"Fiat 500 Tous les Mod\u00e8les","item":"https:\/\/passione500.it\/fr\/fiat-500-fr\/fiat-500-tt-fr\/"},{"@type":"ListItem","position":4,"name":"Sport Pi\u00e8ces","item":"https:\/\/passione500.it\/fr\/fiat-500-fr\/fiat-500-tt-fr\/sport-pieces-tt-fr\/"},{"@type":"ListItem","position":5,"name":"Kit Sport Complet de Rotule Direction Uniball Fiat 500 D (du n.\u00b0 de pi\u00e8ces d\u00e9tach\u00e9es 575439) &#8211; F &#8211; L &#8211; R &#8211; Giardiniera (du n.\u00b0 de pi\u00e8ces d\u00e9tach\u00e9es 108788)"}]},{"@type":"WebSite","@id":"https:\/\/passione500.it\/fr\/#website","url":"https:\/\/passione500.it\/fr\/","name":"Passione 500","description":"Ricambi Fiat 500 d&#039;Epoca","publisher":{"@id":"https:\/\/passione500.it\/fr\/#organization"},"potentialAction":[{"@type":"SearchAction","target":{"@type":"EntryPoint","urlTemplate":"https:\/\/passione500.it\/fr\/?s={search_term_string}"},"query-input":{"@type":"PropertyValueSpecification","valueRequired":true,"valueName":"search_term_string"}}],"inLanguage":"fr-FR"},{"@type":"Organization","@id":"https:\/\/passione500.it\/fr\/#organization","name":"Passione 500","url":"https:\/\/passione500.it\/fr\/","logo":{"@type":"ImageObject","inLanguage":"fr-FR","@id":"https:\/\/passione500.it\/fr\/#\/schema\/logo\/image\/","url":"https:\/\/passione500.it\/wp-content\/uploads\/2025\/12\/PASSIONE-LOGO-APPROVATO.png","contentUrl":"https:\/\/passione500.it\/wp-content\/uploads\/2025\/12\/PASSIONE-LOGO-APPROVATO.png","width":348,"height":125,"caption":"Passione 500"},"image":{"@id":"https:\/\/passione500.it\/fr\/#\/schema\/logo\/image\/"}}]}},"_links":{"self":[{"href":"https:\/\/passione500.it\/fr\/wp-json\/wp\/v2\/product\/39429","targetHints":{"allow":["GET"]}}],"collection":[{"href":"https:\/\/passione500.it\/fr\/wp-json\/wp\/v2\/product"}],"about":[{"href":"https:\/\/passione500.it\/fr\/wp-json\/wp\/v2\/types\/product"}],"wp:featuredmedia":[{"embeddable":true,"href":"https:\/\/passione500.it\/fr\/wp-json\/wp\/v2\/media\/39438"}],"wp:attachment":[{"href":"https:\/\/passione500.it\/fr\/wp-json\/wp\/v2\/media?parent=39429"}],"wp:term":[{"taxonomy":"product_brand","embeddable":true,"href":"https:\/\/passione500.it\/fr\/wp-json\/wp\/v2\/product_brand?post=39429"},{"taxonomy":"product_cat","embeddable":true,"href":"https:\/\/passione500.it\/fr\/wp-json\/wp\/v2\/product_cat?post=39429"},{"taxonomy":"product_tag","embeddable":true,"href":"https:\/\/passione500.it\/fr\/wp-json\/wp\/v2\/product_tag?post=39429"}],"curies":[{"name":"wp","href":"https:\/\/api.w.org\/{rel}","templated":true}]}}