{"id":45477,"date":"2025-10-30T15:03:29","date_gmt":"2025-10-30T14:03:29","guid":{"rendered":"https:\/\/passione500.it\/?post_type=product&#038;p=45477"},"modified":"2025-10-30T15:13:37","modified_gmt":"2025-10-30T14:13:37","slug":"joint-de-poignee-externe-fiat-500-n-d-giardiniera","status":"publish","type":"product","link":"https:\/\/passione500.it\/fr\/fiat-500-fr\/fiat-500-d-fr\/poignees-et-serrures-d-fr\/poignees-et-serrures-exterieur-d-fr\/joint-de-poignee-externe-fiat-500-n-d-giardiniera\/","title":{"rendered":"Joint de Poign\u00e9e Externe Fiat 500 N &#8211; D &#8211; Giardiniera"},"content":{"rendered":"<h4>Pour une voiture compl\u00e8te il est n\u00e9cessaire d&rsquo;acheter 2 pi\u00e8ces<\/h4>\n<h4>&#8211; Pi\u00e8ce d\u00e9tach\u00e9e compatible mais non utilis\u00e9e dans la configuration d&rsquo;origine de la voiture (accessoire)<\/h4>\n","protected":false},"excerpt":{"rendered":"<p>Prodotto in offerta fino a maggio.<\/p>\n","protected":false},"featured_media":45480,"template":"","meta":{"_et_pb_use_builder":"","_et_pb_old_content":"","_et_gb_content_width":""},"product_brand":[],"product_cat":[1561,1825,2465,1829,1991,1993,1264,2591],"product_tag":[],"class_list":{"0":"post-45477","1":"product","2":"type-product","3":"status-publish","4":"has-post-thumbnail","6":"product_cat-poignees-et-serrures-exterieur-n-fr","7":"product_cat-poignees-et-serrures-exterieur-d-fr","8":"product_cat-poignees-et-serrures-exterieur-tt-fr","9":"product_cat-poignees-et-serrures-exterieur-giard-fr","10":"product_cat-vis-et-pieces-de-fixation-d-fr","11":"product_cat-vis-et-pieces-de-fixation-giard-fr","12":"product_cat-vis-et-pieces-de-fixation-n-fr","13":"product_cat-vis-et-pieces-de-fixation-tt-fr","14":"product_shipping_class-shipping-1-fr","16":"first","17":"instock","18":"taxable","19":"shipping-taxable","20":"purchasable","21":"product-type-simple"},"yoast_head":"<!-- This site is optimized with the Yoast SEO plugin v27.2 - https:\/\/yoast.com\/product\/yoast-seo-wordpress\/ -->\n<title>Joint de Poign\u00e9e Externe Fiat 500 N D Giardiniera | Passione 500<\/title>\n<meta name=\"description\" content=\"Retrouvez sur notre site Joint de Poign\u00e9e Externe pour Fiat 500 N D Giardiniera. Plus de 3000 pi\u00e8ces d\u00e9tach\u00e9es disponibles en stock. PROFITEZ DE NOS OFFRES!\" \/>\n<meta name=\"robots\" content=\"index, follow, max-snippet:-1, max-image-preview:large, max-video-preview:-1\" \/>\n<link rel=\"canonical\" href=\"https:\/\/passione500.it\/fr\/fiat-500-fr\/fiat-500-d-fr\/poignees-et-serrures-d-fr\/poignees-et-serrures-exterieur-d-fr\/joint-de-poignee-externe-fiat-500-n-d-giardiniera\/\" \/>\n<meta property=\"og:locale\" content=\"fr_FR\" \/>\n<meta property=\"og:type\" content=\"article\" \/>\n<meta property=\"og:title\" content=\"Joint de Poign\u00e9e Externe Fiat 500 N D Giardiniera | Passione 500\" \/>\n<meta property=\"og:description\" content=\"Retrouvez sur notre site Joint de Poign\u00e9e Externe pour Fiat 500 N D Giardiniera. Plus de 3000 pi\u00e8ces d\u00e9tach\u00e9es disponibles en stock. PROFITEZ DE NOS OFFRES!\" \/>\n<meta property=\"og:url\" content=\"https:\/\/passione500.it\/fr\/fiat-500-fr\/fiat-500-d-fr\/poignees-et-serrures-d-fr\/poignees-et-serrures-exterieur-d-fr\/joint-de-poignee-externe-fiat-500-n-d-giardiniera\/\" \/>\n<meta property=\"og:site_name\" content=\"Passione 500\" \/>\n<meta property=\"article:modified_time\" content=\"2025-10-30T14:13:37+00:00\" \/>\n<meta property=\"og:image\" content=\"https:\/\/passione500.it\/wp-content\/uploads\/2025\/10\/IMG_3604-2.jpg\" \/>\n\t<meta property=\"og:image:width\" content=\"2048\" \/>\n\t<meta property=\"og:image:height\" content=\"1536\" \/>\n\t<meta property=\"og:image:type\" content=\"image\/jpeg\" \/>\n<meta name=\"twitter:card\" content=\"summary_large_image\" \/>\n<meta name=\"twitter:label1\" content=\"Dur\u00e9e de lecture estim\u00e9e\" \/>\n\t<meta name=\"twitter:data1\" content=\"1 minute\" \/>\n<script type=\"application\/ld+json\" class=\"yoast-schema-graph\">{\"@context\":\"https:\/\/schema.org\",\"@graph\":[{\"@type\":\"WebPage\",\"@id\":\"https:\/\/passione500.it\/fr\/fiat-500-fr\/fiat-500-d-fr\/poignees-et-serrures-d-fr\/poignees-et-serrures-exterieur-d-fr\/joint-de-poignee-externe-fiat-500-n-d-giardiniera\/\",\"url\":\"https:\/\/passione500.it\/fr\/fiat-500-fr\/fiat-500-d-fr\/poignees-et-serrures-d-fr\/poignees-et-serrures-exterieur-d-fr\/joint-de-poignee-externe-fiat-500-n-d-giardiniera\/\",\"name\":\"Joint de Poign\u00e9e Externe Fiat 500 N D Giardiniera | Passione 500\",\"isPartOf\":{\"@id\":\"https:\/\/passione500.it\/fr\/#website\"},\"primaryImageOfPage\":{\"@id\":\"https:\/\/passione500.it\/fr\/fiat-500-fr\/fiat-500-d-fr\/poignees-et-serrures-d-fr\/poignees-et-serrures-exterieur-d-fr\/joint-de-poignee-externe-fiat-500-n-d-giardiniera\/#primaryimage\"},\"image\":{\"@id\":\"https:\/\/passione500.it\/fr\/fiat-500-fr\/fiat-500-d-fr\/poignees-et-serrures-d-fr\/poignees-et-serrures-exterieur-d-fr\/joint-de-poignee-externe-fiat-500-n-d-giardiniera\/#primaryimage\"},\"thumbnailUrl\":\"https:\/\/passione500.it\/wp-content\/uploads\/2025\/10\/IMG_3604-2.jpg\",\"datePublished\":\"2025-10-30T14:03:29+00:00\",\"dateModified\":\"2025-10-30T14:13:37+00:00\",\"description\":\"Retrouvez sur notre site Joint de Poign\u00e9e Externe pour Fiat 500 N D Giardiniera. Plus de 3000 pi\u00e8ces d\u00e9tach\u00e9es disponibles en stock. PROFITEZ DE NOS OFFRES!\",\"breadcrumb\":{\"@id\":\"https:\/\/passione500.it\/fr\/fiat-500-fr\/fiat-500-d-fr\/poignees-et-serrures-d-fr\/poignees-et-serrures-exterieur-d-fr\/joint-de-poignee-externe-fiat-500-n-d-giardiniera\/#breadcrumb\"},\"inLanguage\":\"fr-FR\",\"potentialAction\":[{\"@type\":\"ReadAction\",\"target\":[\"https:\/\/passione500.it\/fr\/fiat-500-fr\/fiat-500-d-fr\/poignees-et-serrures-d-fr\/poignees-et-serrures-exterieur-d-fr\/joint-de-poignee-externe-fiat-500-n-d-giardiniera\/\"]}]},{\"@type\":\"ImageObject\",\"inLanguage\":\"fr-FR\",\"@id\":\"https:\/\/passione500.it\/fr\/fiat-500-fr\/fiat-500-d-fr\/poignees-et-serrures-d-fr\/poignees-et-serrures-exterieur-d-fr\/joint-de-poignee-externe-fiat-500-n-d-giardiniera\/#primaryimage\",\"url\":\"https:\/\/passione500.it\/wp-content\/uploads\/2025\/10\/IMG_3604-2.jpg\",\"contentUrl\":\"https:\/\/passione500.it\/wp-content\/uploads\/2025\/10\/IMG_3604-2.jpg\",\"width\":2048,\"height\":1536,\"caption\":\"guarnizione maniglia esterna Fiat 500 N D\"},{\"@type\":\"BreadcrumbList\",\"@id\":\"https:\/\/passione500.it\/fr\/fiat-500-fr\/fiat-500-d-fr\/poignees-et-serrures-d-fr\/poignees-et-serrures-exterieur-d-fr\/joint-de-poignee-externe-fiat-500-n-d-giardiniera\/#breadcrumb\",\"itemListElement\":[{\"@type\":\"ListItem\",\"position\":1,\"name\":\"Home\",\"item\":\"https:\/\/passione500.it\/fr\/\"},{\"@type\":\"ListItem\",\"position\":2,\"name\":\"Fiat 500\",\"item\":\"https:\/\/passione500.it\/fr\/fiat-500-fr\/\"},{\"@type\":\"ListItem\",\"position\":3,\"name\":\"Fiat 500 D\",\"item\":\"https:\/\/passione500.it\/fr\/fiat-500-fr\/fiat-500-d-fr\/\"},{\"@type\":\"ListItem\",\"position\":4,\"name\":\"Poign\u00e9es et Serrures\",\"item\":\"https:\/\/passione500.it\/fr\/fiat-500-fr\/fiat-500-d-fr\/poignees-et-serrures-d-fr\/\"},{\"@type\":\"ListItem\",\"position\":5,\"name\":\"Poign\u00e9es et Serrures Ext\u00e9rieur\",\"item\":\"https:\/\/passione500.it\/fr\/fiat-500-fr\/fiat-500-d-fr\/poignees-et-serrures-d-fr\/poignees-et-serrures-exterieur-d-fr\/\"},{\"@type\":\"ListItem\",\"position\":6,\"name\":\"Joint de Poign\u00e9e Externe Fiat 500 N &#8211; D &#8211; Giardiniera\"}]},{\"@type\":\"WebSite\",\"@id\":\"https:\/\/passione500.it\/fr\/#website\",\"url\":\"https:\/\/passione500.it\/fr\/\",\"name\":\"Passione 500\",\"description\":\"Ricambi Fiat 500 d&#039;Epoca\",\"publisher\":{\"@id\":\"https:\/\/passione500.it\/fr\/#organization\"},\"potentialAction\":[{\"@type\":\"SearchAction\",\"target\":{\"@type\":\"EntryPoint\",\"urlTemplate\":\"https:\/\/passione500.it\/fr\/?s={search_term_string}\"},\"query-input\":{\"@type\":\"PropertyValueSpecification\",\"valueRequired\":true,\"valueName\":\"search_term_string\"}}],\"inLanguage\":\"fr-FR\"},{\"@type\":\"Organization\",\"@id\":\"https:\/\/passione500.it\/fr\/#organization\",\"name\":\"Passione 500\",\"url\":\"https:\/\/passione500.it\/fr\/\",\"logo\":{\"@type\":\"ImageObject\",\"inLanguage\":\"fr-FR\",\"@id\":\"https:\/\/passione500.it\/fr\/#\/schema\/logo\/image\/\",\"url\":\"https:\/\/passione500.it\/wp-content\/uploads\/2025\/12\/PASSIONE-LOGO-APPROVATO.png\",\"contentUrl\":\"https:\/\/passione500.it\/wp-content\/uploads\/2025\/12\/PASSIONE-LOGO-APPROVATO.png\",\"width\":348,\"height\":125,\"caption\":\"Passione 500\"},\"image\":{\"@id\":\"https:\/\/passione500.it\/fr\/#\/schema\/logo\/image\/\"}}]}<\/script>\n<!-- \/ Yoast SEO plugin. -->","yoast_head_json":{"title":"Joint de Poign\u00e9e Externe Fiat 500 N D Giardiniera | Passione 500","description":"Retrouvez sur notre site Joint de Poign\u00e9e Externe pour Fiat 500 N D Giardiniera. Plus de 3000 pi\u00e8ces d\u00e9tach\u00e9es disponibles en stock. PROFITEZ DE NOS OFFRES!","robots":{"index":"index","follow":"follow","max-snippet":"max-snippet:-1","max-image-preview":"max-image-preview:large","max-video-preview":"max-video-preview:-1"},"canonical":"https:\/\/passione500.it\/fr\/fiat-500-fr\/fiat-500-d-fr\/poignees-et-serrures-d-fr\/poignees-et-serrures-exterieur-d-fr\/joint-de-poignee-externe-fiat-500-n-d-giardiniera\/","og_locale":"fr_FR","og_type":"article","og_title":"Joint de Poign\u00e9e Externe Fiat 500 N D Giardiniera | Passione 500","og_description":"Retrouvez sur notre site Joint de Poign\u00e9e Externe pour Fiat 500 N D Giardiniera. Plus de 3000 pi\u00e8ces d\u00e9tach\u00e9es disponibles en stock. PROFITEZ DE NOS OFFRES!","og_url":"https:\/\/passione500.it\/fr\/fiat-500-fr\/fiat-500-d-fr\/poignees-et-serrures-d-fr\/poignees-et-serrures-exterieur-d-fr\/joint-de-poignee-externe-fiat-500-n-d-giardiniera\/","og_site_name":"Passione 500","article_modified_time":"2025-10-30T14:13:37+00:00","og_image":[{"width":2048,"height":1536,"url":"https:\/\/passione500.it\/wp-content\/uploads\/2025\/10\/IMG_3604-2.jpg","type":"image\/jpeg"}],"twitter_card":"summary_large_image","twitter_misc":{"Dur\u00e9e de lecture estim\u00e9e":"1 minute"},"schema":{"@context":"https:\/\/schema.org","@graph":[{"@type":"WebPage","@id":"https:\/\/passione500.it\/fr\/fiat-500-fr\/fiat-500-d-fr\/poignees-et-serrures-d-fr\/poignees-et-serrures-exterieur-d-fr\/joint-de-poignee-externe-fiat-500-n-d-giardiniera\/","url":"https:\/\/passione500.it\/fr\/fiat-500-fr\/fiat-500-d-fr\/poignees-et-serrures-d-fr\/poignees-et-serrures-exterieur-d-fr\/joint-de-poignee-externe-fiat-500-n-d-giardiniera\/","name":"Joint de Poign\u00e9e Externe Fiat 500 N D Giardiniera | Passione 500","isPartOf":{"@id":"https:\/\/passione500.it\/fr\/#website"},"primaryImageOfPage":{"@id":"https:\/\/passione500.it\/fr\/fiat-500-fr\/fiat-500-d-fr\/poignees-et-serrures-d-fr\/poignees-et-serrures-exterieur-d-fr\/joint-de-poignee-externe-fiat-500-n-d-giardiniera\/#primaryimage"},"image":{"@id":"https:\/\/passione500.it\/fr\/fiat-500-fr\/fiat-500-d-fr\/poignees-et-serrures-d-fr\/poignees-et-serrures-exterieur-d-fr\/joint-de-poignee-externe-fiat-500-n-d-giardiniera\/#primaryimage"},"thumbnailUrl":"https:\/\/passione500.it\/wp-content\/uploads\/2025\/10\/IMG_3604-2.jpg","datePublished":"2025-10-30T14:03:29+00:00","dateModified":"2025-10-30T14:13:37+00:00","description":"Retrouvez sur notre site Joint de Poign\u00e9e Externe pour Fiat 500 N D Giardiniera. Plus de 3000 pi\u00e8ces d\u00e9tach\u00e9es disponibles en stock. PROFITEZ DE NOS OFFRES!","breadcrumb":{"@id":"https:\/\/passione500.it\/fr\/fiat-500-fr\/fiat-500-d-fr\/poignees-et-serrures-d-fr\/poignees-et-serrures-exterieur-d-fr\/joint-de-poignee-externe-fiat-500-n-d-giardiniera\/#breadcrumb"},"inLanguage":"fr-FR","potentialAction":[{"@type":"ReadAction","target":["https:\/\/passione500.it\/fr\/fiat-500-fr\/fiat-500-d-fr\/poignees-et-serrures-d-fr\/poignees-et-serrures-exterieur-d-fr\/joint-de-poignee-externe-fiat-500-n-d-giardiniera\/"]}]},{"@type":"ImageObject","inLanguage":"fr-FR","@id":"https:\/\/passione500.it\/fr\/fiat-500-fr\/fiat-500-d-fr\/poignees-et-serrures-d-fr\/poignees-et-serrures-exterieur-d-fr\/joint-de-poignee-externe-fiat-500-n-d-giardiniera\/#primaryimage","url":"https:\/\/passione500.it\/wp-content\/uploads\/2025\/10\/IMG_3604-2.jpg","contentUrl":"https:\/\/passione500.it\/wp-content\/uploads\/2025\/10\/IMG_3604-2.jpg","width":2048,"height":1536,"caption":"guarnizione maniglia esterna Fiat 500 N D"},{"@type":"BreadcrumbList","@id":"https:\/\/passione500.it\/fr\/fiat-500-fr\/fiat-500-d-fr\/poignees-et-serrures-d-fr\/poignees-et-serrures-exterieur-d-fr\/joint-de-poignee-externe-fiat-500-n-d-giardiniera\/#breadcrumb","itemListElement":[{"@type":"ListItem","position":1,"name":"Home","item":"https:\/\/passione500.it\/fr\/"},{"@type":"ListItem","position":2,"name":"Fiat 500","item":"https:\/\/passione500.it\/fr\/fiat-500-fr\/"},{"@type":"ListItem","position":3,"name":"Fiat 500 D","item":"https:\/\/passione500.it\/fr\/fiat-500-fr\/fiat-500-d-fr\/"},{"@type":"ListItem","position":4,"name":"Poign\u00e9es et Serrures","item":"https:\/\/passione500.it\/fr\/fiat-500-fr\/fiat-500-d-fr\/poignees-et-serrures-d-fr\/"},{"@type":"ListItem","position":5,"name":"Poign\u00e9es et Serrures Ext\u00e9rieur","item":"https:\/\/passione500.it\/fr\/fiat-500-fr\/fiat-500-d-fr\/poignees-et-serrures-d-fr\/poignees-et-serrures-exterieur-d-fr\/"},{"@type":"ListItem","position":6,"name":"Joint de Poign\u00e9e Externe Fiat 500 N &#8211; D &#8211; Giardiniera"}]},{"@type":"WebSite","@id":"https:\/\/passione500.it\/fr\/#website","url":"https:\/\/passione500.it\/fr\/","name":"Passione 500","description":"Ricambi Fiat 500 d&#039;Epoca","publisher":{"@id":"https:\/\/passione500.it\/fr\/#organization"},"potentialAction":[{"@type":"SearchAction","target":{"@type":"EntryPoint","urlTemplate":"https:\/\/passione500.it\/fr\/?s={search_term_string}"},"query-input":{"@type":"PropertyValueSpecification","valueRequired":true,"valueName":"search_term_string"}}],"inLanguage":"fr-FR"},{"@type":"Organization","@id":"https:\/\/passione500.it\/fr\/#organization","name":"Passione 500","url":"https:\/\/passione500.it\/fr\/","logo":{"@type":"ImageObject","inLanguage":"fr-FR","@id":"https:\/\/passione500.it\/fr\/#\/schema\/logo\/image\/","url":"https:\/\/passione500.it\/wp-content\/uploads\/2025\/12\/PASSIONE-LOGO-APPROVATO.png","contentUrl":"https:\/\/passione500.it\/wp-content\/uploads\/2025\/12\/PASSIONE-LOGO-APPROVATO.png","width":348,"height":125,"caption":"Passione 500"},"image":{"@id":"https:\/\/passione500.it\/fr\/#\/schema\/logo\/image\/"}}]}},"_links":{"self":[{"href":"https:\/\/passione500.it\/fr\/wp-json\/wp\/v2\/product\/45477","targetHints":{"allow":["GET"]}}],"collection":[{"href":"https:\/\/passione500.it\/fr\/wp-json\/wp\/v2\/product"}],"about":[{"href":"https:\/\/passione500.it\/fr\/wp-json\/wp\/v2\/types\/product"}],"wp:featuredmedia":[{"embeddable":true,"href":"https:\/\/passione500.it\/fr\/wp-json\/wp\/v2\/media\/45480"}],"wp:attachment":[{"href":"https:\/\/passione500.it\/fr\/wp-json\/wp\/v2\/media?parent=45477"}],"wp:term":[{"taxonomy":"product_brand","embeddable":true,"href":"https:\/\/passione500.it\/fr\/wp-json\/wp\/v2\/product_brand?post=45477"},{"taxonomy":"product_cat","embeddable":true,"href":"https:\/\/passione500.it\/fr\/wp-json\/wp\/v2\/product_cat?post=45477"},{"taxonomy":"product_tag","embeddable":true,"href":"https:\/\/passione500.it\/fr\/wp-json\/wp\/v2\/product_tag?post=45477"}],"curies":[{"name":"wp","href":"https:\/\/api.w.org\/{rel}","templated":true}]}}