{"id":9920,"date":"2023-11-17T16:59:44","date_gmt":"2023-11-17T15:59:46","guid":{"rendered":"https:\/\/passione500.it\/?post_type=product&#038;p=9920"},"modified":"2023-11-17T17:06:09","modified_gmt":"2023-11-17T16:06:09","slug":"porte-cles-chrome-avec-fond-rouge-fiat-500","status":"publish","type":"product","link":"https:\/\/passione500.it\/fr\/fiat-500-fr\/fiat-500-f-fr\/poignees-et-serrures-f-fr\/poignees-et-serrures-interieur-f-fr\/porte-cles-chrome-avec-fond-rouge-fiat-500\/","title":{"rendered":"Porte Cl\u00e9s Chrom\u00e9 avec Fond Rouge Fiat 500"},"content":{"rendered":"<h4>Pour une voiture compl\u00e8te il est n\u00e9cessaire d&rsquo;acheter 1 pi\u00e8ce<\/h4>\n<p>&nbsp;<\/p>\n","protected":false},"excerpt":{"rendered":"<p>Prodotto in offerta fino a maggio.<\/p>\n","protected":false},"featured_media":9886,"template":"","meta":{"_et_pb_use_builder":"","_et_pb_old_content":"","_et_gb_content_width":""},"product_brand":[],"product_cat":[1832,1833,1561,1834,2465,1825,1826,1828,1829,1830,1831,1562,2468,1827,1977,911,1973,1974,2579,1975,1976,1994,1267,1998,1995,1996,1997,2594],"product_tag":[],"class_list":{"0":"post-9920","1":"product","2":"type-product","3":"status-publish","4":"has-post-thumbnail","6":"product_cat-poignees-et-serrures-interieur-l-fr","7":"product_cat-poignees-et-serrures-interieur-r-fr","8":"product_cat-poignees-et-serrures-exterieur-n-fr","9":"product_cat-poignees-et-serrures-interieur-giard-fr","10":"product_cat-poignees-et-serrures-exterieur-tt-fr","11":"product_cat-poignees-et-serrures-exterieur-d-fr","12":"product_cat-poignees-et-serrures-exterieur-f-fr","13":"product_cat-poignees-et-serrures-exterieur-r-fr","14":"product_cat-poignees-et-serrures-exterieur-giard-fr","15":"product_cat-poignees-et-serrures-interieur-d-fr","16":"product_cat-poignees-et-serrures-interieur-f-fr","17":"product_cat-poignees-et-serrures-interieur-n-fr","18":"product_cat-poignees-et-serrures-interieur-tt-fr","19":"product_cat-poignees-et-serrures-exterieur-l-fr","20":"product_cat-sport-pieces-giard-fr","21":"product_cat-sport-pieces-n-fr","22":"product_cat-sport-pieces-d-fr","23":"product_cat-sport-pieces-f-fr","24":"product_cat-sport-pieces-tt-fr","25":"product_cat-sport-pieces-l-fr","26":"product_cat-sport-pieces-r-fr","27":"product_cat-notice-demploi-et-gadgets-d-fr","28":"product_cat-notice-demploi-et-gadgets-n-fr","29":"product_cat-notice-demploi-et-gadgets-giard-fr","30":"product_cat-notice-demploi-et-gadgets-f-fr","31":"product_cat-notice-demploi-et-gadgets-l-fr","32":"product_cat-notice-demploi-et-gadgets-r-fr","33":"product_cat-notice-demploi-et-gadgets-tt-fr","34":"product_shipping_class-shipping-1-fr","36":"first","37":"instock","38":"taxable","39":"shipping-taxable","40":"purchasable","41":"product-type-simple"},"yoast_head":"<!-- This site is optimized with the Yoast SEO plugin v27.2 - https:\/\/yoast.com\/product\/yoast-seo-wordpress\/ -->\n<title>Porte Cl\u00e9s Fiat 500 | Passione 500<\/title>\n<meta name=\"description\" content=\"Retrouvez sur notre site Porte Cl\u00e9s pour Fiat 500. Plus de 3000 pi\u00e8ces d\u00e9tach\u00e9es disponibles en stock.PROFITEZ DE NOS OFFRES ! %\" \/>\n<meta name=\"robots\" content=\"index, follow, max-snippet:-1, max-image-preview:large, max-video-preview:-1\" \/>\n<link rel=\"canonical\" href=\"https:\/\/passione500.it\/fr\/fiat-500-fr\/fiat-500-f-fr\/poignees-et-serrures-f-fr\/poignees-et-serrures-interieur-f-fr\/porte-cles-chrome-avec-fond-rouge-fiat-500\/\" \/>\n<meta property=\"og:locale\" content=\"fr_FR\" \/>\n<meta property=\"og:type\" content=\"article\" \/>\n<meta property=\"og:title\" content=\"Porte Cl\u00e9s Fiat 500 | Passione 500\" \/>\n<meta property=\"og:description\" content=\"Retrouvez sur notre site Porte Cl\u00e9s pour Fiat 500. Plus de 3000 pi\u00e8ces d\u00e9tach\u00e9es disponibles en stock.PROFITEZ DE NOS OFFRES ! %\" \/>\n<meta property=\"og:url\" content=\"https:\/\/passione500.it\/fr\/fiat-500-fr\/fiat-500-f-fr\/poignees-et-serrures-f-fr\/poignees-et-serrures-interieur-f-fr\/porte-cles-chrome-avec-fond-rouge-fiat-500\/\" \/>\n<meta property=\"og:site_name\" content=\"Passione 500\" \/>\n<meta property=\"article:modified_time\" content=\"2023-11-17T16:06:09+00:00\" \/>\n<meta property=\"og:image\" content=\"https:\/\/passione500.it\/wp-content\/uploads\/2023\/11\/portachiavi-fiat.jpg\" \/>\n\t<meta property=\"og:image:width\" content=\"2048\" \/>\n\t<meta property=\"og:image:height\" content=\"1536\" \/>\n\t<meta property=\"og:image:type\" content=\"image\/jpeg\" \/>\n<meta name=\"twitter:card\" content=\"summary_large_image\" \/>\n<meta name=\"twitter:label1\" content=\"Dur\u00e9e de lecture estim\u00e9e\" \/>\n\t<meta name=\"twitter:data1\" content=\"1 minute\" \/>\n<script type=\"application\/ld+json\" class=\"yoast-schema-graph\">{\"@context\":\"https:\/\/schema.org\",\"@graph\":[{\"@type\":\"WebPage\",\"@id\":\"https:\/\/passione500.it\/fr\/fiat-500-fr\/fiat-500-f-fr\/poignees-et-serrures-f-fr\/poignees-et-serrures-interieur-f-fr\/porte-cles-chrome-avec-fond-rouge-fiat-500\/\",\"url\":\"https:\/\/passione500.it\/fr\/fiat-500-fr\/fiat-500-f-fr\/poignees-et-serrures-f-fr\/poignees-et-serrures-interieur-f-fr\/porte-cles-chrome-avec-fond-rouge-fiat-500\/\",\"name\":\"Porte Cl\u00e9s Fiat 500 | Passione 500\",\"isPartOf\":{\"@id\":\"https:\/\/passione500.it\/fr\/#website\"},\"primaryImageOfPage\":{\"@id\":\"https:\/\/passione500.it\/fr\/fiat-500-fr\/fiat-500-f-fr\/poignees-et-serrures-f-fr\/poignees-et-serrures-interieur-f-fr\/porte-cles-chrome-avec-fond-rouge-fiat-500\/#primaryimage\"},\"image\":{\"@id\":\"https:\/\/passione500.it\/fr\/fiat-500-fr\/fiat-500-f-fr\/poignees-et-serrures-f-fr\/poignees-et-serrures-interieur-f-fr\/porte-cles-chrome-avec-fond-rouge-fiat-500\/#primaryimage\"},\"thumbnailUrl\":\"https:\/\/passione500.it\/wp-content\/uploads\/2023\/11\/portachiavi-fiat.jpg\",\"datePublished\":\"2023-11-17T15:59:46+00:00\",\"dateModified\":\"2023-11-17T16:06:09+00:00\",\"description\":\"Retrouvez sur notre site Porte Cl\u00e9s pour Fiat 500. Plus de 3000 pi\u00e8ces d\u00e9tach\u00e9es disponibles en stock.PROFITEZ DE NOS OFFRES ! %\",\"breadcrumb\":{\"@id\":\"https:\/\/passione500.it\/fr\/fiat-500-fr\/fiat-500-f-fr\/poignees-et-serrures-f-fr\/poignees-et-serrures-interieur-f-fr\/porte-cles-chrome-avec-fond-rouge-fiat-500\/#breadcrumb\"},\"inLanguage\":\"fr-FR\",\"potentialAction\":[{\"@type\":\"ReadAction\",\"target\":[\"https:\/\/passione500.it\/fr\/fiat-500-fr\/fiat-500-f-fr\/poignees-et-serrures-f-fr\/poignees-et-serrures-interieur-f-fr\/porte-cles-chrome-avec-fond-rouge-fiat-500\/\"]}]},{\"@type\":\"ImageObject\",\"inLanguage\":\"fr-FR\",\"@id\":\"https:\/\/passione500.it\/fr\/fiat-500-fr\/fiat-500-f-fr\/poignees-et-serrures-f-fr\/poignees-et-serrures-interieur-f-fr\/porte-cles-chrome-avec-fond-rouge-fiat-500\/#primaryimage\",\"url\":\"https:\/\/passione500.it\/wp-content\/uploads\/2023\/11\/portachiavi-fiat.jpg\",\"contentUrl\":\"https:\/\/passione500.it\/wp-content\/uploads\/2023\/11\/portachiavi-fiat.jpg\",\"width\":2048,\"height\":1536,\"caption\":\"portachiavi fiat 500 cromato sfondo rosso\"},{\"@type\":\"BreadcrumbList\",\"@id\":\"https:\/\/passione500.it\/fr\/fiat-500-fr\/fiat-500-f-fr\/poignees-et-serrures-f-fr\/poignees-et-serrures-interieur-f-fr\/porte-cles-chrome-avec-fond-rouge-fiat-500\/#breadcrumb\",\"itemListElement\":[{\"@type\":\"ListItem\",\"position\":1,\"name\":\"Home\",\"item\":\"https:\/\/passione500.it\/fr\/\"},{\"@type\":\"ListItem\",\"position\":2,\"name\":\"Fiat 500\",\"item\":\"https:\/\/passione500.it\/fr\/fiat-500-fr\/\"},{\"@type\":\"ListItem\",\"position\":3,\"name\":\"Fiat 500 F\",\"item\":\"https:\/\/passione500.it\/fr\/fiat-500-fr\/fiat-500-f-fr\/\"},{\"@type\":\"ListItem\",\"position\":4,\"name\":\"Poign\u00e9es et Serrures\",\"item\":\"https:\/\/passione500.it\/fr\/fiat-500-fr\/fiat-500-f-fr\/poignees-et-serrures-f-fr\/\"},{\"@type\":\"ListItem\",\"position\":5,\"name\":\"Poign\u00e9es et Serrures Int\u00e9rieur\",\"item\":\"https:\/\/passione500.it\/fr\/fiat-500-fr\/fiat-500-f-fr\/poignees-et-serrures-f-fr\/poignees-et-serrures-interieur-f-fr\/\"},{\"@type\":\"ListItem\",\"position\":6,\"name\":\"Porte Cl\u00e9s Chrom\u00e9 avec Fond Rouge Fiat 500\"}]},{\"@type\":\"WebSite\",\"@id\":\"https:\/\/passione500.it\/fr\/#website\",\"url\":\"https:\/\/passione500.it\/fr\/\",\"name\":\"Passione 500\",\"description\":\"Ricambi Fiat 500 d&#039;Epoca\",\"publisher\":{\"@id\":\"https:\/\/passione500.it\/fr\/#organization\"},\"potentialAction\":[{\"@type\":\"SearchAction\",\"target\":{\"@type\":\"EntryPoint\",\"urlTemplate\":\"https:\/\/passione500.it\/fr\/?s={search_term_string}\"},\"query-input\":{\"@type\":\"PropertyValueSpecification\",\"valueRequired\":true,\"valueName\":\"search_term_string\"}}],\"inLanguage\":\"fr-FR\"},{\"@type\":\"Organization\",\"@id\":\"https:\/\/passione500.it\/fr\/#organization\",\"name\":\"Passione 500\",\"url\":\"https:\/\/passione500.it\/fr\/\",\"logo\":{\"@type\":\"ImageObject\",\"inLanguage\":\"fr-FR\",\"@id\":\"https:\/\/passione500.it\/fr\/#\/schema\/logo\/image\/\",\"url\":\"https:\/\/passione500.it\/wp-content\/uploads\/2025\/12\/PASSIONE-LOGO-APPROVATO.png\",\"contentUrl\":\"https:\/\/passione500.it\/wp-content\/uploads\/2025\/12\/PASSIONE-LOGO-APPROVATO.png\",\"width\":348,\"height\":125,\"caption\":\"Passione 500\"},\"image\":{\"@id\":\"https:\/\/passione500.it\/fr\/#\/schema\/logo\/image\/\"}}]}<\/script>\n<!-- \/ Yoast SEO plugin. -->","yoast_head_json":{"title":"Porte Cl\u00e9s Fiat 500 | Passione 500","description":"Retrouvez sur notre site Porte Cl\u00e9s pour Fiat 500. Plus de 3000 pi\u00e8ces d\u00e9tach\u00e9es disponibles en stock.PROFITEZ DE NOS OFFRES ! %","robots":{"index":"index","follow":"follow","max-snippet":"max-snippet:-1","max-image-preview":"max-image-preview:large","max-video-preview":"max-video-preview:-1"},"canonical":"https:\/\/passione500.it\/fr\/fiat-500-fr\/fiat-500-f-fr\/poignees-et-serrures-f-fr\/poignees-et-serrures-interieur-f-fr\/porte-cles-chrome-avec-fond-rouge-fiat-500\/","og_locale":"fr_FR","og_type":"article","og_title":"Porte Cl\u00e9s Fiat 500 | Passione 500","og_description":"Retrouvez sur notre site Porte Cl\u00e9s pour Fiat 500. Plus de 3000 pi\u00e8ces d\u00e9tach\u00e9es disponibles en stock.PROFITEZ DE NOS OFFRES ! %","og_url":"https:\/\/passione500.it\/fr\/fiat-500-fr\/fiat-500-f-fr\/poignees-et-serrures-f-fr\/poignees-et-serrures-interieur-f-fr\/porte-cles-chrome-avec-fond-rouge-fiat-500\/","og_site_name":"Passione 500","article_modified_time":"2023-11-17T16:06:09+00:00","og_image":[{"width":2048,"height":1536,"url":"https:\/\/passione500.it\/wp-content\/uploads\/2023\/11\/portachiavi-fiat.jpg","type":"image\/jpeg"}],"twitter_card":"summary_large_image","twitter_misc":{"Dur\u00e9e de lecture estim\u00e9e":"1 minute"},"schema":{"@context":"https:\/\/schema.org","@graph":[{"@type":"WebPage","@id":"https:\/\/passione500.it\/fr\/fiat-500-fr\/fiat-500-f-fr\/poignees-et-serrures-f-fr\/poignees-et-serrures-interieur-f-fr\/porte-cles-chrome-avec-fond-rouge-fiat-500\/","url":"https:\/\/passione500.it\/fr\/fiat-500-fr\/fiat-500-f-fr\/poignees-et-serrures-f-fr\/poignees-et-serrures-interieur-f-fr\/porte-cles-chrome-avec-fond-rouge-fiat-500\/","name":"Porte Cl\u00e9s Fiat 500 | Passione 500","isPartOf":{"@id":"https:\/\/passione500.it\/fr\/#website"},"primaryImageOfPage":{"@id":"https:\/\/passione500.it\/fr\/fiat-500-fr\/fiat-500-f-fr\/poignees-et-serrures-f-fr\/poignees-et-serrures-interieur-f-fr\/porte-cles-chrome-avec-fond-rouge-fiat-500\/#primaryimage"},"image":{"@id":"https:\/\/passione500.it\/fr\/fiat-500-fr\/fiat-500-f-fr\/poignees-et-serrures-f-fr\/poignees-et-serrures-interieur-f-fr\/porte-cles-chrome-avec-fond-rouge-fiat-500\/#primaryimage"},"thumbnailUrl":"https:\/\/passione500.it\/wp-content\/uploads\/2023\/11\/portachiavi-fiat.jpg","datePublished":"2023-11-17T15:59:46+00:00","dateModified":"2023-11-17T16:06:09+00:00","description":"Retrouvez sur notre site Porte Cl\u00e9s pour Fiat 500. Plus de 3000 pi\u00e8ces d\u00e9tach\u00e9es disponibles en stock.PROFITEZ DE NOS OFFRES ! %","breadcrumb":{"@id":"https:\/\/passione500.it\/fr\/fiat-500-fr\/fiat-500-f-fr\/poignees-et-serrures-f-fr\/poignees-et-serrures-interieur-f-fr\/porte-cles-chrome-avec-fond-rouge-fiat-500\/#breadcrumb"},"inLanguage":"fr-FR","potentialAction":[{"@type":"ReadAction","target":["https:\/\/passione500.it\/fr\/fiat-500-fr\/fiat-500-f-fr\/poignees-et-serrures-f-fr\/poignees-et-serrures-interieur-f-fr\/porte-cles-chrome-avec-fond-rouge-fiat-500\/"]}]},{"@type":"ImageObject","inLanguage":"fr-FR","@id":"https:\/\/passione500.it\/fr\/fiat-500-fr\/fiat-500-f-fr\/poignees-et-serrures-f-fr\/poignees-et-serrures-interieur-f-fr\/porte-cles-chrome-avec-fond-rouge-fiat-500\/#primaryimage","url":"https:\/\/passione500.it\/wp-content\/uploads\/2023\/11\/portachiavi-fiat.jpg","contentUrl":"https:\/\/passione500.it\/wp-content\/uploads\/2023\/11\/portachiavi-fiat.jpg","width":2048,"height":1536,"caption":"portachiavi fiat 500 cromato sfondo rosso"},{"@type":"BreadcrumbList","@id":"https:\/\/passione500.it\/fr\/fiat-500-fr\/fiat-500-f-fr\/poignees-et-serrures-f-fr\/poignees-et-serrures-interieur-f-fr\/porte-cles-chrome-avec-fond-rouge-fiat-500\/#breadcrumb","itemListElement":[{"@type":"ListItem","position":1,"name":"Home","item":"https:\/\/passione500.it\/fr\/"},{"@type":"ListItem","position":2,"name":"Fiat 500","item":"https:\/\/passione500.it\/fr\/fiat-500-fr\/"},{"@type":"ListItem","position":3,"name":"Fiat 500 F","item":"https:\/\/passione500.it\/fr\/fiat-500-fr\/fiat-500-f-fr\/"},{"@type":"ListItem","position":4,"name":"Poign\u00e9es et Serrures","item":"https:\/\/passione500.it\/fr\/fiat-500-fr\/fiat-500-f-fr\/poignees-et-serrures-f-fr\/"},{"@type":"ListItem","position":5,"name":"Poign\u00e9es et Serrures Int\u00e9rieur","item":"https:\/\/passione500.it\/fr\/fiat-500-fr\/fiat-500-f-fr\/poignees-et-serrures-f-fr\/poignees-et-serrures-interieur-f-fr\/"},{"@type":"ListItem","position":6,"name":"Porte Cl\u00e9s Chrom\u00e9 avec Fond Rouge Fiat 500"}]},{"@type":"WebSite","@id":"https:\/\/passione500.it\/fr\/#website","url":"https:\/\/passione500.it\/fr\/","name":"Passione 500","description":"Ricambi Fiat 500 d&#039;Epoca","publisher":{"@id":"https:\/\/passione500.it\/fr\/#organization"},"potentialAction":[{"@type":"SearchAction","target":{"@type":"EntryPoint","urlTemplate":"https:\/\/passione500.it\/fr\/?s={search_term_string}"},"query-input":{"@type":"PropertyValueSpecification","valueRequired":true,"valueName":"search_term_string"}}],"inLanguage":"fr-FR"},{"@type":"Organization","@id":"https:\/\/passione500.it\/fr\/#organization","name":"Passione 500","url":"https:\/\/passione500.it\/fr\/","logo":{"@type":"ImageObject","inLanguage":"fr-FR","@id":"https:\/\/passione500.it\/fr\/#\/schema\/logo\/image\/","url":"https:\/\/passione500.it\/wp-content\/uploads\/2025\/12\/PASSIONE-LOGO-APPROVATO.png","contentUrl":"https:\/\/passione500.it\/wp-content\/uploads\/2025\/12\/PASSIONE-LOGO-APPROVATO.png","width":348,"height":125,"caption":"Passione 500"},"image":{"@id":"https:\/\/passione500.it\/fr\/#\/schema\/logo\/image\/"}}]}},"_links":{"self":[{"href":"https:\/\/passione500.it\/fr\/wp-json\/wp\/v2\/product\/9920","targetHints":{"allow":["GET"]}}],"collection":[{"href":"https:\/\/passione500.it\/fr\/wp-json\/wp\/v2\/product"}],"about":[{"href":"https:\/\/passione500.it\/fr\/wp-json\/wp\/v2\/types\/product"}],"wp:featuredmedia":[{"embeddable":true,"href":"https:\/\/passione500.it\/fr\/wp-json\/wp\/v2\/media\/9886"}],"wp:attachment":[{"href":"https:\/\/passione500.it\/fr\/wp-json\/wp\/v2\/media?parent=9920"}],"wp:term":[{"taxonomy":"product_brand","embeddable":true,"href":"https:\/\/passione500.it\/fr\/wp-json\/wp\/v2\/product_brand?post=9920"},{"taxonomy":"product_cat","embeddable":true,"href":"https:\/\/passione500.it\/fr\/wp-json\/wp\/v2\/product_cat?post=9920"},{"taxonomy":"product_tag","embeddable":true,"href":"https:\/\/passione500.it\/fr\/wp-json\/wp\/v2\/product_tag?post=9920"}],"curies":[{"name":"wp","href":"https:\/\/api.w.org\/{rel}","templated":true}]}}